{"id":1044968,"date":"2024-10-06T16:33:25","date_gmt":"2024-10-06T14:33:25","guid":{"rendered":"https:\/\/theuog.org\/todos-los-testimonios\/"},"modified":"2024-12-03T04:13:22","modified_gmt":"2024-12-03T03:13:22","slug":"todos-los-testimonios","status":"publish","type":"page","link":"https:\/\/theuog.org\/es\/todos-los-testimonios\/","title":{"rendered":"Todos los testimonios"},"content":{"rendered":"\t\t<div data-elementor-type=\"wp-page\" data-elementor-id=\"1044968\" class=\"elementor elementor-1044968 elementor-1042420\" data-elementor-post-type=\"page\">\n\t\t\t\t\t\t<section class=\"elementor-section elementor-top-section elementor-element elementor-element-5e5baad elementor-section-boxed elementor-section-height-default elementor-section-height-default\" data-id=\"5e5baad\" data-element_type=\"section\" data-e-type=\"section\">\n\t\t\t\t\t\t<div class=\"elementor-container elementor-column-gap-default\">\n\t\t\t\t\t<div class=\"elementor-column elementor-col-100 elementor-top-column elementor-element elementor-element-cf79a8f\" data-id=\"cf79a8f\" data-element_type=\"column\" data-e-type=\"column\">\n\t\t\t<div class=\"elementor-widget-wrap elementor-element-populated\">\n\t\t\t\t\t\t<div class=\"elementor-element elementor-element-a835102 elementor-grid-eael-col-2 elementor-grid-tablet-eael-col-2 elementor-grid-mobile-eael-col-1 elementor-widget elementor-widget-eael-post-grid\" data-id=\"a835102\" data-element_type=\"widget\" data-e-type=\"widget\" data-settings=\"{&quot;eael_post_grid_columns&quot;:&quot;eael-col-2&quot;,&quot;eael_post_grid_columns_tablet&quot;:&quot;eael-col-2&quot;,&quot;eael_post_grid_columns_mobile&quot;:&quot;eael-col-1&quot;}\" data-widget_type=\"eael-post-grid.default\">\n\t\t\t\t<div class=\"elementor-widget-container\">\n\t\t\t\t\t<div id=\"eael-post-grid-a835102\" class=\"eael-post-grid-container\">\n            <div class=\"eael-post-grid eael-post-appender eael-post-appender-a835102 eael-post-grid-style-one\" data-layout-mode=\"grid\"><article class=\"eael-grid-post  eael-post-grid-column eael-pg-post-1041711 category-testimonio\" data-id=\"1041711\">\n        <div class=\"eael-grid-post-holder\">\n            <div class=\"eael-grid-post-holder-inner\"><div class=\"eael-entry-wrapper\"><header class=\"eael-entry-header\"><h2 class=\"eael-entry-title\"><a class=\"eael-grid-post-link\" href=\"https:\/\/theuog.org\/es\/de-nuevo-en-pie\/\" title=\"\u00a1DE NUEVO EN PIE!\">\u00a1DE NUEVO EN PIE!<\/a><\/h2><\/header><div class=\"eael-entry-content\">\n                        <div class=\"eael-grid-post-excerpt\"><p>Quiero compartir mi testimonio sobre una poderosa experiencia de curaci\u00f3n. Mi padre estaba gravemente enfermo en Zimbabue. Estaba tan mal que ni siquiera pod\u00eda despertarse ni comer; estaba confinado en...<\/p><a href=\"https:\/\/theuog.org\/es\/de-nuevo-en-pie\/\" class=\"eael-post-elements-readmore-btn\">Leer m\u00e1s<\/a><\/div>\n                    <\/div><div class=\"eael-entry-footer\"><div class=\"eael-entry-meta\"><\/div><\/div><\/div><\/div>\n        <\/div>\n    <\/article><article class=\"eael-grid-post  eael-post-grid-column eael-pg-post-1041710 category-testimonio\" data-id=\"1041710\">\n        <div class=\"eael-grid-post-holder\">\n            <div class=\"eael-grid-post-holder-inner\"><div class=\"eael-entry-wrapper\"><header class=\"eael-entry-header\"><h2 class=\"eael-entry-title\"><a class=\"eael-grid-post-link\" href=\"https:\/\/theuog.org\/es\/dios-restauro-mi-relacion-con-mi-padre\/\" title=\"DIOS RESTAUR\u00d3 MI RELACI\u00d3N CON MI PADRE\">DIOS RESTAUR\u00d3 MI RELACI\u00d3N CON MI PADRE<\/a><\/h2><\/header><div class=\"eael-entry-content\">\n                        <div class=\"eael-grid-post-excerpt\"><p>Quiero compartir mi testimonio, un viaje que refleja el incre\u00edble poder de la fe y la intervenci\u00f3n divina. Durante los \u00faltimos 20 a\u00f1os, mi relaci\u00f3n con mi padre ha sido...<\/p><a href=\"https:\/\/theuog.org\/es\/dios-restauro-mi-relacion-con-mi-padre\/\" class=\"eael-post-elements-readmore-btn\">Leer m\u00e1s<\/a><\/div>\n                    <\/div><div class=\"eael-entry-footer\"><div class=\"eael-entry-meta\"><\/div><\/div><\/div><\/div>\n        <\/div>\n    <\/article><article class=\"eael-grid-post  eael-post-grid-column eael-pg-post-1041708 category-testimonio\" data-id=\"1041708\">\n        <div class=\"eael-grid-post-holder\">\n            <div class=\"eael-grid-post-holder-inner\"><div class=\"eael-entry-wrapper\"><header class=\"eael-entry-header\"><h2 class=\"eael-entry-title\"><a class=\"eael-grid-post-link\" href=\"https:\/\/theuog.org\/es\/dios-abrio-puertas\/\" title=\"DIOS ABRI\u00d3 PUERTAS\">DIOS ABRI\u00d3 PUERTAS<\/a><\/h2><\/header><div class=\"eael-entry-content\">\n                        <div class=\"eael-grid-post-excerpt\"><p>Me llamo Margaret y soy socia y miembro de la familia de la Fe en la Universidad de Dios. Quiero compartir mi testimonio sobre c\u00f3mo cambi\u00f3 mi vida durante una...<\/p><a href=\"https:\/\/theuog.org\/es\/dios-abrio-puertas\/\" class=\"eael-post-elements-readmore-btn\">Leer m\u00e1s<\/a><\/div>\n                    <\/div><div class=\"eael-entry-footer\"><div class=\"eael-entry-meta\"><\/div><\/div><\/div><\/div>\n        <\/div>\n    <\/article><article class=\"eael-grid-post  eael-post-grid-column eael-pg-post-1041706 category-testimonio\" data-id=\"1041706\">\n        <div class=\"eael-grid-post-holder\">\n            <div class=\"eael-grid-post-holder-inner\"><div class=\"eael-entry-wrapper\"><header class=\"eael-entry-header\"><h2 class=\"eael-entry-title\"><a class=\"eael-grid-post-link\" href=\"https:\/\/theuog.org\/es\/avance-y-paz-de-dios\/\" title=\"AVANCE Y PAZ DE DIOS\">AVANCE Y PAZ DE DIOS<\/a><\/h2><\/header><div class=\"eael-entry-content\">\n                        <div class=\"eael-grid-post-excerpt\"><p>\u00a1Saludos celestiales! Soy Davis, de Zambia, y quiero compartir mi testimonio sobre la experiencia de la paz de Dios en mi matrimonio despu\u00e9s de ser parte de la reuni\u00f3n de...<\/p><a href=\"https:\/\/theuog.org\/es\/avance-y-paz-de-dios\/\" class=\"eael-post-elements-readmore-btn\">Leer m\u00e1s<\/a><\/div>\n                    <\/div><div class=\"eael-entry-footer\"><div class=\"eael-entry-meta\"><\/div><\/div><\/div><\/div>\n        <\/div>\n    <\/article><article class=\"eael-grid-post  eael-post-grid-column eael-pg-post-1041678 category-testimonio\" data-id=\"1041678\">\n        <div class=\"eael-grid-post-holder\">\n            <div class=\"eael-grid-post-holder-inner\"><div class=\"eael-entry-wrapper\"><header class=\"eael-entry-header\"><h2 class=\"eael-entry-title\"><a class=\"eael-grid-post-link\" href=\"https:\/\/theuog.org\/es\/adiccion-rota-gracias-a-jesus\/\" title=\"\u00a1ADICCI\u00d3N ROTA GRACIAS A JES\u00daS!\">\u00a1ADICCI\u00d3N ROTA GRACIAS A JES\u00daS!<\/a><\/h2><\/header><div class=\"eael-entry-content\">\n                        <div class=\"eael-grid-post-excerpt\"><p>Quiero compartir mi incre\u00edble experiencia con el Profeta Racine durante una sesi\u00f3n interactiva de oraci\u00f3n individual el 6 de junio de 2024. Durante a\u00f1os, luch\u00e9 con una adicci\u00f3n inusual: Ten\u00eda...<\/p><a href=\"https:\/\/theuog.org\/es\/adiccion-rota-gracias-a-jesus\/\" class=\"eael-post-elements-readmore-btn\">Leer m\u00e1s<\/a><\/div>\n                    <\/div><div class=\"eael-entry-footer\"><div class=\"eael-entry-meta\"><\/div><\/div><\/div><\/div>\n        <\/div>\n    <\/article><\/div>\n            <div class=\"clearfix\"><\/div>\n        <\/div>\t\t\t\t<\/div>\n\t\t\t\t<\/div>\n\t\t\t\t\t<\/div>\n\t\t<\/div>\n\t\t\t\t\t<\/div>\n\t\t<\/section>\n\t\t\t\t<\/div>\n\t\t","protected":false},"excerpt":{"rendered":"<p>God Located Me Heavenly greetings! My name is Fhulufhelo and I want to share my testimony about a transformative experience I had during a partners&#8217; interactive prayer session on September&#8230;<\/p>\n","protected":false},"author":1,"featured_media":0,"parent":0,"menu_order":0,"comment_status":"closed","ping_status":"closed","template":"","meta":{"footnotes":""},"class_list":["post-1044968","page","type-page","status-publish","hentry"],"yoast_head":"<!-- This site is optimized with the Yoast SEO plugin v27.3 - https:\/\/yoast.com\/product\/yoast-seo-wordpress\/ -->\n<title>Todos los testimonios - The University Of God<\/title>\n<meta name=\"robots\" content=\"index, follow, max-snippet:-1, max-image-preview:large, max-video-preview:-1\" \/>\n<link rel=\"canonical\" href=\"https:\/\/theuog.org\/es\/todos-los-testimonios\/\" \/>\n<meta property=\"og:locale\" content=\"es_ES\" \/>\n<meta property=\"og:type\" content=\"article\" \/>\n<meta property=\"og:title\" content=\"Todos los testimonios - The University Of God\" \/>\n<meta property=\"og:description\" content=\"God Located Me Heavenly greetings! My name is Fhulufhelo and I want to share my testimony about a transformative experience I had during a partners&#8217; interactive prayer session on September...\" \/>\n<meta property=\"og:url\" content=\"https:\/\/theuog.org\/es\/todos-los-testimonios\/\" \/>\n<meta property=\"og:site_name\" content=\"The University Of God\" \/>\n<meta property=\"article:modified_time\" content=\"2024-12-03T03:13:22+00:00\" \/>\n<meta name=\"twitter:card\" content=\"summary_large_image\" \/>\n<meta name=\"twitter:label1\" content=\"Tiempo de lectura\" \/>\n\t<meta name=\"twitter:data1\" content=\"2 minutos\" \/>\n<script type=\"application\/ld+json\" class=\"yoast-schema-graph\">{\"@context\":\"https:\\\/\\\/schema.org\",\"@graph\":[{\"@type\":\"WebPage\",\"@id\":\"https:\\\/\\\/theuog.org\\\/es\\\/todos-los-testimonios\\\/\",\"url\":\"https:\\\/\\\/theuog.org\\\/es\\\/todos-los-testimonios\\\/\",\"name\":\"Todos los testimonios - The University Of God\",\"isPartOf\":{\"@id\":\"https:\\\/\\\/theuog.org\\\/#website\"},\"datePublished\":\"2024-10-06T14:33:25+00:00\",\"dateModified\":\"2024-12-03T03:13:22+00:00\",\"breadcrumb\":{\"@id\":\"https:\\\/\\\/theuog.org\\\/es\\\/todos-los-testimonios\\\/#breadcrumb\"},\"inLanguage\":\"es\",\"potentialAction\":[{\"@type\":\"ReadAction\",\"target\":[\"https:\\\/\\\/theuog.org\\\/es\\\/todos-los-testimonios\\\/\"]}]},{\"@type\":\"BreadcrumbList\",\"@id\":\"https:\\\/\\\/theuog.org\\\/es\\\/todos-los-testimonios\\\/#breadcrumb\",\"itemListElement\":[{\"@type\":\"ListItem\",\"position\":1,\"name\":\"Home\",\"item\":\"https:\\\/\\\/theuog.org\\\/\"},{\"@type\":\"ListItem\",\"position\":2,\"name\":\"Todos los testimonios\"}]},{\"@type\":\"WebSite\",\"@id\":\"https:\\\/\\\/theuog.org\\\/#website\",\"url\":\"https:\\\/\\\/theuog.org\\\/\",\"name\":\"The University Of God\",\"description\":\"Sense knowledge ceases when revelation comes.\",\"publisher\":{\"@id\":\"https:\\\/\\\/theuog.org\\\/#organization\"},\"potentialAction\":[{\"@type\":\"SearchAction\",\"target\":{\"@type\":\"EntryPoint\",\"urlTemplate\":\"https:\\\/\\\/theuog.org\\\/?s={search_term_string}\"},\"query-input\":{\"@type\":\"PropertyValueSpecification\",\"valueRequired\":true,\"valueName\":\"search_term_string\"}}],\"inLanguage\":\"es\"},{\"@type\":\"Organization\",\"@id\":\"https:\\\/\\\/theuog.org\\\/#organization\",\"name\":\"The University Of God\",\"url\":\"https:\\\/\\\/theuog.org\\\/\",\"logo\":{\"@type\":\"ImageObject\",\"inLanguage\":\"es\",\"@id\":\"https:\\\/\\\/theuog.org\\\/#\\\/schema\\\/logo\\\/image\\\/\",\"url\":\"https:\\\/\\\/theuog.org\\\/wp-content\\\/uploads\\\/2022\\\/05\\\/theuog_gold_logo-top.png\",\"contentUrl\":\"https:\\\/\\\/theuog.org\\\/wp-content\\\/uploads\\\/2022\\\/05\\\/theuog_gold_logo-top.png\",\"width\":532,\"height\":170,\"caption\":\"The University Of God\"},\"image\":{\"@id\":\"https:\\\/\\\/theuog.org\\\/#\\\/schema\\\/logo\\\/image\\\/\"}}]}<\/script>\n<!-- \/ Yoast SEO plugin. -->","yoast_head_json":{"title":"Todos los testimonios - The University Of God","robots":{"index":"index","follow":"follow","max-snippet":"max-snippet:-1","max-image-preview":"max-image-preview:large","max-video-preview":"max-video-preview:-1"},"canonical":"https:\/\/theuog.org\/es\/todos-los-testimonios\/","og_locale":"es_ES","og_type":"article","og_title":"Todos los testimonios - The University Of God","og_description":"God Located Me Heavenly greetings! My name is Fhulufhelo and I want to share my testimony about a transformative experience I had during a partners&#8217; interactive prayer session on September...","og_url":"https:\/\/theuog.org\/es\/todos-los-testimonios\/","og_site_name":"The University Of God","article_modified_time":"2024-12-03T03:13:22+00:00","twitter_card":"summary_large_image","twitter_misc":{"Tiempo de lectura":"2 minutos"},"schema":{"@context":"https:\/\/schema.org","@graph":[{"@type":"WebPage","@id":"https:\/\/theuog.org\/es\/todos-los-testimonios\/","url":"https:\/\/theuog.org\/es\/todos-los-testimonios\/","name":"Todos los testimonios - The University Of God","isPartOf":{"@id":"https:\/\/theuog.org\/#website"},"datePublished":"2024-10-06T14:33:25+00:00","dateModified":"2024-12-03T03:13:22+00:00","breadcrumb":{"@id":"https:\/\/theuog.org\/es\/todos-los-testimonios\/#breadcrumb"},"inLanguage":"es","potentialAction":[{"@type":"ReadAction","target":["https:\/\/theuog.org\/es\/todos-los-testimonios\/"]}]},{"@type":"BreadcrumbList","@id":"https:\/\/theuog.org\/es\/todos-los-testimonios\/#breadcrumb","itemListElement":[{"@type":"ListItem","position":1,"name":"Home","item":"https:\/\/theuog.org\/"},{"@type":"ListItem","position":2,"name":"Todos los testimonios"}]},{"@type":"WebSite","@id":"https:\/\/theuog.org\/#website","url":"https:\/\/theuog.org\/","name":"The University Of God","description":"Sense knowledge ceases when revelation comes.","publisher":{"@id":"https:\/\/theuog.org\/#organization"},"potentialAction":[{"@type":"SearchAction","target":{"@type":"EntryPoint","urlTemplate":"https:\/\/theuog.org\/?s={search_term_string}"},"query-input":{"@type":"PropertyValueSpecification","valueRequired":true,"valueName":"search_term_string"}}],"inLanguage":"es"},{"@type":"Organization","@id":"https:\/\/theuog.org\/#organization","name":"The University Of God","url":"https:\/\/theuog.org\/","logo":{"@type":"ImageObject","inLanguage":"es","@id":"https:\/\/theuog.org\/#\/schema\/logo\/image\/","url":"https:\/\/theuog.org\/wp-content\/uploads\/2022\/05\/theuog_gold_logo-top.png","contentUrl":"https:\/\/theuog.org\/wp-content\/uploads\/2022\/05\/theuog_gold_logo-top.png","width":532,"height":170,"caption":"The University Of God"},"image":{"@id":"https:\/\/theuog.org\/#\/schema\/logo\/image\/"}}]}},"jetpack_sharing_enabled":true,"_links":{"self":[{"href":"https:\/\/theuog.org\/es\/wp-json\/wp\/v2\/pages\/1044968","targetHints":{"allow":["GET"]}}],"collection":[{"href":"https:\/\/theuog.org\/es\/wp-json\/wp\/v2\/pages"}],"about":[{"href":"https:\/\/theuog.org\/es\/wp-json\/wp\/v2\/types\/page"}],"author":[{"embeddable":true,"href":"https:\/\/theuog.org\/es\/wp-json\/wp\/v2\/users\/1"}],"replies":[{"embeddable":true,"href":"https:\/\/theuog.org\/es\/wp-json\/wp\/v2\/comments?post=1044968"}],"version-history":[{"count":1,"href":"https:\/\/theuog.org\/es\/wp-json\/wp\/v2\/pages\/1044968\/revisions"}],"predecessor-version":[{"id":1044969,"href":"https:\/\/theuog.org\/es\/wp-json\/wp\/v2\/pages\/1044968\/revisions\/1044969"}],"wp:attachment":[{"href":"https:\/\/theuog.org\/es\/wp-json\/wp\/v2\/media?parent=1044968"}],"curies":[{"name":"wp","href":"https:\/\/api.w.org\/{rel}","templated":true}]}}