{"id":990399,"date":"2022-06-15T00:15:08","date_gmt":"2022-06-14T22:15:08","guid":{"rendered":"https:\/\/theuog.org\/permanece-en-el-whatsapp\/"},"modified":"2022-12-21T15:56:42","modified_gmt":"2022-12-21T14:56:42","slug":"permanece-en-el-whatsapp","status":"publish","type":"page","link":"https:\/\/theuog.org\/es\/permanece-en-el-whatsapp\/","title":{"rendered":"Permanece en \u00c9l \/ WhatsApp"},"content":{"rendered":"\t\t<div data-elementor-type=\"wp-page\" data-elementor-id=\"990399\" class=\"elementor elementor-990399 elementor-988356\" data-elementor-post-type=\"page\">\n\t\t\t\t\t\t<section class=\"elementor-section elementor-top-section elementor-element elementor-element-a7db413 elementor-section-height-min-height elementor-section-boxed elementor-section-height-default elementor-section-items-middle\" data-id=\"a7db413\" data-element_type=\"section\" data-e-type=\"section\" data-settings=\"{&quot;background_background&quot;:&quot;classic&quot;}\">\n\t\t\t\t\t\t\t<div class=\"elementor-background-overlay\"><\/div>\n\t\t\t\t\t\t\t<div class=\"elementor-container elementor-column-gap-default\">\n\t\t\t\t\t<div class=\"elementor-column elementor-col-100 elementor-top-column elementor-element elementor-element-d71ae72\" data-id=\"d71ae72\" data-element_type=\"column\" data-e-type=\"column\" data-settings=\"{&quot;background_background&quot;:&quot;classic&quot;}\">\n\t\t\t<div class=\"elementor-widget-wrap\">\n\t\t\t\t\t\t\t<\/div>\n\t\t<\/div>\n\t\t\t\t\t<\/div>\n\t\t<\/section>\n\t\t\t\t<section class=\"elementor-section elementor-top-section elementor-element elementor-element-61c7082 elementor-section-boxed elementor-section-height-default elementor-section-height-default\" data-id=\"61c7082\" data-element_type=\"section\" data-e-type=\"section\">\n\t\t\t\t\t\t<div class=\"elementor-container elementor-column-gap-no\">\n\t\t\t\t\t<div class=\"elementor-column elementor-col-100 elementor-top-column elementor-element elementor-element-7f14322\" data-id=\"7f14322\" data-element_type=\"column\" data-e-type=\"column\">\n\t\t\t<div class=\"elementor-widget-wrap elementor-element-populated\">\n\t\t\t\t\t\t<div class=\"elementor-element elementor-element-d8fa178 elementor-widget__width-auto animated-fast elementor-invisible elementor-widget elementor-widget-heading\" data-id=\"d8fa178\" data-element_type=\"widget\" data-e-type=\"widget\" data-settings=\"{&quot;_animation&quot;:&quot;fadeIn&quot;,&quot;_animation_tablet&quot;:&quot;none&quot;,&quot;_animation_mobile&quot;:&quot;none&quot;,&quot;_animation_delay&quot;:100}\" data-widget_type=\"heading.default\">\n\t\t\t\t<div class=\"elementor-widget-container\">\n\t\t\t\t\t<h1 class=\"elementor-heading-title elementor-size-default\">Permanece en \u00c9l<\/h1>\t\t\t\t<\/div>\n\t\t\t\t<\/div>\n\t\t\t\t\t<\/div>\n\t\t<\/div>\n\t\t\t\t\t<\/div>\n\t\t<\/section>\n\t\t\t\t<section class=\"elementor-section elementor-top-section elementor-element elementor-element-bf87cfc elementor-section-boxed elementor-section-height-default elementor-section-height-default\" data-id=\"bf87cfc\" data-element_type=\"section\" data-e-type=\"section\">\n\t\t\t\t\t\t<div class=\"elementor-container elementor-column-gap-narrow\">\n\t\t\t\t\t<div class=\"elementor-column elementor-col-100 elementor-top-column elementor-element elementor-element-1703df8\" data-id=\"1703df8\" data-element_type=\"column\" data-e-type=\"column\" data-settings=\"{&quot;animation&quot;:&quot;none&quot;,&quot;animation_tablet&quot;:&quot;none&quot;,&quot;animation_mobile&quot;:&quot;none&quot;,&quot;animation_delay&quot;:200}\">\n\t\t\t<div class=\"elementor-widget-wrap elementor-element-populated\">\n\t\t\t\t\t\t<div class=\"elementor-element elementor-element-fc58de7 elementor-widget elementor-widget-text-editor\" data-id=\"fc58de7\" data-element_type=\"widget\" data-e-type=\"widget\" data-widget_type=\"text-editor.default\">\n\t\t\t\t<div class=\"elementor-widget-container\">\n\t\t\t\t\t\t\t\t\t<b><i>\u00abPermaneced en m\u00ed, y yo en vosotros. Como el p\u00e1mpano no puede llevar fruto por s\u00ed mismo, si no permanece en la vid, as\u00ed tampoco vosotros, si no permanec\u00e9is en m\u00ed\u00bb. Juan 15:4 <\/i><\/b> \n<br>\n<br>\nJes\u00fas sab\u00eda que los problemas de este mundo le robar\u00edan la paz a Sus seguidores y causar\u00edan que fallara su fe. Por esta raz\u00f3n, \u00c9l nos dio Su Palabra como un arma que el enemigo de nuestra alma no puede soportar. El problema es que lo que leemos en la Palabra de Dios contin\u00faa desapareciendo de nuestros corazones. Y es solo cuando la Palabra ha desaparecido que el adversario atenta en contra de nuestras debilidades y provoca nuestro fracaso. Cuanto m\u00e1s tengamos la Palabra de Dios en nuestro interior, estaremos mejor equipados para resistir el pecado. \u00bfC\u00f3mo podemos guardar la Palabra de Dios en nuestro coraz\u00f3n porque es solo all\u00ed donde se hace efectiva? La clave para una vida exitosa, satisfecha y victoriosa est\u00e1 descrita en Josu\u00e9 1:8. Debemos meditar de d\u00eda y de noche en la Palabra de Dios para que lo que Dios tenga que decir no siga desapareciendo sino que siga retornando. <br>\n<br>\nPara recibir contenido y actualizaciones frecuentes de La Universidad de Dios que te ayudar\u00e1n a conectarte con la Fuente Correcta, Jesucristo, y para permanecer en \u00c9l, completa tu informaci\u00f3n de contacto a continuaci\u00f3n e incluye tu n\u00famero de WhatsApp. \n<br>\t\t\t\t\t\t\t\t<\/div>\n\t\t\t\t<\/div>\n\t\t\t\t<div class=\"elementor-element elementor-element-8fa11e2 eael-contact-form-7-button-align-left eael-contact-form-7-button-custom elementor-widget elementor-widget-eael-contact-form-7\" data-id=\"8fa11e2\" data-element_type=\"widget\" data-e-type=\"widget\" data-widget_type=\"eael-contact-form-7.default\">\n\t\t\t\t<div class=\"elementor-widget-container\">\n\t\t\t\t\t<div class=\"eael-contact-form-7-wrapper\">\n                <div class=\"eael-contact-form eael-contact-form-7 eael-contact-form-8fa11e2 placeholder-show eael-contact-form-align-default\">\n<div class=\"wpcf7 no-js\" id=\"wpcf7-f990603-o1\" lang=\"es-ES\" dir=\"ltr\" data-wpcf7-id=\"990603\">\n<div class=\"screen-reader-response\"><p role=\"status\" aria-live=\"polite\" aria-atomic=\"true\"><\/p> <ul><\/ul><\/div>\n<form action=\"\/es\/wp-json\/wp\/v2\/pages\/990399#wpcf7-f990603-o1\" method=\"post\" class=\"wpcf7-form init\" aria-label=\"Formulario de contacto\" novalidate=\"novalidate\" data-status=\"init\">\n<fieldset class=\"hidden-fields-container\"><input type=\"hidden\" name=\"_wpcf7\" value=\"990603\" \/><input type=\"hidden\" name=\"_wpcf7_version\" value=\"6.1.5\" \/><input type=\"hidden\" name=\"_wpcf7_locale\" value=\"es_ES\" \/><input type=\"hidden\" name=\"_wpcf7_unit_tag\" value=\"wpcf7-f990603-o1\" \/><input type=\"hidden\" name=\"_wpcf7_container_post\" value=\"0\" \/><input type=\"hidden\" name=\"_wpcf7_posted_data_hash\" value=\"\" \/><input type=\"hidden\" name=\"_wpcf7cf_hidden_group_fields\" value=\"[]\" \/><input type=\"hidden\" name=\"_wpcf7cf_hidden_groups\" value=\"[]\" \/><input type=\"hidden\" name=\"_wpcf7cf_visible_groups\" value=\"[]\" \/><input type=\"hidden\" name=\"_wpcf7cf_repeaters\" value=\"[]\" \/><input type=\"hidden\" name=\"_wpcf7cf_steps\" value=\"{}\" \/><input type=\"hidden\" name=\"_wpcf7cf_options\" value=\"{&quot;form_id&quot;:990603,&quot;conditions&quot;:[],&quot;settings&quot;:{&quot;animation&quot;:&quot;yes&quot;,&quot;animation_intime&quot;:200,&quot;animation_outtime&quot;:200,&quot;conditions_ui&quot;:&quot;normal&quot;,&quot;notice_dismissed&quot;:true,&quot;notice_dismissed_rollback-cf7-5.8.6&quot;:true,&quot;notice_dismissed_rollback-cf7-5.8.7&quot;:true}}\" \/><input type=\"hidden\" name=\"_wpcf7_recaptcha_response\" value=\"\" \/>\n<\/fieldset>\n<div class=\"uagb-cf7_styler-col\">\n\t<p><label class=\"uagb-cf7_styler-col-1\"> T\u00edtulo<br \/>\n<span class=\"wpcf7-form-control-wrap\" data-name=\"title\"><select class=\"wpcf7-form-control wpcf7-select wpcf7-validates-as-required\" aria-required=\"true\" aria-invalid=\"false\" name=\"title\"><option value=\"\">&#8212;Por favor, elige una opci\u00f3n&#8212;<\/option><option value=\"Mr.\">Mr.<\/option><option value=\"Mrs.\">Mrs.<\/option><option value=\"Ms.\">Ms.<\/option><option value=\"Dr.\">Dr.<\/option><option value=\"Esq.\">Esq.<\/option><option value=\"Hon.\">Hon.<\/option><option value=\"Jr.\">Jr.<\/option><option value=\"Msgr.\">Msgr.<\/option><option value=\"Prof.\">Prof.<\/option><option value=\"Rev.\">Rev.<\/option><option value=\"Rt. Hon.\">Rt. Hon.<\/option><option value=\"Sr.\">Sr.<\/option><\/select><\/span><\/label>\n\t<\/p>\n<\/div>\n<div class=\"uagb-cf7_styler-col\">\n\t<p><label class=\"uagb-cf7_styler-col-1\"> Nombre<br \/>\n<span class=\"wpcf7-form-control-wrap\" data-name=\"first-name\"><input size=\"40\" maxlength=\"400\" class=\"wpcf7-form-control wpcf7-text wpcf7-validates-as-required\" aria-required=\"true\" aria-invalid=\"false\" value=\"\" type=\"text\" name=\"first-name\" \/><\/span> <\/label><br \/>\n<label class=\"uagb-cf7_styler-col-1\"> Apellido<br \/>\n<span class=\"wpcf7-form-control-wrap\" data-name=\"last-name\"><input size=\"40\" maxlength=\"400\" class=\"wpcf7-form-control wpcf7-text wpcf7-validates-as-required\" aria-required=\"true\" aria-invalid=\"false\" value=\"\" type=\"text\" name=\"last-name\" \/><\/span> <\/label>\n\t<\/p>\n<\/div>\n<div class=\"uael-cf7-col\">\n\t<p><label> Correo electr\u00f3nico<br \/>\n<span class=\"wpcf7-form-control-wrap\" data-name=\"your-email\"><input size=\"40\" maxlength=\"400\" class=\"wpcf7-form-control wpcf7-email wpcf7-validates-as-required wpcf7-text wpcf7-validates-as-email\" aria-required=\"true\" aria-invalid=\"false\" value=\"\" type=\"email\" name=\"your-email\" \/><\/span> <\/label>\n\t<\/p>\n<\/div>\n<div class=\"uael-cf7-col\">\n\t<p><label> N\u00famero de tel\u00e9fono de WhatsApp<br \/>\n<span class=\"wpcf7-form-control-wrap\" data-name=\"phone\"><input size=\"40\" class=\"wpcf7-form-control wpcf7-phonetext wpcf7-validates-as-required wpcf7-text wpcf7-validates-as-phonetext\" aria-required=\"true\" aria-invalid=\"false\" value=\"\" type=\"text\" name=\"phone\" \/><input type=\"hidden\" name=\"phone-country-code\" class=\"wpcf7-phonetext-country-code\" \/><\/span><\/label><br \/>\n<label> Pa\u00eds<br \/>\n<span class=\"wpcf7-form-control-wrap\" data-name=\"your-countryl\"><input size=\"40\" class=\"wpcf7-form-control wpcf7-countrytext wpcf7-validates-as-required wpcf7-text wpcf7-validates-as-countrytext\" aria-required=\"true\" aria-invalid=\"false\" value=\"\" type=\"text\" name=\"your-countryl\" \/><\/span> <\/label>\n\t<\/p>\n\t<div>\n\t\t<div class=\"uael-cf7-col\">\n\t\t\t<p><input class=\"wpcf7-form-control wpcf7-submit has-spinner\" type=\"submit\" value=\"Submit\" \/>\n\t\t\t<\/p>\n\t\t<\/div>\n\t<\/div>\n<\/div><p style=\"display: none !important;\" class=\"akismet-fields-container\" data-prefix=\"_wpcf7_ak_\"><label>&#916;<textarea name=\"_wpcf7_ak_hp_textarea\" cols=\"45\" rows=\"8\" maxlength=\"100\"><\/textarea><\/label><input type=\"hidden\" id=\"ak_js_1\" name=\"_wpcf7_ak_js\" value=\"23\"\/><script>document.getElementById( \"ak_js_1\" ).setAttribute( \"value\", ( new Date() ).getTime() );<\/script><\/p><div class=\"wpcf7-response-output\" aria-hidden=\"true\"><\/div>\n<\/form>\n<\/div>\n<\/div>\n            <\/div>\t\t\t\t<\/div>\n\t\t\t\t<\/div>\n\t\t\t\t\t<\/div>\n\t\t<\/div>\n\t\t\t\t\t<\/div>\n\t\t<\/section>\n\t\t\t\t<\/div>\n\t\t","protected":false},"excerpt":{"rendered":"<p>Permanece en \u00c9l \u00abPermaneced en m\u00ed, y yo en vosotros. Como el p\u00e1mpano no puede llevar fruto por s\u00ed mismo, si no permanece en la vid, as\u00ed tampoco vosotros, si&#8230;<\/p>\n","protected":false},"author":1,"featured_media":0,"parent":0,"menu_order":0,"comment_status":"closed","ping_status":"closed","template":"","meta":{"footnotes":""},"class_list":["post-990399","page","type-page","status-publish","hentry"],"yoast_head":"<!-- This site is optimized with the Yoast SEO plugin v27.4 - https:\/\/yoast.com\/product\/yoast-seo-wordpress\/ -->\n<title>Permanece en \u00c9l \/ WhatsApp - The University Of God<\/title>\n<meta name=\"robots\" content=\"index, follow, max-snippet:-1, max-image-preview:large, max-video-preview:-1\" \/>\n<link rel=\"canonical\" href=\"https:\/\/theuog.org\/contact\/remain-in-him\/\" \/>\n<meta property=\"og:locale\" content=\"es_ES\" \/>\n<meta property=\"og:type\" content=\"article\" \/>\n<meta property=\"og:title\" content=\"Permanece en \u00c9l \/ WhatsApp - The University Of God\" \/>\n<meta property=\"og:description\" content=\"Permanece en \u00c9l \u00abPermaneced en m\u00ed, y yo en vosotros. Como el p\u00e1mpano no puede llevar fruto por s\u00ed mismo, si no permanece en la vid, as\u00ed tampoco vosotros, si...\" \/>\n<meta property=\"og:url\" content=\"https:\/\/theuog.org\/contact\/remain-in-him\/\" \/>\n<meta property=\"og:site_name\" content=\"The University Of God\" \/>\n<meta property=\"article:modified_time\" content=\"2022-12-21T14:56:42+00:00\" \/>\n<meta name=\"twitter:card\" content=\"summary_large_image\" \/>\n<meta name=\"twitter:label1\" content=\"Tiempo de lectura\" \/>\n\t<meta name=\"twitter:data1\" content=\"1 minuto\" \/>\n<script type=\"application\/ld+json\" class=\"yoast-schema-graph\">{\"@context\":\"https:\\\/\\\/schema.org\",\"@graph\":[{\"@type\":\"WebPage\",\"@id\":\"https:\\\/\\\/theuog.org\\\/contact\\\/remain-in-him\\\/\",\"url\":\"https:\\\/\\\/theuog.org\\\/contact\\\/remain-in-him\\\/\",\"name\":\"Permanece en \u00c9l \\\/ WhatsApp - The University Of God\",\"isPartOf\":{\"@id\":\"https:\\\/\\\/theuog.org\\\/#website\"},\"datePublished\":\"2022-06-14T22:15:08+00:00\",\"dateModified\":\"2022-12-21T14:56:42+00:00\",\"breadcrumb\":{\"@id\":\"https:\\\/\\\/theuog.org\\\/contact\\\/remain-in-him\\\/#breadcrumb\"},\"inLanguage\":\"es\",\"potentialAction\":[{\"@type\":\"ReadAction\",\"target\":[\"https:\\\/\\\/theuog.org\\\/contact\\\/remain-in-him\\\/\"]}]},{\"@type\":\"BreadcrumbList\",\"@id\":\"https:\\\/\\\/theuog.org\\\/contact\\\/remain-in-him\\\/#breadcrumb\",\"itemListElement\":[{\"@type\":\"ListItem\",\"position\":1,\"name\":\"Home\",\"item\":\"https:\\\/\\\/theuog.org\\\/\"},{\"@type\":\"ListItem\",\"position\":2,\"name\":\"Cont\u00e1ctanos\\\/Petici\u00f3n de oraci\u00f3n\",\"item\":\"https:\\\/\\\/theuog.org\\\/contact\\\/\"},{\"@type\":\"ListItem\",\"position\":3,\"name\":\"Permanece en \u00c9l \\\/ WhatsApp\"}]},{\"@type\":\"WebSite\",\"@id\":\"https:\\\/\\\/theuog.org\\\/#website\",\"url\":\"https:\\\/\\\/theuog.org\\\/\",\"name\":\"The University Of God\",\"description\":\"Sense knowledge ceases when revelation comes.\",\"publisher\":{\"@id\":\"https:\\\/\\\/theuog.org\\\/#organization\"},\"potentialAction\":[{\"@type\":\"SearchAction\",\"target\":{\"@type\":\"EntryPoint\",\"urlTemplate\":\"https:\\\/\\\/theuog.org\\\/?s={search_term_string}\"},\"query-input\":{\"@type\":\"PropertyValueSpecification\",\"valueRequired\":true,\"valueName\":\"search_term_string\"}}],\"inLanguage\":\"es\"},{\"@type\":\"Organization\",\"@id\":\"https:\\\/\\\/theuog.org\\\/#organization\",\"name\":\"The University Of God\",\"url\":\"https:\\\/\\\/theuog.org\\\/\",\"logo\":{\"@type\":\"ImageObject\",\"inLanguage\":\"es\",\"@id\":\"https:\\\/\\\/theuog.org\\\/#\\\/schema\\\/logo\\\/image\\\/\",\"url\":\"https:\\\/\\\/theuog.org\\\/wp-content\\\/uploads\\\/2022\\\/05\\\/theuog_gold_logo-top.png\",\"contentUrl\":\"https:\\\/\\\/theuog.org\\\/wp-content\\\/uploads\\\/2022\\\/05\\\/theuog_gold_logo-top.png\",\"width\":532,\"height\":170,\"caption\":\"The University Of God\"},\"image\":{\"@id\":\"https:\\\/\\\/theuog.org\\\/#\\\/schema\\\/logo\\\/image\\\/\"}}]}<\/script>\n<!-- \/ Yoast SEO plugin. -->","yoast_head_json":{"title":"Permanece en \u00c9l \/ WhatsApp - The University Of God","robots":{"index":"index","follow":"follow","max-snippet":"max-snippet:-1","max-image-preview":"max-image-preview:large","max-video-preview":"max-video-preview:-1"},"canonical":"https:\/\/theuog.org\/contact\/remain-in-him\/","og_locale":"es_ES","og_type":"article","og_title":"Permanece en \u00c9l \/ WhatsApp - The University Of God","og_description":"Permanece en \u00c9l \u00abPermaneced en m\u00ed, y yo en vosotros. Como el p\u00e1mpano no puede llevar fruto por s\u00ed mismo, si no permanece en la vid, as\u00ed tampoco vosotros, si...","og_url":"https:\/\/theuog.org\/contact\/remain-in-him\/","og_site_name":"The University Of God","article_modified_time":"2022-12-21T14:56:42+00:00","twitter_card":"summary_large_image","twitter_misc":{"Tiempo de lectura":"1 minuto"},"schema":{"@context":"https:\/\/schema.org","@graph":[{"@type":"WebPage","@id":"https:\/\/theuog.org\/contact\/remain-in-him\/","url":"https:\/\/theuog.org\/contact\/remain-in-him\/","name":"Permanece en \u00c9l \/ WhatsApp - The University Of God","isPartOf":{"@id":"https:\/\/theuog.org\/#website"},"datePublished":"2022-06-14T22:15:08+00:00","dateModified":"2022-12-21T14:56:42+00:00","breadcrumb":{"@id":"https:\/\/theuog.org\/contact\/remain-in-him\/#breadcrumb"},"inLanguage":"es","potentialAction":[{"@type":"ReadAction","target":["https:\/\/theuog.org\/contact\/remain-in-him\/"]}]},{"@type":"BreadcrumbList","@id":"https:\/\/theuog.org\/contact\/remain-in-him\/#breadcrumb","itemListElement":[{"@type":"ListItem","position":1,"name":"Home","item":"https:\/\/theuog.org\/"},{"@type":"ListItem","position":2,"name":"Cont\u00e1ctanos\/Petici\u00f3n de oraci\u00f3n","item":"https:\/\/theuog.org\/contact\/"},{"@type":"ListItem","position":3,"name":"Permanece en \u00c9l \/ WhatsApp"}]},{"@type":"WebSite","@id":"https:\/\/theuog.org\/#website","url":"https:\/\/theuog.org\/","name":"The University Of God","description":"Sense knowledge ceases when revelation comes.","publisher":{"@id":"https:\/\/theuog.org\/#organization"},"potentialAction":[{"@type":"SearchAction","target":{"@type":"EntryPoint","urlTemplate":"https:\/\/theuog.org\/?s={search_term_string}"},"query-input":{"@type":"PropertyValueSpecification","valueRequired":true,"valueName":"search_term_string"}}],"inLanguage":"es"},{"@type":"Organization","@id":"https:\/\/theuog.org\/#organization","name":"The University Of God","url":"https:\/\/theuog.org\/","logo":{"@type":"ImageObject","inLanguage":"es","@id":"https:\/\/theuog.org\/#\/schema\/logo\/image\/","url":"https:\/\/theuog.org\/wp-content\/uploads\/2022\/05\/theuog_gold_logo-top.png","contentUrl":"https:\/\/theuog.org\/wp-content\/uploads\/2022\/05\/theuog_gold_logo-top.png","width":532,"height":170,"caption":"The University Of God"},"image":{"@id":"https:\/\/theuog.org\/#\/schema\/logo\/image\/"}}]}},"jetpack_sharing_enabled":true,"_links":{"self":[{"href":"https:\/\/theuog.org\/es\/wp-json\/wp\/v2\/pages\/990399","targetHints":{"allow":["GET"]}}],"collection":[{"href":"https:\/\/theuog.org\/es\/wp-json\/wp\/v2\/pages"}],"about":[{"href":"https:\/\/theuog.org\/es\/wp-json\/wp\/v2\/types\/page"}],"author":[{"embeddable":true,"href":"https:\/\/theuog.org\/es\/wp-json\/wp\/v2\/users\/1"}],"replies":[{"embeddable":true,"href":"https:\/\/theuog.org\/es\/wp-json\/wp\/v2\/comments?post=990399"}],"version-history":[{"count":0,"href":"https:\/\/theuog.org\/es\/wp-json\/wp\/v2\/pages\/990399\/revisions"}],"wp:attachment":[{"href":"https:\/\/theuog.org\/es\/wp-json\/wp\/v2\/media?parent=990399"}],"curies":[{"name":"wp","href":"https:\/\/api.w.org\/{rel}","templated":true}]}}