{"id":990510,"date":"2022-06-16T14:23:00","date_gmt":"2022-06-16T12:23:00","guid":{"rendered":"https:\/\/theuog.org\/la-ensenanza\/"},"modified":"2022-08-03T20:32:30","modified_gmt":"2022-08-03T18:32:30","slug":"la-ensenanza","status":"publish","type":"page","link":"https:\/\/theuog.org\/es\/la-ensenanza\/","title":{"rendered":"Ense\u00f1anzas"},"content":{"rendered":"\t\t<div data-elementor-type=\"wp-page\" data-elementor-id=\"990510\" class=\"elementor elementor-990510 elementor-988824\" data-elementor-post-type=\"page\">\n\t\t\t\t\t\t<section class=\"elementor-section elementor-top-section elementor-element elementor-element-78567fb7 elementor-section-height-min-height elementor-section-boxed elementor-section-height-default elementor-section-items-middle\" data-id=\"78567fb7\" data-element_type=\"section\" data-e-type=\"section\" data-settings=\"{&quot;background_background&quot;:&quot;classic&quot;}\">\n\t\t\t\t\t\t\t<div class=\"elementor-background-overlay\"><\/div>\n\t\t\t\t\t\t\t<div class=\"elementor-container elementor-column-gap-default\">\n\t\t\t\t\t<div class=\"elementor-column elementor-col-100 elementor-top-column elementor-element elementor-element-38a1af46\" data-id=\"38a1af46\" data-element_type=\"column\" data-e-type=\"column\" data-settings=\"{&quot;background_background&quot;:&quot;classic&quot;}\">\n\t\t\t<div class=\"elementor-widget-wrap\">\n\t\t\t\t\t\t\t<\/div>\n\t\t<\/div>\n\t\t\t\t\t<\/div>\n\t\t<\/section>\n\t\t\t\t<section class=\"elementor-section elementor-top-section elementor-element elementor-element-2806553a elementor-section-boxed elementor-section-height-default elementor-section-height-default\" data-id=\"2806553a\" data-element_type=\"section\" data-e-type=\"section\">\n\t\t\t\t\t\t<div class=\"elementor-container elementor-column-gap-no\">\n\t\t\t\t\t<div class=\"elementor-column elementor-col-50 elementor-top-column elementor-element elementor-element-721aaa9 animated-fast elementor-invisible\" data-id=\"721aaa9\" data-element_type=\"column\" data-e-type=\"column\" data-settings=\"{&quot;background_background&quot;:&quot;classic&quot;,&quot;animation&quot;:&quot;fadeIn&quot;,&quot;animation_tablet&quot;:&quot;none&quot;,&quot;animation_mobile&quot;:&quot;none&quot;,&quot;animation_delay&quot;:100}\">\n\t\t\t<div class=\"elementor-widget-wrap elementor-element-populated\">\n\t\t\t\t\t\t\t<\/div>\n\t\t<\/div>\n\t\t\t\t<div class=\"elementor-column elementor-col-50 elementor-top-column elementor-element elementor-element-6885e13a elementor-hidden-desktop elementor-hidden-tablet elementor-hidden-phone\" data-id=\"6885e13a\" data-element_type=\"column\" data-e-type=\"column\">\n\t\t\t<div class=\"elementor-widget-wrap\">\n\t\t\t\t\t\t\t<\/div>\n\t\t<\/div>\n\t\t\t\t\t<\/div>\n\t\t<\/section>\n\t\t\t\t<section class=\"elementor-section elementor-top-section elementor-element elementor-element-790787ce elementor-section-boxed elementor-section-height-default elementor-section-height-default\" data-id=\"790787ce\" data-element_type=\"section\" data-e-type=\"section\">\n\t\t\t\t\t\t<div class=\"elementor-container elementor-column-gap-no\">\n\t\t\t\t\t<div class=\"elementor-column elementor-col-66 elementor-top-column elementor-element elementor-element-300e2494\" data-id=\"300e2494\" data-element_type=\"column\" data-e-type=\"column\">\n\t\t\t<div class=\"elementor-widget-wrap elementor-element-populated\">\n\t\t\t\t\t\t<div class=\"elementor-element elementor-element-54c6a734 elementor-invisible elementor-widget elementor-widget-heading\" data-id=\"54c6a734\" data-element_type=\"widget\" data-e-type=\"widget\" data-settings=\"{&quot;_animation&quot;:&quot;fadeIn&quot;,&quot;_animation_tablet&quot;:&quot;none&quot;,&quot;_animation_mobile&quot;:&quot;none&quot;,&quot;_animation_delay&quot;:100}\" data-widget_type=\"heading.default\">\n\t\t\t\t<div class=\"elementor-widget-container\">\n\t\t\t\t\t<h3 class=\"elementor-heading-title elementor-size-default\">LA ENSE\u00d1ANZA EN LA UNIVERSIDAD DE DIOS <\/h3>\t\t\t\t<\/div>\n\t\t\t\t<\/div>\n\t\t\t\t<div class=\"elementor-element elementor-element-10cbf9d1 elementor-widget elementor-widget-text-editor\" data-id=\"10cbf9d1\" data-element_type=\"widget\" data-e-type=\"widget\" data-widget_type=\"text-editor.default\">\n\t\t\t\t<div class=\"elementor-widget-container\">\n\t\t\t\t\t\t\t\t\t<p>Al principio, Jes\u00fas le dio a la iglesia ap\u00f3stoles que hablaran la Palabra de vida y que establecieran la sana doctrina, despu\u00e9s de los ap\u00f3stoles, \u00c9l envi\u00f3 profetas a que hablaran la misma Palabra de revelaci\u00f3n a los corazones de las personas por revelaci\u00f3n. \u00c9l estableci\u00f3 pastores y envi\u00f3 evangelistas para hablar Palabras poderosas de vida. Cuando un evangelista predica, \u00e9l re\u00fane a las personas y les predica a sus corazones y es por esta raz\u00f3n que ellas entregan sus vidas a Jes\u00fas. Despu\u00e9s de hablar con esas personas, necesitas alimentarlas y llamar a los pastores quienes se encargaran de recoger a las personas y de llevarlas a iglesias vivientes. Es por esto que el evangelista dir\u00e1, \u00abVe a una iglesia viviente\u00bb. Entonces, los pastores empezar\u00e1n a alimentarlas con Palabras de vida, sin embargo, un pastor no es un maestro, \u00e9l predica y cuida. Por esta raz\u00f3n, el \u00faltimo ministerio que Jes\u00fas da es la ense\u00f1anza. Un maestro se sentar\u00e1 y tomar\u00e1 todas esas palabras para desglosarlas con el fin de que las personas entiendan su significado. Se requiere un ministerio que haga eso. Si una persona no ha recibido la ense\u00f1anza de las Escrituras, no estar\u00e1 cimentado en la Palabra. Un maestro anhela que las personas est\u00e9n cimentadas en la Palabra y sean maduras espiritualmente. Cuando t\u00fa hablas, guiado por Aquel que est\u00e1 dentro de ti, cada Palabra que hables penetrar\u00e1 el coraz\u00f3n de las personas.<\/p><p>Por generaciones, los fariseos y saduceos fueron maestros de la ley de Mois\u00e9s, sin embargo, no ten\u00edan el entendimiento espiritual de ella <i><b>(<\/b> <strong>2 Corintios 3:13-14)<\/strong><\/i>. Cuando Jes\u00fas vino, \u00c9l ten\u00eda la Palabra en Esp\u00edritu y en vida y ense\u00f1aba con poder y autoridad <strong><em>(Mateo 7:29).<\/em><\/strong> \u00c9l habl\u00f3 un mensaje que nadie hab\u00eda escuchado antes, pas\u00f3 por alto el cerebro y habl\u00f3 directo al coraz\u00f3n de las personas. \u00c9l vino para darle el significado divino a las Escrituras al penetrar la consciencia del hombre. Sus Palabras jam\u00e1s han sido limitadas por el tiempo, y as\u00ed como lo fue, es ahora: la fe viene al escuchar esta Palabra viviente. Los fariseos trataron de responder a trav\u00e9s del conocimiento sensorial: palabras vac\u00edas, historia, relatos, la letra de la ley y terminaron por dejar ir los mandamientos de Dios para aferrarse a las tradiciones del hombre <strong><em>(Marcos 7:8).<\/em><\/strong> Esta crisis en nuestra fe contin\u00faa hasta el d\u00eda de hoy. No hemos sido hechos espirituales a trav\u00e9s de teor\u00eda, historia, o filosof\u00eda de la Palabra de Dios, sino al vivir en la Palabra y por la Palabra que vive en nosotros.<\/p><p style=\"text-align: center;\"><strong><em>Y se dec\u00edan el uno al otro: \u00bfNo ard\u00eda nuestro coraz\u00f3n en nosotros, mientras nos hablaba en el camino, <br>y cuando nos abr\u00eda las Escrituras? Lucas 24:32<\/em><\/strong><\/p><p style=\"text-align: left;\">\u00bfPor cu\u00e1nto tiempo seguiremos razonando a Dios y a Su Palabra si nuestros corazones no se disponen a Su Esp\u00edritu?<\/p><p>Dios no hace nada sin Su Palabra. \u00a1Debemos ser legitimos! En otras palabras, debemos regresar al fundamento: la Santa Biblia. Es la gu\u00eda sobre la creencia y la pr\u00e1ctica para los Cristianos debido a que contiene la verdad de Cristo. Necesitamos entender la Biblia de una forma m\u00e1s clara y pr\u00e1ctica. La Biblia no es un libro ordinario, es la letra inspirada por el Esp\u00edritu Santo. Es un libro que nos lee incluso mientras lo leemos, se requiere de tipo de lectura poco com\u00fan. El conocimiento correcto de la Palabra conduce a la aplicaci\u00f3n correcta de la Palabra en nuestro vivir y caminar diario con el Se\u00f1or. Nadie puede aplicar la Palabra correctamente en su vida sin la ayuda del Esp\u00edritu Santo. Sin el poder de la gracia correspondiente del Esp\u00edritu Santo, no podemos entrar al lado pr\u00e1ctico del Cristianismo.<\/p><p>Cuando tu coraz\u00f3n est\u00e1 bloqueado, el conocimiento sensorial toma el control y no podr\u00e1s actuar con Dios. Es solo cuando la Palabra entra en nuestro coraz\u00f3n que el Esp\u00edritu act\u00faa en \u00e9l. Este es el momento de regresar a la escuela de Dios y buscar Su Esp\u00edritu.<\/p><p>\u00danete a nosotros en La Universidad de Dios. <br>El conocimiento sensorial cesa cuando la revelaci\u00f3n llega.<\/p>\t\t\t\t\t\t\t\t<\/div>\n\t\t\t\t<\/div>\n\t\t\t\t<div class=\"elementor-element elementor-element-78f14a2 elementor-widget elementor-widget-image\" data-id=\"78f14a2\" data-element_type=\"widget\" data-e-type=\"widget\" data-widget_type=\"image.default\">\n\t\t\t\t<div class=\"elementor-widget-container\">\n\t\t\t\t\t\t\t\t\t<div class=\"elementor-image\">\n\t\t\t\t\t\t\t\t\t\t\t\t\t\t\t\t\t\t\t\t\t<img decoding=\"async\" width=\"150\" height=\"150\" src=\"https:\/\/theuog.org\/wp-content\/uploads\/2022\/04\/theuog_gold_logo-150x150.png\" class=\"attachment-thumbnail size-thumbnail wp-image-528\" alt=\"\" srcset=\"https:\/\/theuog.org\/wp-content\/uploads\/2022\/04\/theuog_gold_logo-150x150.png 150w, https:\/\/theuog.org\/wp-content\/uploads\/2022\/04\/theuog_gold_logo-100x100.png 100w, https:\/\/theuog.org\/wp-content\/uploads\/2022\/04\/theuog_gold_logo-120x120.png 120w, https:\/\/theuog.org\/wp-content\/uploads\/2022\/04\/theuog_gold_logo.png 228w\" sizes=\"(max-width: 150px) 100vw, 150px\" \/>\t\t\t\t\t\t\t\t\t\t\t\t\t\t\t\t\t\t\t\t\t\t\t\t<\/div>\n\t\t\t\t\t\t\t\t<\/div>\n\t\t\t\t<\/div>\n\t\t\t\t<div class=\"elementor-element elementor-element-ac659db elementor-widget elementor-widget-heading\" data-id=\"ac659db\" data-element_type=\"widget\" data-e-type=\"widget\" data-widget_type=\"heading.default\">\n\t\t\t\t<div class=\"elementor-widget-container\">\n\t\t\t\t\t<h3 class=\"elementor-heading-title elementor-size-default\">\u00danete a nosotros en la Universidad de Dios.<\/h3>\t\t\t\t<\/div>\n\t\t\t\t<\/div>\n\t\t\t\t<section class=\"elementor-section elementor-inner-section elementor-element elementor-element-21ef29e elementor-section-boxed elementor-section-height-default elementor-section-height-default\" data-id=\"21ef29e\" data-element_type=\"section\" data-e-type=\"section\" data-settings=\"{&quot;background_background&quot;:&quot;classic&quot;}\">\n\t\t\t\t\t\t<div class=\"elementor-container elementor-column-gap-default\">\n\t\t\t\t\t<div class=\"elementor-column elementor-col-50 elementor-inner-column elementor-element elementor-element-8ec9b60\" data-id=\"8ec9b60\" data-element_type=\"column\" data-e-type=\"column\">\n\t\t\t<div class=\"elementor-widget-wrap elementor-element-populated\">\n\t\t\t\t\t\t<div class=\"elementor-element elementor-element-127afb7 elementor-widget elementor-widget-image\" data-id=\"127afb7\" data-element_type=\"widget\" data-e-type=\"widget\" data-widget_type=\"image.default\">\n\t\t\t\t<div class=\"elementor-widget-container\">\n\t\t\t\t\t\t\t\t\t<div class=\"elementor-image\">\n\t\t\t\t\t\t\t\t\t\t\t\t\t\t\t\t\t\t\t\t\t<img fetchpriority=\"high\" decoding=\"async\" width=\"300\" height=\"200\" src=\"https:\/\/theuog.org\/wp-content\/uploads\/2022\/06\/WhatsApp-Image-2022-06-14-at-19.38.20-300x200.png\" class=\"attachment-medium size-medium wp-image-988736\" alt=\"\" srcset=\"https:\/\/theuog.org\/wp-content\/uploads\/2022\/06\/WhatsApp-Image-2022-06-14-at-19.38.20-300x200.png 300w, https:\/\/theuog.org\/wp-content\/uploads\/2022\/06\/WhatsApp-Image-2022-06-14-at-19.38.20-1024x682.png 1024w, https:\/\/theuog.org\/wp-content\/uploads\/2022\/06\/WhatsApp-Image-2022-06-14-at-19.38.20-768x512.png 768w, https:\/\/theuog.org\/wp-content\/uploads\/2022\/06\/WhatsApp-Image-2022-06-14-at-19.38.20-1536x1023.png 1536w, https:\/\/theuog.org\/wp-content\/uploads\/2022\/06\/WhatsApp-Image-2022-06-14-at-19.38.20-840x560.png 840w, https:\/\/theuog.org\/wp-content\/uploads\/2022\/06\/WhatsApp-Image-2022-06-14-at-19.38.20-1260x839.png 1260w, https:\/\/theuog.org\/wp-content\/uploads\/2022\/06\/WhatsApp-Image-2022-06-14-at-19.38.20-420x280.png 420w, https:\/\/theuog.org\/wp-content\/uploads\/2022\/06\/WhatsApp-Image-2022-06-14-at-19.38.20-630x420.png 630w, https:\/\/theuog.org\/wp-content\/uploads\/2022\/06\/WhatsApp-Image-2022-06-14-at-19.38.20.png 1600w\" sizes=\"(max-width: 300px) 100vw, 300px\" \/>\t\t\t\t\t\t\t\t\t\t\t\t\t\t\t\t\t\t\t\t\t\t\t\t<\/div>\n\t\t\t\t\t\t\t\t<\/div>\n\t\t\t\t<\/div>\n\t\t\t\t\t<\/div>\n\t\t<\/div>\n\t\t\t\t<div class=\"elementor-column elementor-col-50 elementor-inner-column elementor-element elementor-element-2c9b1f6\" data-id=\"2c9b1f6\" data-element_type=\"column\" data-e-type=\"column\">\n\t\t\t<div class=\"elementor-widget-wrap\">\n\t\t\t\t\t\t\t<\/div>\n\t\t<\/div>\n\t\t\t\t\t<\/div>\n\t\t<\/section>\n\t\t\t\t\t<\/div>\n\t\t<\/div>\n\t\t\t\t<div class=\"elementor-column elementor-col-33 elementor-top-column elementor-element elementor-element-60e5cccd\" data-id=\"60e5cccd\" data-element_type=\"column\" data-e-type=\"column\">\n\t\t\t<div class=\"elementor-widget-wrap elementor-element-populated\">\n\t\t\t\t\t\t<section class=\"elementor-section elementor-inner-section elementor-element elementor-element-3eda7a6d elementor-section-full_width elementor-section-height-default elementor-section-height-default\" data-id=\"3eda7a6d\" data-element_type=\"section\" data-e-type=\"section\" data-settings=\"{&quot;background_background&quot;:&quot;classic&quot;,&quot;sticky&quot;:&quot;top&quot;,&quot;sticky_offset&quot;:150,&quot;sticky_parent&quot;:&quot;yes&quot;,&quot;sticky_on&quot;:[&quot;desktop&quot;,&quot;tablet&quot;,&quot;mobile&quot;],&quot;sticky_effects_offset&quot;:0,&quot;sticky_anchor_link_offset&quot;:0}\">\n\t\t\t\t\t\t<div class=\"elementor-container elementor-column-gap-no\">\n\t\t\t\t\t<div class=\"elementor-column elementor-col-100 elementor-inner-column elementor-element elementor-element-52a9205a\" data-id=\"52a9205a\" data-element_type=\"column\" data-e-type=\"column\" data-settings=\"{&quot;background_background&quot;:&quot;classic&quot;}\">\n\t\t\t<div class=\"elementor-widget-wrap elementor-element-populated\">\n\t\t\t\t\t\t<div class=\"elementor-element elementor-element-d9d4d38 elementor-widget elementor-widget-text-editor\" data-id=\"d9d4d38\" data-element_type=\"widget\" data-e-type=\"widget\" data-widget_type=\"text-editor.default\">\n\t\t\t\t<div class=\"elementor-widget-container\">\n\t\t\t\t\t\t\t\t\t<p><strong>DIOS SE OCULTA: <\/strong><\/p><p>LAS SERIES DEL FUNDAMENTO: UN PASO A LA ESPIRITUALIDAD<\/p>\t\t\t\t\t\t\t\t<\/div>\n\t\t\t\t<\/div>\n\t\t\t\t\t<\/div>\n\t\t<\/div>\n\t\t\t\t\t<\/div>\n\t\t<\/section>\n\t\t\t\t<section class=\"elementor-section elementor-inner-section elementor-element elementor-element-094e430 elementor-section-boxed elementor-section-height-default elementor-section-height-default\" data-id=\"094e430\" data-element_type=\"section\" data-e-type=\"section\" data-settings=\"{&quot;background_background&quot;:&quot;classic&quot;,&quot;sticky&quot;:&quot;top&quot;,&quot;sticky_offset&quot;:325,&quot;sticky_parent&quot;:&quot;yes&quot;,&quot;sticky_on&quot;:[&quot;desktop&quot;,&quot;tablet&quot;,&quot;mobile&quot;],&quot;sticky_effects_offset&quot;:0,&quot;sticky_anchor_link_offset&quot;:0}\">\n\t\t\t\t\t\t<div class=\"elementor-container elementor-column-gap-default\">\n\t\t\t\t\t<div class=\"elementor-column elementor-col-100 elementor-inner-column elementor-element elementor-element-59313bc\" data-id=\"59313bc\" data-element_type=\"column\" data-e-type=\"column\">\n\t\t\t<div class=\"elementor-widget-wrap elementor-element-populated\">\n\t\t\t\t\t\t<div class=\"elementor-element elementor-element-722b084 elementor-view-default elementor-widget elementor-widget-icon\" data-id=\"722b084\" data-element_type=\"widget\" data-e-type=\"widget\" data-widget_type=\"icon.default\">\n\t\t\t\t<div class=\"elementor-widget-container\">\n\t\t\t\t\t\t\t<div class=\"elementor-icon-wrapper\">\n\t\t\t<a class=\"elementor-icon\" href=\"https:\/\/theuog.org\/teachings\/god-hides-himself\/\">\n\t\t\t<i aria-hidden=\"true\" class=\"vamtamtheme- vamtam-theme-play\"><\/i>\t\t\t<\/a>\n\t\t<\/div>\n\t\t\t\t\t\t<\/div>\n\t\t\t\t<\/div>\n\t\t\t\t\t<\/div>\n\t\t<\/div>\n\t\t\t\t\t<\/div>\n\t\t<\/section>\n\t\t\t\t\t<\/div>\n\t\t<\/div>\n\t\t\t\t\t<\/div>\n\t\t<\/section>\n\t\t\t\t<\/div>\n\t\t","protected":false},"excerpt":{"rendered":"<p>LA ENSE\u00d1ANZA EN LA UNIVERSIDAD DE DIOS Al principio, Jes\u00fas le dio a la iglesia ap\u00f3stoles que hablaran la Palabra de vida y que establecieran la sana doctrina, despu\u00e9s de&#8230;<\/p>\n","protected":false},"author":1,"featured_media":0,"parent":0,"menu_order":0,"comment_status":"closed","ping_status":"closed","template":"elementor_header_footer","meta":{"footnotes":""},"class_list":["post-990510","page","type-page","status-publish","hentry"],"yoast_head":"<!-- This site is optimized with the Yoast SEO plugin v27.3 - https:\/\/yoast.com\/product\/yoast-seo-wordpress\/ -->\n<title>Ense\u00f1anzas - The University Of God<\/title>\n<meta name=\"robots\" content=\"index, follow, max-snippet:-1, max-image-preview:large, max-video-preview:-1\" \/>\n<link rel=\"canonical\" href=\"https:\/\/theuog.org\/teaching\/\" \/>\n<meta property=\"og:locale\" content=\"es_ES\" \/>\n<meta property=\"og:type\" content=\"article\" \/>\n<meta property=\"og:title\" content=\"Ense\u00f1anzas - The University Of God\" \/>\n<meta property=\"og:description\" content=\"LA ENSE\u00d1ANZA EN LA UNIVERSIDAD DE DIOS Al principio, Jes\u00fas le dio a la iglesia ap\u00f3stoles que hablaran la Palabra de vida y que establecieran la sana doctrina, despu\u00e9s de...\" \/>\n<meta property=\"og:url\" content=\"https:\/\/theuog.org\/teaching\/\" \/>\n<meta property=\"og:site_name\" content=\"The University Of God\" \/>\n<meta property=\"article:modified_time\" content=\"2022-08-03T18:32:30+00:00\" \/>\n<meta property=\"og:image\" content=\"https:\/\/i0.wp.com\/theuog.org\/wp-content\/uploads\/2022\/04\/theuog_gold_logo.png?resize=150%2C150&amp;ssl=1\" \/>\n<meta name=\"twitter:card\" content=\"summary_large_image\" \/>\n<meta name=\"twitter:label1\" content=\"Tiempo de lectura\" \/>\n\t<meta name=\"twitter:data1\" content=\"4 minutos\" \/>\n<script type=\"application\/ld+json\" class=\"yoast-schema-graph\">{\"@context\":\"https:\\\/\\\/schema.org\",\"@graph\":[{\"@type\":\"WebPage\",\"@id\":\"https:\\\/\\\/theuog.org\\\/teaching\\\/\",\"url\":\"https:\\\/\\\/theuog.org\\\/teaching\\\/\",\"name\":\"Ense\u00f1anzas - The University Of God\",\"isPartOf\":{\"@id\":\"https:\\\/\\\/theuog.org\\\/#website\"},\"primaryImageOfPage\":{\"@id\":\"https:\\\/\\\/theuog.org\\\/teaching\\\/#primaryimage\"},\"image\":{\"@id\":\"https:\\\/\\\/theuog.org\\\/teaching\\\/#primaryimage\"},\"thumbnailUrl\":\"https:\\\/\\\/i0.wp.com\\\/theuog.org\\\/wp-content\\\/uploads\\\/2022\\\/04\\\/theuog_gold_logo.png?resize=150%2C150&amp;ssl=1\",\"datePublished\":\"2022-06-16T12:23:00+00:00\",\"dateModified\":\"2022-08-03T18:32:30+00:00\",\"breadcrumb\":{\"@id\":\"https:\\\/\\\/theuog.org\\\/teaching\\\/#breadcrumb\"},\"inLanguage\":\"es\",\"potentialAction\":[{\"@type\":\"ReadAction\",\"target\":[\"https:\\\/\\\/theuog.org\\\/teaching\\\/\"]}]},{\"@type\":\"ImageObject\",\"inLanguage\":\"es\",\"@id\":\"https:\\\/\\\/theuog.org\\\/teaching\\\/#primaryimage\",\"url\":\"https:\\\/\\\/i0.wp.com\\\/theuog.org\\\/wp-content\\\/uploads\\\/2022\\\/04\\\/theuog_gold_logo.png?resize=150%2C150&amp;ssl=1\",\"contentUrl\":\"https:\\\/\\\/i0.wp.com\\\/theuog.org\\\/wp-content\\\/uploads\\\/2022\\\/04\\\/theuog_gold_logo.png?resize=150%2C150&amp;ssl=1\"},{\"@type\":\"BreadcrumbList\",\"@id\":\"https:\\\/\\\/theuog.org\\\/teaching\\\/#breadcrumb\",\"itemListElement\":[{\"@type\":\"ListItem\",\"position\":1,\"name\":\"Home\",\"item\":\"https:\\\/\\\/theuog.org\\\/\"},{\"@type\":\"ListItem\",\"position\":2,\"name\":\"Ense\u00f1anzas\"}]},{\"@type\":\"WebSite\",\"@id\":\"https:\\\/\\\/theuog.org\\\/#website\",\"url\":\"https:\\\/\\\/theuog.org\\\/\",\"name\":\"The University Of God\",\"description\":\"Sense knowledge ceases when revelation comes.\",\"publisher\":{\"@id\":\"https:\\\/\\\/theuog.org\\\/#organization\"},\"potentialAction\":[{\"@type\":\"SearchAction\",\"target\":{\"@type\":\"EntryPoint\",\"urlTemplate\":\"https:\\\/\\\/theuog.org\\\/?s={search_term_string}\"},\"query-input\":{\"@type\":\"PropertyValueSpecification\",\"valueRequired\":true,\"valueName\":\"search_term_string\"}}],\"inLanguage\":\"es\"},{\"@type\":\"Organization\",\"@id\":\"https:\\\/\\\/theuog.org\\\/#organization\",\"name\":\"The University Of God\",\"url\":\"https:\\\/\\\/theuog.org\\\/\",\"logo\":{\"@type\":\"ImageObject\",\"inLanguage\":\"es\",\"@id\":\"https:\\\/\\\/theuog.org\\\/#\\\/schema\\\/logo\\\/image\\\/\",\"url\":\"https:\\\/\\\/theuog.org\\\/wp-content\\\/uploads\\\/2022\\\/05\\\/theuog_gold_logo-top.png\",\"contentUrl\":\"https:\\\/\\\/theuog.org\\\/wp-content\\\/uploads\\\/2022\\\/05\\\/theuog_gold_logo-top.png\",\"width\":532,\"height\":170,\"caption\":\"The University Of God\"},\"image\":{\"@id\":\"https:\\\/\\\/theuog.org\\\/#\\\/schema\\\/logo\\\/image\\\/\"}}]}<\/script>\n<!-- \/ Yoast SEO plugin. -->","yoast_head_json":{"title":"Ense\u00f1anzas - The University Of God","robots":{"index":"index","follow":"follow","max-snippet":"max-snippet:-1","max-image-preview":"max-image-preview:large","max-video-preview":"max-video-preview:-1"},"canonical":"https:\/\/theuog.org\/teaching\/","og_locale":"es_ES","og_type":"article","og_title":"Ense\u00f1anzas - The University Of God","og_description":"LA ENSE\u00d1ANZA EN LA UNIVERSIDAD DE DIOS Al principio, Jes\u00fas le dio a la iglesia ap\u00f3stoles que hablaran la Palabra de vida y que establecieran la sana doctrina, despu\u00e9s de...","og_url":"https:\/\/theuog.org\/teaching\/","og_site_name":"The University Of God","article_modified_time":"2022-08-03T18:32:30+00:00","og_image":[{"url":"https:\/\/i0.wp.com\/theuog.org\/wp-content\/uploads\/2022\/04\/theuog_gold_logo.png?resize=150%2C150&amp;ssl=1","type":"","width":"","height":""}],"twitter_card":"summary_large_image","twitter_misc":{"Tiempo de lectura":"4 minutos"},"schema":{"@context":"https:\/\/schema.org","@graph":[{"@type":"WebPage","@id":"https:\/\/theuog.org\/teaching\/","url":"https:\/\/theuog.org\/teaching\/","name":"Ense\u00f1anzas - The University Of God","isPartOf":{"@id":"https:\/\/theuog.org\/#website"},"primaryImageOfPage":{"@id":"https:\/\/theuog.org\/teaching\/#primaryimage"},"image":{"@id":"https:\/\/theuog.org\/teaching\/#primaryimage"},"thumbnailUrl":"https:\/\/i0.wp.com\/theuog.org\/wp-content\/uploads\/2022\/04\/theuog_gold_logo.png?resize=150%2C150&amp;ssl=1","datePublished":"2022-06-16T12:23:00+00:00","dateModified":"2022-08-03T18:32:30+00:00","breadcrumb":{"@id":"https:\/\/theuog.org\/teaching\/#breadcrumb"},"inLanguage":"es","potentialAction":[{"@type":"ReadAction","target":["https:\/\/theuog.org\/teaching\/"]}]},{"@type":"ImageObject","inLanguage":"es","@id":"https:\/\/theuog.org\/teaching\/#primaryimage","url":"https:\/\/i0.wp.com\/theuog.org\/wp-content\/uploads\/2022\/04\/theuog_gold_logo.png?resize=150%2C150&amp;ssl=1","contentUrl":"https:\/\/i0.wp.com\/theuog.org\/wp-content\/uploads\/2022\/04\/theuog_gold_logo.png?resize=150%2C150&amp;ssl=1"},{"@type":"BreadcrumbList","@id":"https:\/\/theuog.org\/teaching\/#breadcrumb","itemListElement":[{"@type":"ListItem","position":1,"name":"Home","item":"https:\/\/theuog.org\/"},{"@type":"ListItem","position":2,"name":"Ense\u00f1anzas"}]},{"@type":"WebSite","@id":"https:\/\/theuog.org\/#website","url":"https:\/\/theuog.org\/","name":"The University Of God","description":"Sense knowledge ceases when revelation comes.","publisher":{"@id":"https:\/\/theuog.org\/#organization"},"potentialAction":[{"@type":"SearchAction","target":{"@type":"EntryPoint","urlTemplate":"https:\/\/theuog.org\/?s={search_term_string}"},"query-input":{"@type":"PropertyValueSpecification","valueRequired":true,"valueName":"search_term_string"}}],"inLanguage":"es"},{"@type":"Organization","@id":"https:\/\/theuog.org\/#organization","name":"The University Of God","url":"https:\/\/theuog.org\/","logo":{"@type":"ImageObject","inLanguage":"es","@id":"https:\/\/theuog.org\/#\/schema\/logo\/image\/","url":"https:\/\/theuog.org\/wp-content\/uploads\/2022\/05\/theuog_gold_logo-top.png","contentUrl":"https:\/\/theuog.org\/wp-content\/uploads\/2022\/05\/theuog_gold_logo-top.png","width":532,"height":170,"caption":"The University Of God"},"image":{"@id":"https:\/\/theuog.org\/#\/schema\/logo\/image\/"}}]}},"jetpack_sharing_enabled":true,"_links":{"self":[{"href":"https:\/\/theuog.org\/es\/wp-json\/wp\/v2\/pages\/990510","targetHints":{"allow":["GET"]}}],"collection":[{"href":"https:\/\/theuog.org\/es\/wp-json\/wp\/v2\/pages"}],"about":[{"href":"https:\/\/theuog.org\/es\/wp-json\/wp\/v2\/types\/page"}],"author":[{"embeddable":true,"href":"https:\/\/theuog.org\/es\/wp-json\/wp\/v2\/users\/1"}],"replies":[{"embeddable":true,"href":"https:\/\/theuog.org\/es\/wp-json\/wp\/v2\/comments?post=990510"}],"version-history":[{"count":0,"href":"https:\/\/theuog.org\/es\/wp-json\/wp\/v2\/pages\/990510\/revisions"}],"wp:attachment":[{"href":"https:\/\/theuog.org\/es\/wp-json\/wp\/v2\/media?parent=990510"}],"curies":[{"name":"wp","href":"https:\/\/api.w.org\/{rel}","templated":true}]}}