{"id":990610,"date":"2021-01-02T11:43:24","date_gmt":"2021-01-02T10:43:24","guid":{"rendered":"https:\/\/theuog.org\/contactanos-peticion-de-oracion\/"},"modified":"2022-12-21T15:57:06","modified_gmt":"2022-12-21T14:57:06","slug":"contactanos-peticion-de-oracion","status":"publish","type":"page","link":"https:\/\/theuog.org\/es\/contactanos-peticion-de-oracion\/","title":{"rendered":"Cont\u00e1ctanos\/Petici\u00f3n de oraci\u00f3n"},"content":{"rendered":"\t\t<div data-elementor-type=\"wp-page\" data-elementor-id=\"990610\" class=\"elementor elementor-990610 elementor-11102\" data-elementor-post-type=\"page\">\n\t\t\t\t\t\t<section class=\"elementor-section elementor-top-section elementor-element elementor-element-a7db413 elementor-section-height-min-height elementor-section-boxed elementor-section-height-default elementor-section-items-middle\" data-id=\"a7db413\" data-element_type=\"section\" data-e-type=\"section\" data-settings=\"{&quot;background_background&quot;:&quot;classic&quot;}\">\n\t\t\t\t\t\t<div class=\"elementor-container elementor-column-gap-default\">\n\t\t\t\t\t<div class=\"elementor-column elementor-col-100 elementor-top-column elementor-element elementor-element-d71ae72\" data-id=\"d71ae72\" data-element_type=\"column\" data-e-type=\"column\" data-settings=\"{&quot;background_background&quot;:&quot;classic&quot;}\">\n\t\t\t<div class=\"elementor-widget-wrap\">\n\t\t\t\t\t\t\t<\/div>\n\t\t<\/div>\n\t\t\t\t\t<\/div>\n\t\t<\/section>\n\t\t\t\t<section class=\"elementor-section elementor-top-section elementor-element elementor-element-61c7082 elementor-section-boxed elementor-section-height-default elementor-section-height-default\" data-id=\"61c7082\" data-element_type=\"section\" data-e-type=\"section\">\n\t\t\t\t\t\t<div class=\"elementor-container elementor-column-gap-no\">\n\t\t\t\t\t<div class=\"elementor-column elementor-col-100 elementor-top-column elementor-element elementor-element-7f14322\" data-id=\"7f14322\" data-element_type=\"column\" data-e-type=\"column\">\n\t\t\t<div class=\"elementor-widget-wrap elementor-element-populated\">\n\t\t\t\t\t\t<div class=\"elementor-element elementor-element-d8fa178 elementor-widget__width-auto animated-fast elementor-invisible elementor-widget elementor-widget-heading\" data-id=\"d8fa178\" data-element_type=\"widget\" data-e-type=\"widget\" data-settings=\"{&quot;_animation&quot;:&quot;fadeIn&quot;,&quot;_animation_tablet&quot;:&quot;none&quot;,&quot;_animation_mobile&quot;:&quot;none&quot;,&quot;_animation_delay&quot;:100}\" data-widget_type=\"heading.default\">\n\t\t\t\t<div class=\"elementor-widget-container\">\n\t\t\t\t\t<h1 class=\"elementor-heading-title elementor-size-default\">Cont\u00e1ctanos<\/h1>\t\t\t\t<\/div>\n\t\t\t\t<\/div>\n\t\t\t\t\t<\/div>\n\t\t<\/div>\n\t\t\t\t\t<\/div>\n\t\t<\/section>\n\t\t\t\t<section class=\"elementor-section elementor-top-section elementor-element elementor-element-bf87cfc elementor-section-boxed elementor-section-height-default elementor-section-height-default\" data-id=\"bf87cfc\" data-element_type=\"section\" data-e-type=\"section\">\n\t\t\t\t\t\t<div class=\"elementor-container elementor-column-gap-no\">\n\t\t\t\t\t<div class=\"elementor-column elementor-col-100 elementor-top-column elementor-element elementor-element-1703df8\" data-id=\"1703df8\" data-element_type=\"column\" data-e-type=\"column\" data-settings=\"{&quot;animation&quot;:&quot;none&quot;,&quot;animation_tablet&quot;:&quot;none&quot;,&quot;animation_mobile&quot;:&quot;none&quot;,&quot;animation_delay&quot;:200}\">\n\t\t\t<div class=\"elementor-widget-wrap elementor-element-populated\">\n\t\t\t\t\t\t<div class=\"elementor-element elementor-element-4b3f892 elementor-widget elementor-widget-eael-adv-accordion\" data-id=\"4b3f892\" data-element_type=\"widget\" data-e-type=\"widget\" data-widget_type=\"eael-adv-accordion.default\">\n\t\t\t\t<div class=\"elementor-widget-container\">\n\t\t\t\t\t            <div class=\"eael-adv-accordion\" id=\"eael-adv-accordion-4b3f892\" data-scroll-on-click=\"no\" data-scroll-speed=\"300\" data-accordion-id=\"4b3f892\" data-accordion-type=\"accordion\" data-toogle-speed=\"300\">\n            <div class=\"eael-accordion-list\">\n\t\t\t\t\t<div id=\"peticin-de-oracin\" class=\"elementor-tab-title eael-accordion-header\" tabindex=\"0\" data-tab=\"1\" aria-controls=\"elementor-tab-content-7891\"><span class=\"eael-advanced-accordion-icon-closed\"><i aria-hidden=\"true\" class=\"fa-accordion-icon vamtamtheme- vamtam-theme-arrow-right-short\"><\/i><\/span><span class=\"eael-advanced-accordion-icon-opened\"><i aria-hidden=\"true\" class=\"fa-accordion-icon fas fa-minus\"><\/i><\/span><span class=\"eael-accordion-tab-title\">Petici\u00f3n de oraci\u00f3n<\/span><\/div><div id=\"elementor-tab-content-7891\" class=\"eael-accordion-content clearfix\" data-tab=\"1\" aria-labelledby=\"peticin-de-oracin\"><p>\u00bfSientes que Dios est\u00e1 lejos de ti? La oraci\u00f3n es la ruta m\u00e1s cercana entre tu coraz\u00f3n y Dios. Es el reconocimiento de que hay una reino superior que gobierna tanto el mundo visible como el invisible. A trav\u00e9s de la oraci\u00f3n nos aferramos a Dios por la fe. S\u00ed, la oraci\u00f3n es una realidad; no es solo hablarle al aire. <strong><em>Mateo 7:7<\/em><\/strong> dice que la voluntad de Dios es responder nuestras oraciones. Dios siempre responde las oraciones de fe pero no siempre las responde al pie de la letra.<\/p>\n<p>As\u00ed que al enviar tu petici\u00f3n de oraci\u00f3n a La Universidad de Dios, recuerda lo que Jes\u00fas dijo en <strong><em>Mateo 15:8.<\/em><\/strong> \u00a1Compromete tu coraz\u00f3n! H\u00e1blale a tu coraz\u00f3n, es el templo de Dios, es el altar de Dios, es el comunicador entre lo visible e invisible. En la oraci\u00f3n le hablamos a Dios, quien es un Esp\u00edritu, en el Esp\u00edritu. Recuerda, Dios no siempre necesita nuestras palabras para que \u00c9l entr\u00e9 en acci\u00f3n, \u00c9l tiene Sus propias maneras de implementar Su voluntad en el universo. Nuestra comunicaci\u00f3n con Dios a trav\u00e9s de la oraci\u00f3n es imperfecta a menos de que sea respaldada por el Esp\u00edritu Santo. \u00a1As\u00ed que, el Esp\u00edritu del Padre que habita en nuestro coraz\u00f3n nos permite clamar naturalmente, \u00abAbba Padre\u00bb!<\/p>\n<p>Por lo tanto, \u00a1aprende a comprometer tu coraz\u00f3n!<\/p>\n<p>\u00abMi coraz\u00f3n: escucha la voz del Esp\u00edritu, escucha la voz de Dios\u00bb.<\/p>\n<p>Permite que el poder del Esp\u00edritu Santo contacte tu esp\u00edritu a fin de que te empodere para orar. Si encomiendas tus problemas a las manos de Jes\u00fas, nuestro Mediador, al presentarte ante Dios en oraci\u00f3n, \u00c9l te dar\u00e1 el descanso (Mateo 11:28). <strong><em>(Mateo 11:28).<\/em><\/strong><\/p>\n<p><strong><em>\u00a1Mateo 18:20<\/em><\/strong> es la seguridad para tu victoria! \u00a1T\u00fa y nosotros juntos en el nombre de Jes\u00fas podemos detener la interferencia de satan\u00e1s en tu vida, en tu matrimonio, en tu salud, en tu mente y en tu futuro!<\/p>\n<p>Env\u00eda tu petici\u00f3n de oraci\u00f3n a La Universidad de Dios al completar el siguiente cuestionario.<\/p>\n<\/div>\n\t\t\t\t\t<\/div><div class=\"eael-accordion-list\">\n\t\t\t\t\t<div id=\"testimonio\" class=\"elementor-tab-title eael-accordion-header\" tabindex=\"0\" data-tab=\"2\" aria-controls=\"elementor-tab-content-7892\"><span class=\"eael-advanced-accordion-icon-closed\"><i aria-hidden=\"true\" class=\"fa-accordion-icon vamtamtheme- vamtam-theme-arrow-right-short\"><\/i><\/span><span class=\"eael-advanced-accordion-icon-opened\"><i aria-hidden=\"true\" class=\"fa-accordion-icon fas fa-minus\"><\/i><\/span><span class=\"eael-accordion-tab-title\">Testimonio<\/span><\/div><div id=\"elementor-tab-content-7892\" class=\"eael-accordion-content clearfix\" data-tab=\"2\" aria-labelledby=\"testimonio\"><h5>\n            <strong><br \/>\n              <em> <\/em><br \/>\n            <\/strong><br \/>\n            <strong><br \/>\n              <em>\u00abUna cosa s\u00e9, que habiendo yo sido ciego, ahora veo\u00bb. Juan 9:25<\/em><br \/>\n            <\/strong><br \/>\n          <\/h5>\n<p>El hecho que la salvaci\u00f3n sea, en esencia, un renacimiento espiritual no significa que no tenga ning\u00fan efecto en tu cuerpo,<\/p>\n<p>mente y vida diaria. Puede y debe tener un gran impacto en cada parte de tu vida:<\/p>\n<p>\u00a1mental, f\u00edsico, espiritual, financiero y emocional!<\/p>\n<p>\u00a1La evidencia de Jesucristo, el mayor ganador de almas que el mundo haya conocido, son las vidas transformadas! En la Palabra viva de Dios, hay poder de conversi\u00f3n, poder purificador y poder transformador. Comparte con nosotros lo que Dios ha hecho en tu vida a trav\u00e9s de La Universidad de Dios.<\/p>\n<\/div>\n\t\t\t\t\t<\/div><div class=\"eael-accordion-list\">\n\t\t\t\t\t<div id=\"enva-un-mensaje\" class=\"elementor-tab-title eael-accordion-header\" tabindex=\"0\" data-tab=\"3\" aria-controls=\"elementor-tab-content-7893\"><span class=\"eael-advanced-accordion-icon-closed\"><i aria-hidden=\"true\" class=\"fa-accordion-icon vamtamtheme- vamtam-theme-arrow-right-short\"><\/i><\/span><span class=\"eael-advanced-accordion-icon-opened\"><i aria-hidden=\"true\" class=\"fa-accordion-icon fas fa-minus\"><\/i><\/span><span class=\"eael-accordion-tab-title\">Env\u00eda un mensaje<\/span><\/div><div id=\"elementor-tab-content-7893\" class=\"eael-accordion-content clearfix\" data-tab=\"3\" aria-labelledby=\"enva-un-mensaje\"><p>Mois\u00e9s fue enviado a los hijos de Israel y Aar\u00f3n fue enviado a Mois\u00e9s. Somos cristianos por revelaci\u00f3n. Si Dios ha puesto en su coraz\u00f3n contactarnos, completa el siguiente formulario.<\/p>\n<\/div>\n\t\t\t\t\t<\/div><\/div>\t\t\t\t<\/div>\n\t\t\t\t<\/div>\n\t\t\t\t<div class=\"elementor-element elementor-element-8fa11e2 eael-contact-form-7-button-align-left eael-contact-form-7-button-custom elementor-widget elementor-widget-eael-contact-form-7\" data-id=\"8fa11e2\" data-element_type=\"widget\" data-e-type=\"widget\" data-widget_type=\"eael-contact-form-7.default\">\n\t\t\t\t<div class=\"elementor-widget-container\">\n\t\t\t\t\t<div class=\"eael-contact-form-7-wrapper\">\n                <div class=\"eael-contact-form eael-contact-form-7 eael-contact-form-8fa11e2 placeholder-show eael-contact-form-align-default\"><div class=\"eael-contact-form-7-heading\"><\/div>\n<div class=\"wpcf7 no-js\" id=\"wpcf7-f990783-o1\" lang=\"es-ES\" dir=\"ltr\" data-wpcf7-id=\"990783\">\n<div class=\"screen-reader-response\"><p role=\"status\" aria-live=\"polite\" aria-atomic=\"true\"><\/p> <ul><\/ul><\/div>\n<form action=\"\/es\/wp-json\/wp\/v2\/pages\/990610#wpcf7-f990783-o1\" method=\"post\" class=\"wpcf7-form init\" aria-label=\"Formulario de contacto\" enctype=\"multipart\/form-data\" novalidate=\"novalidate\" data-status=\"init\">\n<fieldset class=\"hidden-fields-container\"><input type=\"hidden\" name=\"_wpcf7\" value=\"990783\" \/><input type=\"hidden\" name=\"_wpcf7_version\" value=\"6.1.5\" \/><input type=\"hidden\" name=\"_wpcf7_locale\" value=\"es_ES\" \/><input type=\"hidden\" name=\"_wpcf7_unit_tag\" value=\"wpcf7-f990783-o1\" \/><input type=\"hidden\" name=\"_wpcf7_container_post\" value=\"0\" \/><input type=\"hidden\" name=\"_wpcf7_posted_data_hash\" value=\"\" \/><input type=\"hidden\" name=\"_wpcf7cf_hidden_group_fields\" value=\"[]\" \/><input type=\"hidden\" name=\"_wpcf7cf_hidden_groups\" value=\"[]\" \/><input type=\"hidden\" name=\"_wpcf7cf_visible_groups\" value=\"[]\" \/><input type=\"hidden\" name=\"_wpcf7cf_repeaters\" value=\"[]\" \/><input type=\"hidden\" name=\"_wpcf7cf_steps\" value=\"{}\" \/><input type=\"hidden\" name=\"_wpcf7cf_options\" value=\"{&quot;form_id&quot;:990783,&quot;conditions&quot;:[],&quot;settings&quot;:{&quot;animation&quot;:&quot;yes&quot;,&quot;animation_intime&quot;:200,&quot;animation_outtime&quot;:200,&quot;conditions_ui&quot;:&quot;normal&quot;,&quot;notice_dismissed&quot;:true,&quot;notice_dismissed_rollback-cf7-5.8.6&quot;:true,&quot;notice_dismissed_rollback-cf7-5.8.7&quot;:true}}\" \/><input type=\"hidden\" name=\"_wpcf7_recaptcha_response\" value=\"\" \/>\n<\/fieldset>\n<div class=\"uagb-cf7_styler-col\">\n\t<p><label class=\"uagb-cf7_styler-col-1\"> T\u00edtulo<br \/>\n<span class=\"wpcf7-form-control-wrap\" data-name=\"title\"><select class=\"wpcf7-form-control wpcf7-select wpcf7-validates-as-required\" aria-required=\"true\" aria-invalid=\"false\" name=\"title\"><option value=\"\">&#8212;Por favor, elige una opci\u00f3n&#8212;<\/option><option value=\"Mr.\">Mr.<\/option><option value=\"Mrs.\">Mrs.<\/option><option value=\"Ms.\">Ms.<\/option><option value=\"Dr.\">Dr.<\/option><option value=\"Esq.\">Esq.<\/option><option value=\"Hon.\">Hon.<\/option><option value=\"Jr.\">Jr.<\/option><option value=\"Msgr.\">Msgr.<\/option><option value=\"Prof.\">Prof.<\/option><option value=\"Rev.\">Rev.<\/option><option value=\"Rt. Hon.\">Rt. Hon.<\/option><option value=\"Sr.\">Sr.<\/option><\/select><\/span><\/label>\n\t<\/p>\n<\/div>\n<div class=\"uagb-cf7_styler-col\">\n\t<p><label class=\"uagb-cf7_styler-col-1\"> Nombre<br \/>\n<span class=\"wpcf7-form-control-wrap\" data-name=\"first-name\"><input size=\"40\" maxlength=\"400\" class=\"wpcf7-form-control wpcf7-text wpcf7-validates-as-required\" aria-required=\"true\" aria-invalid=\"false\" value=\"\" type=\"text\" name=\"first-name\" \/><\/span> <\/label><br \/>\n<label class=\"uagb-cf7_styler-col-1\"> Apellido<br \/>\n<span class=\"wpcf7-form-control-wrap\" data-name=\"last-name\"><input size=\"40\" maxlength=\"400\" class=\"wpcf7-form-control wpcf7-text wpcf7-validates-as-required\" aria-required=\"true\" aria-invalid=\"false\" value=\"\" type=\"text\" name=\"last-name\" \/><\/span> <\/label>\n\t<\/p>\n<\/div>\n<div class=\"uael-cf7-col\">\n\t<p><label> Correo electr\u00f3nico<br \/>\n<span class=\"wpcf7-form-control-wrap\" data-name=\"your-email\"><input size=\"40\" maxlength=\"400\" class=\"wpcf7-form-control wpcf7-email wpcf7-validates-as-required wpcf7-text wpcf7-validates-as-email\" aria-required=\"true\" aria-invalid=\"false\" value=\"\" type=\"email\" name=\"your-email\" \/><\/span> <\/label>\n\t<\/p>\n<\/div>\n<div class=\"uael-cf7-col\">\n\t<p><label> Pa\u00eds<br \/>\n<span class=\"wpcf7-form-control-wrap\" data-name=\"your-countryl\"><input size=\"40\" class=\"wpcf7-form-control wpcf7-countrytext wpcf7-validates-as-required wpcf7-text wpcf7-validates-as-countrytext\" aria-required=\"true\" aria-invalid=\"false\" value=\"\" type=\"text\" name=\"your-countryl\" \/><\/span> <\/label><br \/>\n<label> N\u00famero Telefonico<br \/>\n<span class=\"wpcf7-form-control-wrap\" data-name=\"phone\"><input size=\"40\" class=\"wpcf7-form-control wpcf7-phonetext wpcf7-validates-as-required wpcf7-text wpcf7-validates-as-phonetext\" aria-required=\"true\" aria-invalid=\"false\" value=\"\" type=\"text\" name=\"phone\" \/><input type=\"hidden\" name=\"phone-country-code\" class=\"wpcf7-phonetext-country-code\" \/><\/span><\/label>\n\t<\/p>\n\t<div>\n\t\t<div class=\"uael-cf7-col\">\n\t\t\t<p><label> Asunto<br \/>\n<span class=\"wpcf7-form-control-wrap\" data-name=\"subject\"><select class=\"wpcf7-form-control wpcf7-select wpcf7-validates-as-required\" aria-required=\"true\" aria-invalid=\"false\" name=\"subject\"><option value=\"\">&#8212;Por favor, elige una opci\u00f3n&#8212;<\/option><option value=\"Prayer Request\">Prayer Request<\/option><option value=\"Message\">Message<\/option><option value=\"Testimony\">Testimony<\/option><\/select><\/span><\/label>\n\t\t\t<\/p>\n\t\t<\/div>\n\t\t<div class=\"uael-cf7-col\">\n\t\t\t<p><label> Tu mensaje<br \/>\n<span class=\"wpcf7-form-control-wrap\" data-name=\"your-message\"><textarea cols=\"40\" rows=\"10\" maxlength=\"2000\" class=\"wpcf7-form-control wpcf7-textarea wpcf7-validates-as-required\" aria-required=\"true\" aria-invalid=\"false\" name=\"your-message\"><\/textarea><\/span> <\/label>\n\t\t\t<\/p>\n\t\t\t<div>\n\t\t\t\t<div class=\"uael-cf7-col\">\n\t\t\t\t\t<p><label> Adjunto (opcional)<br \/>\n<span class=\"wpcf7-form-control-wrap\" data-name=\"file-502\"><input size=\"40\" class=\"wpcf7-form-control wpcf7-file\" accept=\"audio\/*,video\/*,image\/*\" aria-invalid=\"false\" type=\"file\" name=\"file-502\" \/><\/span><br \/>\n<\/label>\n\t\t\t\t\t<\/p>\n\t\t\t\t<\/div>\n\t\t\t\t<div data-id=\"prayer-group\" data-orig_data_id=\"prayer-group\"  class=\"\" data-class=\"wpcf7cf_group\">\n\t\t\t\t<\/div>\n\t\t\t\t<div data-id=\"testimony-group\" data-orig_data_id=\"testimony-group\"  class=\"\" data-class=\"wpcf7cf_group\">\n\t\t\t\t<\/div>\n\t\t\t\t<div data-id=\"message-group\" data-orig_data_id=\"message-group\"  class=\"\" data-class=\"wpcf7cf_group\">\n\t\t\t\t<\/div>\n\t\t\t\t<div class=\"uael-cf7-col\">\n\t\t\t\t\t<p><input class=\"wpcf7-form-control wpcf7-submit has-spinner\" type=\"submit\" value=\"Submit\" \/>\n\t\t\t\t\t<\/p>\n\t\t\t\t<\/div>\n\t\t\t<\/div>\n\t\t<\/div>\n\t<\/div>\n<\/div><p style=\"display: none !important;\" class=\"akismet-fields-container\" data-prefix=\"_wpcf7_ak_\"><label>&#916;<textarea name=\"_wpcf7_ak_hp_textarea\" cols=\"45\" rows=\"8\" maxlength=\"100\"><\/textarea><\/label><input type=\"hidden\" id=\"ak_js_1\" name=\"_wpcf7_ak_js\" value=\"41\"\/><script>document.getElementById( \"ak_js_1\" ).setAttribute( \"value\", ( new Date() ).getTime() );<\/script><\/p><div class=\"wpcf7-response-output\" aria-hidden=\"true\"><\/div>\n<\/form>\n<\/div>\n<\/div>\n            <\/div>\t\t\t\t<\/div>\n\t\t\t\t<\/div>\n\t\t\t\t\t<\/div>\n\t\t<\/div>\n\t\t\t\t\t<\/div>\n\t\t<\/section>\n\t\t\t\t<\/div>\n\t\t","protected":false},"excerpt":{"rendered":"<p>Cont\u00e1ctanos Petici\u00f3n de oraci\u00f3n \u00bfSientes que Dios est\u00e1 lejos de ti? La oraci\u00f3n es la ruta m\u00e1s cercana entre tu coraz\u00f3n y Dios. Es el reconocimiento de que hay una&#8230;<\/p>\n","protected":false},"author":1,"featured_media":0,"parent":0,"menu_order":0,"comment_status":"closed","ping_status":"closed","template":"","meta":{"footnotes":""},"class_list":["post-990610","page","type-page","status-publish","hentry"],"yoast_head":"<!-- This site is optimized with the Yoast SEO plugin v27.3 - https:\/\/yoast.com\/product\/yoast-seo-wordpress\/ -->\n<title>Cont\u00e1ctanos\/Petici\u00f3n de oraci\u00f3n - The University Of God<\/title>\n<meta name=\"robots\" content=\"index, follow, max-snippet:-1, max-image-preview:large, max-video-preview:-1\" \/>\n<link rel=\"canonical\" href=\"https:\/\/theuog.org\/contact\/\" \/>\n<meta property=\"og:locale\" content=\"es_ES\" \/>\n<meta property=\"og:type\" content=\"article\" \/>\n<meta property=\"og:title\" content=\"Cont\u00e1ctanos\/Petici\u00f3n de oraci\u00f3n - The University Of God\" \/>\n<meta property=\"og:description\" content=\"Cont\u00e1ctanos Petici\u00f3n de oraci\u00f3n \u00bfSientes que Dios est\u00e1 lejos de ti? La oraci\u00f3n es la ruta m\u00e1s cercana entre tu coraz\u00f3n y Dios. Es el reconocimiento de que hay una...\" \/>\n<meta property=\"og:url\" content=\"https:\/\/theuog.org\/contact\/\" \/>\n<meta property=\"og:site_name\" content=\"The University Of God\" \/>\n<meta property=\"article:modified_time\" content=\"2022-12-21T14:57:06+00:00\" \/>\n<meta name=\"twitter:card\" content=\"summary_large_image\" \/>\n<meta name=\"twitter:label1\" content=\"Tiempo de lectura\" \/>\n\t<meta name=\"twitter:data1\" content=\"3 minutos\" \/>\n<script type=\"application\/ld+json\" class=\"yoast-schema-graph\">{\"@context\":\"https:\\\/\\\/schema.org\",\"@graph\":[{\"@type\":\"WebPage\",\"@id\":\"https:\\\/\\\/theuog.org\\\/contact\\\/\",\"url\":\"https:\\\/\\\/theuog.org\\\/contact\\\/\",\"name\":\"Cont\u00e1ctanos\\\/Petici\u00f3n de oraci\u00f3n - The University Of God\",\"isPartOf\":{\"@id\":\"https:\\\/\\\/theuog.org\\\/#website\"},\"datePublished\":\"2021-01-02T10:43:24+00:00\",\"dateModified\":\"2022-12-21T14:57:06+00:00\",\"breadcrumb\":{\"@id\":\"https:\\\/\\\/theuog.org\\\/contact\\\/#breadcrumb\"},\"inLanguage\":\"es\",\"potentialAction\":[{\"@type\":\"ReadAction\",\"target\":[\"https:\\\/\\\/theuog.org\\\/contact\\\/\"]}]},{\"@type\":\"BreadcrumbList\",\"@id\":\"https:\\\/\\\/theuog.org\\\/contact\\\/#breadcrumb\",\"itemListElement\":[{\"@type\":\"ListItem\",\"position\":1,\"name\":\"Home\",\"item\":\"https:\\\/\\\/theuog.org\\\/\"},{\"@type\":\"ListItem\",\"position\":2,\"name\":\"Cont\u00e1ctanos\\\/Petici\u00f3n de oraci\u00f3n\"}]},{\"@type\":\"WebSite\",\"@id\":\"https:\\\/\\\/theuog.org\\\/#website\",\"url\":\"https:\\\/\\\/theuog.org\\\/\",\"name\":\"The University Of God\",\"description\":\"Sense knowledge ceases when revelation comes.\",\"publisher\":{\"@id\":\"https:\\\/\\\/theuog.org\\\/#organization\"},\"potentialAction\":[{\"@type\":\"SearchAction\",\"target\":{\"@type\":\"EntryPoint\",\"urlTemplate\":\"https:\\\/\\\/theuog.org\\\/?s={search_term_string}\"},\"query-input\":{\"@type\":\"PropertyValueSpecification\",\"valueRequired\":true,\"valueName\":\"search_term_string\"}}],\"inLanguage\":\"es\"},{\"@type\":\"Organization\",\"@id\":\"https:\\\/\\\/theuog.org\\\/#organization\",\"name\":\"The University Of God\",\"url\":\"https:\\\/\\\/theuog.org\\\/\",\"logo\":{\"@type\":\"ImageObject\",\"inLanguage\":\"es\",\"@id\":\"https:\\\/\\\/theuog.org\\\/#\\\/schema\\\/logo\\\/image\\\/\",\"url\":\"https:\\\/\\\/theuog.org\\\/wp-content\\\/uploads\\\/2022\\\/05\\\/theuog_gold_logo-top.png\",\"contentUrl\":\"https:\\\/\\\/theuog.org\\\/wp-content\\\/uploads\\\/2022\\\/05\\\/theuog_gold_logo-top.png\",\"width\":532,\"height\":170,\"caption\":\"The University Of God\"},\"image\":{\"@id\":\"https:\\\/\\\/theuog.org\\\/#\\\/schema\\\/logo\\\/image\\\/\"}}]}<\/script>\n<!-- \/ Yoast SEO plugin. -->","yoast_head_json":{"title":"Cont\u00e1ctanos\/Petici\u00f3n de oraci\u00f3n - The University Of God","robots":{"index":"index","follow":"follow","max-snippet":"max-snippet:-1","max-image-preview":"max-image-preview:large","max-video-preview":"max-video-preview:-1"},"canonical":"https:\/\/theuog.org\/contact\/","og_locale":"es_ES","og_type":"article","og_title":"Cont\u00e1ctanos\/Petici\u00f3n de oraci\u00f3n - The University Of God","og_description":"Cont\u00e1ctanos Petici\u00f3n de oraci\u00f3n \u00bfSientes que Dios est\u00e1 lejos de ti? La oraci\u00f3n es la ruta m\u00e1s cercana entre tu coraz\u00f3n y Dios. Es el reconocimiento de que hay una...","og_url":"https:\/\/theuog.org\/contact\/","og_site_name":"The University Of God","article_modified_time":"2022-12-21T14:57:06+00:00","twitter_card":"summary_large_image","twitter_misc":{"Tiempo de lectura":"3 minutos"},"schema":{"@context":"https:\/\/schema.org","@graph":[{"@type":"WebPage","@id":"https:\/\/theuog.org\/contact\/","url":"https:\/\/theuog.org\/contact\/","name":"Cont\u00e1ctanos\/Petici\u00f3n de oraci\u00f3n - The University Of God","isPartOf":{"@id":"https:\/\/theuog.org\/#website"},"datePublished":"2021-01-02T10:43:24+00:00","dateModified":"2022-12-21T14:57:06+00:00","breadcrumb":{"@id":"https:\/\/theuog.org\/contact\/#breadcrumb"},"inLanguage":"es","potentialAction":[{"@type":"ReadAction","target":["https:\/\/theuog.org\/contact\/"]}]},{"@type":"BreadcrumbList","@id":"https:\/\/theuog.org\/contact\/#breadcrumb","itemListElement":[{"@type":"ListItem","position":1,"name":"Home","item":"https:\/\/theuog.org\/"},{"@type":"ListItem","position":2,"name":"Cont\u00e1ctanos\/Petici\u00f3n de oraci\u00f3n"}]},{"@type":"WebSite","@id":"https:\/\/theuog.org\/#website","url":"https:\/\/theuog.org\/","name":"The University Of God","description":"Sense knowledge ceases when revelation comes.","publisher":{"@id":"https:\/\/theuog.org\/#organization"},"potentialAction":[{"@type":"SearchAction","target":{"@type":"EntryPoint","urlTemplate":"https:\/\/theuog.org\/?s={search_term_string}"},"query-input":{"@type":"PropertyValueSpecification","valueRequired":true,"valueName":"search_term_string"}}],"inLanguage":"es"},{"@type":"Organization","@id":"https:\/\/theuog.org\/#organization","name":"The University Of God","url":"https:\/\/theuog.org\/","logo":{"@type":"ImageObject","inLanguage":"es","@id":"https:\/\/theuog.org\/#\/schema\/logo\/image\/","url":"https:\/\/theuog.org\/wp-content\/uploads\/2022\/05\/theuog_gold_logo-top.png","contentUrl":"https:\/\/theuog.org\/wp-content\/uploads\/2022\/05\/theuog_gold_logo-top.png","width":532,"height":170,"caption":"The University Of God"},"image":{"@id":"https:\/\/theuog.org\/#\/schema\/logo\/image\/"}}]}},"jetpack_sharing_enabled":true,"_links":{"self":[{"href":"https:\/\/theuog.org\/es\/wp-json\/wp\/v2\/pages\/990610","targetHints":{"allow":["GET"]}}],"collection":[{"href":"https:\/\/theuog.org\/es\/wp-json\/wp\/v2\/pages"}],"about":[{"href":"https:\/\/theuog.org\/es\/wp-json\/wp\/v2\/types\/page"}],"author":[{"embeddable":true,"href":"https:\/\/theuog.org\/es\/wp-json\/wp\/v2\/users\/1"}],"replies":[{"embeddable":true,"href":"https:\/\/theuog.org\/es\/wp-json\/wp\/v2\/comments?post=990610"}],"version-history":[{"count":0,"href":"https:\/\/theuog.org\/es\/wp-json\/wp\/v2\/pages\/990610\/revisions"}],"wp:attachment":[{"href":"https:\/\/theuog.org\/es\/wp-json\/wp\/v2\/media?parent=990610"}],"curies":[{"name":"wp","href":"https:\/\/api.w.org\/{rel}","templated":true}]}}