{"id":991322,"date":"2022-07-10T14:01:54","date_gmt":"2022-07-10T12:01:54","guid":{"rendered":"https:\/\/theuog.org\/las-series-del-fundamento-un-paso-a-la-espiritualidad\/"},"modified":"2022-09-28T23:55:05","modified_gmt":"2022-09-28T21:55:05","slug":"las-series-del-fundamento-un-paso-a-la-espiritualidad","status":"publish","type":"page","link":"https:\/\/theuog.org\/es\/las-series-del-fundamento-un-paso-a-la-espiritualidad\/","title":{"rendered":"LAS SERIES DEL FUNDAMENTO: \u00a1UN PASO A LA ESPIRITUALIDAD!"},"content":{"rendered":"\t\t<div data-elementor-type=\"wp-page\" data-elementor-id=\"991322\" class=\"elementor elementor-991322 elementor-990849\" data-elementor-post-type=\"page\">\n\t\t\t\t\t\t<section class=\"elementor-section elementor-top-section elementor-element elementor-element-675908c elementor-section-height-min-height elementor-section-boxed elementor-section-height-default elementor-section-items-middle\" data-id=\"675908c\" data-element_type=\"section\" data-e-type=\"section\" data-settings=\"{&quot;background_background&quot;:&quot;classic&quot;}\">\n\t\t\t\t\t\t\t<div class=\"elementor-background-overlay\"><\/div>\n\t\t\t\t\t\t\t<div class=\"elementor-container elementor-column-gap-default\">\n\t\t\t\t\t<div class=\"elementor-column elementor-col-100 elementor-top-column elementor-element elementor-element-00255d1\" data-id=\"00255d1\" data-element_type=\"column\" data-e-type=\"column\" data-settings=\"{&quot;background_background&quot;:&quot;classic&quot;}\">\n\t\t\t<div class=\"elementor-widget-wrap\">\n\t\t\t\t\t\t\t<\/div>\n\t\t<\/div>\n\t\t\t\t\t<\/div>\n\t\t<\/section>\n\t\t\t\t<section class=\"elementor-section elementor-top-section elementor-element elementor-element-b1d28d5 elementor-section-boxed elementor-section-height-default elementor-section-height-default\" data-id=\"b1d28d5\" data-element_type=\"section\" data-e-type=\"section\">\n\t\t\t\t\t\t<div class=\"elementor-container elementor-column-gap-no\">\n\t\t\t\t\t<div class=\"elementor-column elementor-col-50 elementor-top-column elementor-element elementor-element-614c5f2 animated-fast elementor-invisible\" data-id=\"614c5f2\" data-element_type=\"column\" data-e-type=\"column\" data-settings=\"{&quot;background_background&quot;:&quot;classic&quot;,&quot;animation&quot;:&quot;fadeIn&quot;,&quot;animation_tablet&quot;:&quot;none&quot;,&quot;animation_mobile&quot;:&quot;none&quot;,&quot;animation_delay&quot;:100}\">\n\t\t\t<div class=\"elementor-widget-wrap elementor-element-populated\">\n\t\t\t\t\t\t\t<\/div>\n\t\t<\/div>\n\t\t\t\t<div class=\"elementor-column elementor-col-50 elementor-top-column elementor-element elementor-element-996ba37 elementor-hidden-desktop elementor-hidden-tablet elementor-hidden-phone\" data-id=\"996ba37\" data-element_type=\"column\" data-e-type=\"column\">\n\t\t\t<div class=\"elementor-widget-wrap\">\n\t\t\t\t\t\t\t<\/div>\n\t\t<\/div>\n\t\t\t\t\t<\/div>\n\t\t<\/section>\n\t\t\t\t<section class=\"elementor-section elementor-top-section elementor-element elementor-element-305534c elementor-section-boxed elementor-section-height-default elementor-section-height-default\" data-id=\"305534c\" data-element_type=\"section\" data-e-type=\"section\">\n\t\t\t\t\t\t<div class=\"elementor-container elementor-column-gap-default\">\n\t\t\t\t\t<div class=\"elementor-column elementor-col-100 elementor-top-column elementor-element elementor-element-a97f99f\" data-id=\"a97f99f\" data-element_type=\"column\" data-e-type=\"column\">\n\t\t\t<div class=\"elementor-widget-wrap elementor-element-populated\">\n\t\t\t\t\t\t<div class=\"elementor-element elementor-element-34fbc80 elementor-widget elementor-widget-image\" data-id=\"34fbc80\" data-element_type=\"widget\" data-e-type=\"widget\" data-widget_type=\"image.default\">\n\t\t\t\t<div class=\"elementor-widget-container\">\n\t\t\t\t\t\t\t\t\t<div class=\"elementor-image\">\n\t\t\t\t\t\t\t\t\t\t\t\t\t\t\t\t\t\t\t\t\t<img decoding=\"async\" width=\"300\" height=\"91\" src=\"https:\/\/theuog.org\/wp-content\/uploads\/2022\/07\/aboutsis-300x91.png\" class=\"attachment-medium size-medium wp-image-991190\" alt=\"\" srcset=\"https:\/\/theuog.org\/wp-content\/uploads\/2022\/07\/aboutsis-300x91.png 300w, https:\/\/theuog.org\/wp-content\/uploads\/2022\/07\/aboutsis.png 593w\" sizes=\"(max-width: 300px) 100vw, 300px\" \/>\t\t\t\t\t\t\t\t\t\t\t\t\t\t\t\t\t\t\t\t\t\t\t\t<\/div>\n\t\t\t\t\t\t\t\t<\/div>\n\t\t\t\t<\/div>\n\t\t\t\t<div class=\"elementor-element elementor-element-f413c3a elementor-widget elementor-widget-text-editor\" data-id=\"f413c3a\" data-element_type=\"widget\" data-e-type=\"widget\" data-widget_type=\"text-editor.default\">\n\t\t\t\t<div class=\"elementor-widget-container\">\n\t\t\t\t\t\t\t\t\t<p><strong><span class=\"style-scope yt-formatted-string\" dir=\"auto\">Acerca de<\/span><\/strong><\/p><p><em><span class=\"style-scope yt-formatted-string\" dir=\"auto\">Las series del fundamento de la Universidad de Dios: \u00bb \u00a1UN PASO A LA ESPIRITUALIDAD!\u00bb es una serie de ense\u00f1anzas bajo la gu\u00eda del Esp\u00edritu Santo que estar\u00e1n disponibles para todos, revelando el tesoro escondido en la Palabra de Dios que impulsa a nuestros esp\u00edritus a dar un paso hacia la espiritualidad&#8230;. porque ah\u00ed es donde est\u00e1 Dios. Es una suposici\u00f3n err\u00f3nea que las verdades espirituales puedan ser percibidas intelectualmente. Tenemos que ser francos; es decir, tenemos que estar en el Esp\u00edritu, en el \u00e1mbito del conocimiento de la revelaci\u00f3n, entregando nuestros corazones a la inspiraci\u00f3n del Esp\u00edritu Santo, el verdadero Esp\u00edritu de Revelaci\u00f3n (Efesios) <\/span><a class=\"yt-simple-endpoint style-scope yt-formatted-string\" dir=\"auto\" spellcheck=\"false\" href=\"https:\/\/www.youtube.com\/watch?v=aRMzFcMvVfg&amp;t=77s\">1:17<\/a><span class=\"style-scope yt-formatted-string\" dir=\"auto\">-18). La revelaci\u00f3n trae convicci\u00f3n y la convicci\u00f3n trae un movimiento real en nuestro viaje con Jes\u00fas, nuestro viaje hacia la Eternidad.<\/span><\/em><\/p>\t\t\t\t\t\t\t\t<\/div>\n\t\t\t\t<\/div>\n\t\t\t\t\t<\/div>\n\t\t<\/div>\n\t\t\t\t\t<\/div>\n\t\t<\/section>\n\t\t\t\t<\/div>\n\t\t","protected":false},"excerpt":{"rendered":"<p>Ense\u00f1anzas recientes A New Way Of Thinking 22 August 2022 In The Light Of God&#8217;s Word 28 July 2022 God Hides Himself 10 July 2022 Acerca de Las series del&#8230;<\/p>\n","protected":false},"author":1,"featured_media":0,"parent":0,"menu_order":0,"comment_status":"closed","ping_status":"closed","template":"elementor_header_footer","meta":{"footnotes":""},"class_list":["post-991322","page","type-page","status-publish","hentry"],"yoast_head":"<!-- This site is optimized with the Yoast SEO plugin v27.4 - https:\/\/yoast.com\/product\/yoast-seo-wordpress\/ -->\n<title>LAS SERIES DEL FUNDAMENTO: \u00a1UN PASO A LA ESPIRITUALIDAD! - The University Of God<\/title>\n<meta name=\"robots\" content=\"index, follow, max-snippet:-1, max-image-preview:large, max-video-preview:-1\" \/>\n<link rel=\"canonical\" href=\"https:\/\/theuog.org\/foundation-series\/\" \/>\n<meta property=\"og:locale\" content=\"es_ES\" \/>\n<meta property=\"og:type\" content=\"article\" \/>\n<meta property=\"og:title\" content=\"LAS SERIES DEL FUNDAMENTO: \u00a1UN PASO A LA ESPIRITUALIDAD! - The University Of God\" \/>\n<meta property=\"og:description\" content=\"Ense\u00f1anzas recientes A New Way Of Thinking 22 August 2022 In The Light Of God&#8217;s Word 28 July 2022 God Hides Himself 10 July 2022 Acerca de Las series del...\" \/>\n<meta property=\"og:url\" content=\"https:\/\/theuog.org\/foundation-series\/\" \/>\n<meta property=\"og:site_name\" content=\"The University Of God\" \/>\n<meta property=\"article:modified_time\" content=\"2022-09-28T21:55:05+00:00\" \/>\n<meta property=\"og:image\" content=\"https:\/\/i0.wp.com\/theuog.org\/wp-content\/uploads\/2022\/08\/A-NEW-WAY-OF-THINKING-CORR.jpg?fit=1024%2C576&ssl=1\" \/>\n<meta name=\"twitter:card\" content=\"summary_large_image\" \/>\n<meta name=\"twitter:label1\" content=\"Tiempo de lectura\" \/>\n\t<meta name=\"twitter:data1\" content=\"1 minuto\" \/>\n<script type=\"application\/ld+json\" class=\"yoast-schema-graph\">{\"@context\":\"https:\\\/\\\/schema.org\",\"@graph\":[{\"@type\":\"WebPage\",\"@id\":\"https:\\\/\\\/theuog.org\\\/foundation-series\\\/\",\"url\":\"https:\\\/\\\/theuog.org\\\/foundation-series\\\/\",\"name\":\"LAS SERIES DEL FUNDAMENTO: \u00a1UN PASO A LA ESPIRITUALIDAD! - The University Of God\",\"isPartOf\":{\"@id\":\"https:\\\/\\\/theuog.org\\\/#website\"},\"primaryImageOfPage\":{\"@id\":\"https:\\\/\\\/theuog.org\\\/foundation-series\\\/#primaryimage\"},\"image\":{\"@id\":\"https:\\\/\\\/theuog.org\\\/foundation-series\\\/#primaryimage\"},\"thumbnailUrl\":\"https:\\\/\\\/i0.wp.com\\\/theuog.org\\\/wp-content\\\/uploads\\\/2022\\\/08\\\/A-NEW-WAY-OF-THINKING-CORR.jpg?fit=1024%2C576&ssl=1\",\"datePublished\":\"2022-07-10T12:01:54+00:00\",\"dateModified\":\"2022-09-28T21:55:05+00:00\",\"breadcrumb\":{\"@id\":\"https:\\\/\\\/theuog.org\\\/foundation-series\\\/#breadcrumb\"},\"inLanguage\":\"es\",\"potentialAction\":[{\"@type\":\"ReadAction\",\"target\":[\"https:\\\/\\\/theuog.org\\\/foundation-series\\\/\"]}]},{\"@type\":\"ImageObject\",\"inLanguage\":\"es\",\"@id\":\"https:\\\/\\\/theuog.org\\\/foundation-series\\\/#primaryimage\",\"url\":\"https:\\\/\\\/i0.wp.com\\\/theuog.org\\\/wp-content\\\/uploads\\\/2022\\\/08\\\/A-NEW-WAY-OF-THINKING-CORR.jpg?fit=1024%2C576&ssl=1\",\"contentUrl\":\"https:\\\/\\\/i0.wp.com\\\/theuog.org\\\/wp-content\\\/uploads\\\/2022\\\/08\\\/A-NEW-WAY-OF-THINKING-CORR.jpg?fit=1024%2C576&ssl=1\"},{\"@type\":\"BreadcrumbList\",\"@id\":\"https:\\\/\\\/theuog.org\\\/foundation-series\\\/#breadcrumb\",\"itemListElement\":[{\"@type\":\"ListItem\",\"position\":1,\"name\":\"Home\",\"item\":\"https:\\\/\\\/theuog.org\\\/\"},{\"@type\":\"ListItem\",\"position\":2,\"name\":\"LAS SERIES DEL FUNDAMENTO: \u00a1UN PASO A LA ESPIRITUALIDAD!\"}]},{\"@type\":\"WebSite\",\"@id\":\"https:\\\/\\\/theuog.org\\\/#website\",\"url\":\"https:\\\/\\\/theuog.org\\\/\",\"name\":\"The University Of God\",\"description\":\"Sense knowledge ceases when revelation comes.\",\"publisher\":{\"@id\":\"https:\\\/\\\/theuog.org\\\/#organization\"},\"potentialAction\":[{\"@type\":\"SearchAction\",\"target\":{\"@type\":\"EntryPoint\",\"urlTemplate\":\"https:\\\/\\\/theuog.org\\\/?s={search_term_string}\"},\"query-input\":{\"@type\":\"PropertyValueSpecification\",\"valueRequired\":true,\"valueName\":\"search_term_string\"}}],\"inLanguage\":\"es\"},{\"@type\":\"Organization\",\"@id\":\"https:\\\/\\\/theuog.org\\\/#organization\",\"name\":\"The University Of God\",\"url\":\"https:\\\/\\\/theuog.org\\\/\",\"logo\":{\"@type\":\"ImageObject\",\"inLanguage\":\"es\",\"@id\":\"https:\\\/\\\/theuog.org\\\/#\\\/schema\\\/logo\\\/image\\\/\",\"url\":\"https:\\\/\\\/theuog.org\\\/wp-content\\\/uploads\\\/2022\\\/05\\\/theuog_gold_logo-top.png\",\"contentUrl\":\"https:\\\/\\\/theuog.org\\\/wp-content\\\/uploads\\\/2022\\\/05\\\/theuog_gold_logo-top.png\",\"width\":532,\"height\":170,\"caption\":\"The University Of God\"},\"image\":{\"@id\":\"https:\\\/\\\/theuog.org\\\/#\\\/schema\\\/logo\\\/image\\\/\"}}]}<\/script>\n<!-- \/ Yoast SEO plugin. -->","yoast_head_json":{"title":"LAS SERIES DEL FUNDAMENTO: \u00a1UN PASO A LA ESPIRITUALIDAD! - The University Of God","robots":{"index":"index","follow":"follow","max-snippet":"max-snippet:-1","max-image-preview":"max-image-preview:large","max-video-preview":"max-video-preview:-1"},"canonical":"https:\/\/theuog.org\/foundation-series\/","og_locale":"es_ES","og_type":"article","og_title":"LAS SERIES DEL FUNDAMENTO: \u00a1UN PASO A LA ESPIRITUALIDAD! - The University Of God","og_description":"Ense\u00f1anzas recientes A New Way Of Thinking 22 August 2022 In The Light Of God&#8217;s Word 28 July 2022 God Hides Himself 10 July 2022 Acerca de Las series del...","og_url":"https:\/\/theuog.org\/foundation-series\/","og_site_name":"The University Of God","article_modified_time":"2022-09-28T21:55:05+00:00","og_image":[{"url":"https:\/\/i0.wp.com\/theuog.org\/wp-content\/uploads\/2022\/08\/A-NEW-WAY-OF-THINKING-CORR.jpg?fit=1024%2C576&ssl=1","type":"","width":"","height":""}],"twitter_card":"summary_large_image","twitter_misc":{"Tiempo de lectura":"1 minuto"},"schema":{"@context":"https:\/\/schema.org","@graph":[{"@type":"WebPage","@id":"https:\/\/theuog.org\/foundation-series\/","url":"https:\/\/theuog.org\/foundation-series\/","name":"LAS SERIES DEL FUNDAMENTO: \u00a1UN PASO A LA ESPIRITUALIDAD! - The University Of God","isPartOf":{"@id":"https:\/\/theuog.org\/#website"},"primaryImageOfPage":{"@id":"https:\/\/theuog.org\/foundation-series\/#primaryimage"},"image":{"@id":"https:\/\/theuog.org\/foundation-series\/#primaryimage"},"thumbnailUrl":"https:\/\/i0.wp.com\/theuog.org\/wp-content\/uploads\/2022\/08\/A-NEW-WAY-OF-THINKING-CORR.jpg?fit=1024%2C576&ssl=1","datePublished":"2022-07-10T12:01:54+00:00","dateModified":"2022-09-28T21:55:05+00:00","breadcrumb":{"@id":"https:\/\/theuog.org\/foundation-series\/#breadcrumb"},"inLanguage":"es","potentialAction":[{"@type":"ReadAction","target":["https:\/\/theuog.org\/foundation-series\/"]}]},{"@type":"ImageObject","inLanguage":"es","@id":"https:\/\/theuog.org\/foundation-series\/#primaryimage","url":"https:\/\/i0.wp.com\/theuog.org\/wp-content\/uploads\/2022\/08\/A-NEW-WAY-OF-THINKING-CORR.jpg?fit=1024%2C576&ssl=1","contentUrl":"https:\/\/i0.wp.com\/theuog.org\/wp-content\/uploads\/2022\/08\/A-NEW-WAY-OF-THINKING-CORR.jpg?fit=1024%2C576&ssl=1"},{"@type":"BreadcrumbList","@id":"https:\/\/theuog.org\/foundation-series\/#breadcrumb","itemListElement":[{"@type":"ListItem","position":1,"name":"Home","item":"https:\/\/theuog.org\/"},{"@type":"ListItem","position":2,"name":"LAS SERIES DEL FUNDAMENTO: \u00a1UN PASO A LA ESPIRITUALIDAD!"}]},{"@type":"WebSite","@id":"https:\/\/theuog.org\/#website","url":"https:\/\/theuog.org\/","name":"The University Of God","description":"Sense knowledge ceases when revelation comes.","publisher":{"@id":"https:\/\/theuog.org\/#organization"},"potentialAction":[{"@type":"SearchAction","target":{"@type":"EntryPoint","urlTemplate":"https:\/\/theuog.org\/?s={search_term_string}"},"query-input":{"@type":"PropertyValueSpecification","valueRequired":true,"valueName":"search_term_string"}}],"inLanguage":"es"},{"@type":"Organization","@id":"https:\/\/theuog.org\/#organization","name":"The University Of God","url":"https:\/\/theuog.org\/","logo":{"@type":"ImageObject","inLanguage":"es","@id":"https:\/\/theuog.org\/#\/schema\/logo\/image\/","url":"https:\/\/theuog.org\/wp-content\/uploads\/2022\/05\/theuog_gold_logo-top.png","contentUrl":"https:\/\/theuog.org\/wp-content\/uploads\/2022\/05\/theuog_gold_logo-top.png","width":532,"height":170,"caption":"The University Of God"},"image":{"@id":"https:\/\/theuog.org\/#\/schema\/logo\/image\/"}}]}},"jetpack_sharing_enabled":true,"_links":{"self":[{"href":"https:\/\/theuog.org\/es\/wp-json\/wp\/v2\/pages\/991322","targetHints":{"allow":["GET"]}}],"collection":[{"href":"https:\/\/theuog.org\/es\/wp-json\/wp\/v2\/pages"}],"about":[{"href":"https:\/\/theuog.org\/es\/wp-json\/wp\/v2\/types\/page"}],"author":[{"embeddable":true,"href":"https:\/\/theuog.org\/es\/wp-json\/wp\/v2\/users\/1"}],"replies":[{"embeddable":true,"href":"https:\/\/theuog.org\/es\/wp-json\/wp\/v2\/comments?post=991322"}],"version-history":[{"count":0,"href":"https:\/\/theuog.org\/es\/wp-json\/wp\/v2\/pages\/991322\/revisions"}],"wp:attachment":[{"href":"https:\/\/theuog.org\/es\/wp-json\/wp\/v2\/media?parent=991322"}],"curies":[{"name":"wp","href":"https:\/\/api.w.org\/{rel}","templated":true}]}}