{"id":990264,"date":"2022-06-16T14:23:00","date_gmt":"2022-06-16T12:23:00","guid":{"rendered":"https:\/\/theuog.org\/enseignement\/"},"modified":"2022-07-19T14:09:16","modified_gmt":"2022-07-19T12:09:16","slug":"enseignement","status":"publish","type":"page","link":"https:\/\/theuog.org\/fr\/enseignement\/","title":{"rendered":"ENSEIGNEMENT"},"content":{"rendered":"\t\t<div data-elementor-type=\"wp-page\" data-elementor-id=\"990264\" class=\"elementor elementor-990264 elementor-988824\" data-elementor-post-type=\"page\">\n\t\t\t\t\t\t<section class=\"elementor-section elementor-top-section elementor-element elementor-element-78567fb7 elementor-section-height-min-height elementor-section-boxed elementor-section-height-default elementor-section-items-middle\" data-id=\"78567fb7\" data-element_type=\"section\" data-e-type=\"section\" data-settings=\"{&quot;background_background&quot;:&quot;classic&quot;}\">\n\t\t\t\t\t\t\t<div class=\"elementor-background-overlay\"><\/div>\n\t\t\t\t\t\t\t<div class=\"elementor-container elementor-column-gap-default\">\n\t\t\t\t\t<div class=\"elementor-column elementor-col-100 elementor-top-column elementor-element elementor-element-38a1af46\" data-id=\"38a1af46\" data-element_type=\"column\" data-e-type=\"column\" data-settings=\"{&quot;background_background&quot;:&quot;classic&quot;}\">\n\t\t\t<div class=\"elementor-widget-wrap\">\n\t\t\t\t\t\t\t<\/div>\n\t\t<\/div>\n\t\t\t\t\t<\/div>\n\t\t<\/section>\n\t\t\t\t<section class=\"elementor-section elementor-top-section elementor-element elementor-element-2806553a elementor-section-boxed elementor-section-height-default elementor-section-height-default\" data-id=\"2806553a\" data-element_type=\"section\" data-e-type=\"section\">\n\t\t\t\t\t\t<div class=\"elementor-container elementor-column-gap-no\">\n\t\t\t\t\t<div class=\"elementor-column elementor-col-50 elementor-top-column elementor-element elementor-element-721aaa9 animated-fast elementor-invisible\" data-id=\"721aaa9\" data-element_type=\"column\" data-e-type=\"column\" data-settings=\"{&quot;background_background&quot;:&quot;classic&quot;,&quot;animation&quot;:&quot;fadeIn&quot;,&quot;animation_tablet&quot;:&quot;none&quot;,&quot;animation_mobile&quot;:&quot;none&quot;,&quot;animation_delay&quot;:100}\">\n\t\t\t<div class=\"elementor-widget-wrap elementor-element-populated\">\n\t\t\t\t\t\t\t<\/div>\n\t\t<\/div>\n\t\t\t\t<div class=\"elementor-column elementor-col-50 elementor-top-column elementor-element elementor-element-6885e13a elementor-hidden-desktop elementor-hidden-tablet elementor-hidden-phone\" data-id=\"6885e13a\" data-element_type=\"column\" data-e-type=\"column\">\n\t\t\t<div class=\"elementor-widget-wrap\">\n\t\t\t\t\t\t\t<\/div>\n\t\t<\/div>\n\t\t\t\t\t<\/div>\n\t\t<\/section>\n\t\t\t\t<section class=\"elementor-section elementor-top-section elementor-element elementor-element-790787ce elementor-section-boxed elementor-section-height-default elementor-section-height-default\" data-id=\"790787ce\" data-element_type=\"section\" data-e-type=\"section\">\n\t\t\t\t\t\t<div class=\"elementor-container elementor-column-gap-no\">\n\t\t\t\t\t<div class=\"elementor-column elementor-col-66 elementor-top-column elementor-element elementor-element-300e2494\" data-id=\"300e2494\" data-element_type=\"column\" data-e-type=\"column\">\n\t\t\t<div class=\"elementor-widget-wrap elementor-element-populated\">\n\t\t\t\t\t\t<div class=\"elementor-element elementor-element-54c6a734 elementor-invisible elementor-widget elementor-widget-heading\" data-id=\"54c6a734\" data-element_type=\"widget\" data-e-type=\"widget\" data-settings=\"{&quot;_animation&quot;:&quot;fadeIn&quot;,&quot;_animation_tablet&quot;:&quot;none&quot;,&quot;_animation_mobile&quot;:&quot;none&quot;,&quot;_animation_delay&quot;:100}\" data-widget_type=\"heading.default\">\n\t\t\t\t<div class=\"elementor-widget-container\">\n\t\t\t\t\t<h3 class=\"elementor-heading-title elementor-size-default\">L'ENSEIGNEMENT DE L'UNIVERSIT\u00c9 DE DIEU <\/h3>\t\t\t\t<\/div>\n\t\t\t\t<\/div>\n\t\t\t\t<div class=\"elementor-element elementor-element-10cbf9d1 elementor-widget elementor-widget-text-editor\" data-id=\"10cbf9d1\" data-element_type=\"widget\" data-e-type=\"widget\" data-widget_type=\"text-editor.default\">\n\t\t\t\t<div class=\"elementor-widget-container\">\n\t\t\t\t\t\t\t\t\t<p>J\u00e9sus a premi\u00e8rement donn\u00e9 \u00e0 l&rsquo;\u00e9glise des ap\u00f4tres qui annoncent la Parole de vie et \u00e9tablissent la saine doctrine. Puis, apr\u00e8s les ap\u00f4tres, il a donn\u00e9 des proph\u00e8tes qui annoncent la m\u00eame Parole de r\u00e9v\u00e9lation au c\u0153ur des hommes. . Il a \u00e9tabli des pasteurs et envoy\u00e9 des \u00e9vang\u00e9listes pour annoncer des Paroles de vie avec puissance. Quand un \u00e9vang\u00e9liste pr\u00eache, il rassemble les gens et pr\u00eache au c\u0153ur et c&rsquo;est pour cela que les gens donnent leur vie \u00e0 J\u00e9sus. Apr\u00e8s avoir annonc\u00e9 la bonne nouvelle aux hommes, il faut les nourrir et appeler les pasteurs. Les pasteurs rassembleront tous ces hommes et les emm\u00e8neront dans des \u00e9glises vivantes. C&rsquo;est pourquoi l&rsquo;\u00e9vang\u00e9liste dira : \u00ab\u00a0Allez dans une \u00e9glise vivante.\u00a0\u00bb Et ainsi, les pasteurs commencent \u00e0 les nourrir avec la Parole de vie ; cependant, un pasteur n&rsquo;est pas un enseignant. Il pr\u00eache et prend soin des hommes. C&rsquo;est pourquoi le dernier minist\u00e8re que J\u00e9sus a donn\u00e9 est celui de l&rsquo;enseignement. Un enseignant va s&rsquo;asseoir et prendre toutes ces Paroles et les d\u00e9composer pour que les hommes comprennent ce qu&rsquo;elles disent. Il faut avoir re\u00e7u ce minist\u00e8re pour le faire. Si une personne n&rsquo;a pas re\u00e7u l&rsquo;enseignement des \u00c9critures, elle ne sera pas ancr\u00e9e dans la Parole. Un enseignant veut que les hommes soient fond\u00e9s dans la Parole et deviennent spirituellement matures. Lorsque vous parlez en \u00e9tant conduit par Celui qui est en vous, chaque Parole que vous prononcez p\u00e9n\u00e8tre le c\u0153ur des hommes.<\/p><p>Les Pharisiens et les Sadduc\u00e9ens ont enseign\u00e9 la loi de Mo\u00efse pendant des g\u00e9n\u00e9rations, mais ils n&rsquo;en avaient pas la compr\u00e9hension spirituelle <i><b>(<\/b> <strong>2 Corinthiens 3:13-14<\/strong>)<\/i>. Lorsque J\u00e9sus est venu, il avait la Parole en Esprit et en vie et a enseign\u00e9 avec puissance et autorit\u00e9 <strong><em>(Matthieu 7:29).<\/em><\/strong> Il a annonc\u00e9 un message que personne n&rsquo;avait entendu auparavant &#8211; contournant l\u2019intelligence, Il a parl\u00e9 directement au c\u0153ur des hommes. Il a annonc\u00e9 un message que personne n&rsquo;avait entendu auparavant &#8211; contournant l\u2019intelligence, Il a parl\u00e9 directement au c\u0153ur des hommes. Ses Paroles ne sont jamais limit\u00e9es dans le temps et tout comme ce fut autrefois, il en est de m\u00eame aujourd&rsquo;hui : La foi vient en entendant cette Parole vivante. Les pharisiens ont essay\u00e9 de r\u00e9pondre par la connaissance issue des sens &#8211; en employant des paroles vides, l&rsquo;histoire, des r\u00e9cits et la lettre de la loi, et ont fini par abandonner les commandements de Dieu pour observer les traditions des hommes <strong><em>(Mark 7:8).<\/em><\/strong>). Cette crise de notre foi se poursuit encore aujourd&rsquo;hui. Nous ne sommes pas rendus spirituels par la th\u00e9orie, l&rsquo;histoire ou la philosophie de la Parole, mais en vivant dans la Parole et par la Parole qui vit en nous.<\/p><p style=\"text-align: center;\"><strong><em>\u00ab\u00a0Notre c\u0153ur ne br\u00fblait-il pas au dedans de nous, lorsqu&rsquo;Il nous parlait en chemin <br>chemin et nous expliquait les \u00c9critures ?\u00a0\u00bb Luc 24:32<\/em><\/strong><\/p><p style=\"text-align: left;\">Pendant combien de temps encore allons-nous essayer de raisonner avec Dieu et Sa Parole au lieu d&rsquo;ouvrir notre c\u0153ur \u00e0 Son Esprit ?<\/p><p>Dieu ne fait rien sans Sa Parole. Nous devons \u00eatre brut! En d&rsquo;autres termes, nous devons revenir au Fondement : La Sainte Bible. Elle est le guide du Chr\u00e9tien pour la croyance et la mise en pratique, et contient la v\u00e9rit\u00e9 du Christ. Nous devons comprendre la Bible de mani\u00e8re plus claire et plus concr\u00e8te. La Bible n&rsquo;est pas un livre ordinaire ; Elle est la lettre inspir\u00e9e par le Saint-Esprit. C&rsquo;est un livre qui nous lit en m\u00eame temps que nous le lisons ; il exige un type de lecture hors du commun. La juste connaissance de la Parole conduit \u00e0 une mise en pratique de la Parole dans la justice dans notre vie quotidienne et notre marche avec le Seigneur. Nul ne peut la comprendre ou la mettre en pratique dans sa vie sans l&rsquo;aide du Saint-Esprit. Sans la puissance de la gr\u00e2ce venant du Saint-Esprit, nous ne pouvons pas acc\u00e9der \u00e0 la partie concr\u00e8te du Christianisme.<\/p><p>Lorsque votre c\u0153ur est ferm\u00e9, la connaissance issue des sens prend le dessus et vous ne pouvez pas agir avec Dieu. C&rsquo;est seulement lorsque la Parole entre dans notre c\u0153ur que l&rsquo;Esprit agit sur elle. Il est temps de retourner \u00e0 l&rsquo;universit\u00e9 de Dieu et de chercher l&rsquo;Esprit.<\/p><p>Rejoignez-nous dans l&rsquo;Universit\u00e9 de Dieu. <br>La connaissance issue des sens cesse lorsque vient la r\u00e9v\u00e9lation.<\/p>\t\t\t\t\t\t\t\t<\/div>\n\t\t\t\t<\/div>\n\t\t\t\t<div class=\"elementor-element elementor-element-78f14a2 elementor-widget elementor-widget-image\" data-id=\"78f14a2\" data-element_type=\"widget\" data-e-type=\"widget\" data-widget_type=\"image.default\">\n\t\t\t\t<div class=\"elementor-widget-container\">\n\t\t\t\t\t\t\t\t\t<div class=\"elementor-image\">\n\t\t\t\t\t\t\t\t\t\t\t\t\t\t\t\t\t\t\t\t\t<img decoding=\"async\" width=\"150\" height=\"150\" src=\"https:\/\/theuog.org\/wp-content\/uploads\/2022\/04\/theuog_gold_logo-150x150.png\" class=\"attachment-thumbnail size-thumbnail wp-image-527\" alt=\"\" srcset=\"https:\/\/theuog.org\/wp-content\/uploads\/2022\/04\/theuog_gold_logo-150x150.png 150w, https:\/\/theuog.org\/wp-content\/uploads\/2022\/04\/theuog_gold_logo-100x100.png 100w, https:\/\/theuog.org\/wp-content\/uploads\/2022\/04\/theuog_gold_logo-120x120.png 120w, https:\/\/theuog.org\/wp-content\/uploads\/2022\/04\/theuog_gold_logo.png 228w\" sizes=\"(max-width: 150px) 100vw, 150px\" \/>\t\t\t\t\t\t\t\t\t\t\t\t\t\t\t\t\t\t\t\t\t\t\t\t<\/div>\n\t\t\t\t\t\t\t\t<\/div>\n\t\t\t\t<\/div>\n\t\t\t\t<div class=\"elementor-element elementor-element-ac659db elementor-widget elementor-widget-heading\" data-id=\"ac659db\" data-element_type=\"widget\" data-e-type=\"widget\" data-widget_type=\"heading.default\">\n\t\t\t\t<div class=\"elementor-widget-container\">\n\t\t\t\t\t<h3 class=\"elementor-heading-title elementor-size-default\">Rejoignez-nous dans l'Universit\u00e9 de Dieu.<\/h3>\t\t\t\t<\/div>\n\t\t\t\t<\/div>\n\t\t\t\t<section class=\"elementor-section elementor-inner-section elementor-element elementor-element-21ef29e elementor-section-boxed elementor-section-height-default elementor-section-height-default\" data-id=\"21ef29e\" data-element_type=\"section\" data-e-type=\"section\" data-settings=\"{&quot;background_background&quot;:&quot;classic&quot;}\">\n\t\t\t\t\t\t<div class=\"elementor-container elementor-column-gap-default\">\n\t\t\t\t\t<div class=\"elementor-column elementor-col-50 elementor-inner-column elementor-element elementor-element-8ec9b60\" data-id=\"8ec9b60\" data-element_type=\"column\" data-e-type=\"column\">\n\t\t\t<div class=\"elementor-widget-wrap elementor-element-populated\">\n\t\t\t\t\t\t<div class=\"elementor-element elementor-element-127afb7 elementor-widget elementor-widget-image\" data-id=\"127afb7\" data-element_type=\"widget\" data-e-type=\"widget\" data-widget_type=\"image.default\">\n\t\t\t\t<div class=\"elementor-widget-container\">\n\t\t\t\t\t\t\t\t\t<div class=\"elementor-image\">\n\t\t\t\t\t\t\t\t\t\t\t\t\t\t\t\t\t\t\t\t\t<img fetchpriority=\"high\" decoding=\"async\" width=\"300\" height=\"200\" src=\"https:\/\/theuog.org\/wp-content\/uploads\/2022\/06\/WhatsApp-Image-2022-06-14-at-19.38.20-300x200.png\" class=\"attachment-medium size-medium wp-image-988735\" alt=\"\" srcset=\"https:\/\/theuog.org\/wp-content\/uploads\/2022\/06\/WhatsApp-Image-2022-06-14-at-19.38.20-300x200.png 300w, https:\/\/theuog.org\/wp-content\/uploads\/2022\/06\/WhatsApp-Image-2022-06-14-at-19.38.20-1024x682.png 1024w, https:\/\/theuog.org\/wp-content\/uploads\/2022\/06\/WhatsApp-Image-2022-06-14-at-19.38.20-768x512.png 768w, https:\/\/theuog.org\/wp-content\/uploads\/2022\/06\/WhatsApp-Image-2022-06-14-at-19.38.20-1536x1023.png 1536w, https:\/\/theuog.org\/wp-content\/uploads\/2022\/06\/WhatsApp-Image-2022-06-14-at-19.38.20-840x560.png 840w, https:\/\/theuog.org\/wp-content\/uploads\/2022\/06\/WhatsApp-Image-2022-06-14-at-19.38.20-1260x839.png 1260w, https:\/\/theuog.org\/wp-content\/uploads\/2022\/06\/WhatsApp-Image-2022-06-14-at-19.38.20-420x280.png 420w, https:\/\/theuog.org\/wp-content\/uploads\/2022\/06\/WhatsApp-Image-2022-06-14-at-19.38.20-630x420.png 630w, https:\/\/theuog.org\/wp-content\/uploads\/2022\/06\/WhatsApp-Image-2022-06-14-at-19.38.20.png 1600w\" sizes=\"(max-width: 300px) 100vw, 300px\" \/>\t\t\t\t\t\t\t\t\t\t\t\t\t\t\t\t\t\t\t\t\t\t\t\t<\/div>\n\t\t\t\t\t\t\t\t<\/div>\n\t\t\t\t<\/div>\n\t\t\t\t\t<\/div>\n\t\t<\/div>\n\t\t\t\t<div class=\"elementor-column elementor-col-50 elementor-inner-column elementor-element elementor-element-2c9b1f6\" data-id=\"2c9b1f6\" data-element_type=\"column\" data-e-type=\"column\">\n\t\t\t<div class=\"elementor-widget-wrap\">\n\t\t\t\t\t\t\t<\/div>\n\t\t<\/div>\n\t\t\t\t\t<\/div>\n\t\t<\/section>\n\t\t\t\t\t<\/div>\n\t\t<\/div>\n\t\t\t\t<div class=\"elementor-column elementor-col-33 elementor-top-column elementor-element elementor-element-60e5cccd\" data-id=\"60e5cccd\" data-element_type=\"column\" data-e-type=\"column\">\n\t\t\t<div class=\"elementor-widget-wrap elementor-element-populated\">\n\t\t\t\t\t\t<section class=\"elementor-section elementor-inner-section elementor-element elementor-element-3eda7a6d elementor-section-full_width elementor-section-height-default elementor-section-height-default\" data-id=\"3eda7a6d\" data-element_type=\"section\" data-e-type=\"section\" data-settings=\"{&quot;background_background&quot;:&quot;classic&quot;,&quot;sticky&quot;:&quot;top&quot;,&quot;sticky_offset&quot;:150,&quot;sticky_parent&quot;:&quot;yes&quot;,&quot;sticky_on&quot;:[&quot;desktop&quot;,&quot;tablet&quot;,&quot;mobile&quot;],&quot;sticky_effects_offset&quot;:0,&quot;sticky_anchor_link_offset&quot;:0}\">\n\t\t\t\t\t\t<div class=\"elementor-container elementor-column-gap-no\">\n\t\t\t\t\t<div class=\"elementor-column elementor-col-100 elementor-inner-column elementor-element elementor-element-52a9205a\" data-id=\"52a9205a\" data-element_type=\"column\" data-e-type=\"column\" data-settings=\"{&quot;background_background&quot;:&quot;classic&quot;}\">\n\t\t\t<div class=\"elementor-widget-wrap elementor-element-populated\">\n\t\t\t\t\t\t<div class=\"elementor-element elementor-element-d9d4d38 elementor-widget elementor-widget-text-editor\" data-id=\"d9d4d38\" data-element_type=\"widget\" data-e-type=\"widget\" data-widget_type=\"text-editor.default\">\n\t\t\t\t<div class=\"elementor-widget-container\">\n\t\t\t\t\t\t\t\t\t<p><strong>DIEU SE CACHE : <\/strong><\/p><p>FOUNDATION SERIES : UN PAS DANS LE SURNATUREL<\/p>\t\t\t\t\t\t\t\t<\/div>\n\t\t\t\t<\/div>\n\t\t\t\t\t<\/div>\n\t\t<\/div>\n\t\t\t\t\t<\/div>\n\t\t<\/section>\n\t\t\t\t<section class=\"elementor-section elementor-inner-section elementor-element elementor-element-094e430 elementor-section-boxed elementor-section-height-default elementor-section-height-default\" data-id=\"094e430\" data-element_type=\"section\" data-e-type=\"section\" data-settings=\"{&quot;background_background&quot;:&quot;classic&quot;,&quot;sticky&quot;:&quot;top&quot;,&quot;sticky_offset&quot;:325,&quot;sticky_parent&quot;:&quot;yes&quot;,&quot;sticky_on&quot;:[&quot;desktop&quot;,&quot;tablet&quot;,&quot;mobile&quot;],&quot;sticky_effects_offset&quot;:0,&quot;sticky_anchor_link_offset&quot;:0}\">\n\t\t\t\t\t\t<div class=\"elementor-container elementor-column-gap-default\">\n\t\t\t\t\t<div class=\"elementor-column elementor-col-100 elementor-inner-column elementor-element elementor-element-59313bc\" data-id=\"59313bc\" data-element_type=\"column\" data-e-type=\"column\">\n\t\t\t<div class=\"elementor-widget-wrap elementor-element-populated\">\n\t\t\t\t\t\t<div class=\"elementor-element elementor-element-722b084 elementor-view-default elementor-widget elementor-widget-icon\" data-id=\"722b084\" data-element_type=\"widget\" data-e-type=\"widget\" data-widget_type=\"icon.default\">\n\t\t\t\t<div class=\"elementor-widget-container\">\n\t\t\t\t\t\t\t<div class=\"elementor-icon-wrapper\">\n\t\t\t<a class=\"elementor-icon\" href=\"https:\/\/theuog.org\/teachings\/god-hides-himself\/\">\n\t\t\t<i aria-hidden=\"true\" class=\"vamtamtheme- vamtam-theme-play\"><\/i>\t\t\t<\/a>\n\t\t<\/div>\n\t\t\t\t\t\t<\/div>\n\t\t\t\t<\/div>\n\t\t\t\t\t<\/div>\n\t\t<\/div>\n\t\t\t\t\t<\/div>\n\t\t<\/section>\n\t\t\t\t\t<\/div>\n\t\t<\/div>\n\t\t\t\t\t<\/div>\n\t\t<\/section>\n\t\t\t\t<\/div>\n\t\t","protected":false},"excerpt":{"rendered":"<p>L&rsquo;ENSEIGNEMENT DE L&rsquo;UNIVERSIT\u00c9 DE DIEU Foundation Series 1 God Hides Himself Explorer J\u00e9sus a premi\u00e8rement donn\u00e9 \u00e0 l&rsquo;\u00e9glise des ap\u00f4tres qui annoncent la Parole de vie et \u00e9tablissent la saine&#8230;<\/p>\n","protected":false},"author":1,"featured_media":0,"parent":0,"menu_order":0,"comment_status":"closed","ping_status":"closed","template":"elementor_header_footer","meta":{"footnotes":""},"class_list":["post-990264","page","type-page","status-publish","hentry"],"yoast_head":"<!-- This site is optimized with the Yoast SEO plugin v27.4 - https:\/\/yoast.com\/product\/yoast-seo-wordpress\/ -->\n<title>ENSEIGNEMENT - The University Of God<\/title>\n<meta name=\"robots\" content=\"index, follow, max-snippet:-1, max-image-preview:large, max-video-preview:-1\" \/>\n<link rel=\"canonical\" href=\"https:\/\/theuog.org\/teaching\/\" \/>\n<meta property=\"og:locale\" content=\"fr_FR\" \/>\n<meta property=\"og:type\" content=\"article\" \/>\n<meta property=\"og:title\" content=\"ENSEIGNEMENT - The University Of God\" \/>\n<meta property=\"og:description\" content=\"L&rsquo;ENSEIGNEMENT DE L&rsquo;UNIVERSIT\u00c9 DE DIEU Foundation Series 1 God Hides Himself Explorer J\u00e9sus a premi\u00e8rement donn\u00e9 \u00e0 l&rsquo;\u00e9glise des ap\u00f4tres qui annoncent la Parole de vie et \u00e9tablissent la saine...\" \/>\n<meta property=\"og:url\" content=\"https:\/\/theuog.org\/teaching\/\" \/>\n<meta property=\"og:site_name\" content=\"The University Of God\" \/>\n<meta property=\"article:modified_time\" content=\"2022-07-19T12:09:16+00:00\" \/>\n<meta property=\"og:image\" content=\"https:\/\/theuog.org\/wp-content\/plugins\/betterdocs\/admin\/assets\/img\/betterdocs-cat-icon.svg\" \/>\n<meta name=\"twitter:card\" content=\"summary_large_image\" \/>\n<meta name=\"twitter:label1\" content=\"Dur\u00e9e de lecture estim\u00e9e\" \/>\n\t<meta name=\"twitter:data1\" content=\"4 minutes\" \/>\n<script type=\"application\/ld+json\" class=\"yoast-schema-graph\">{\"@context\":\"https:\\\/\\\/schema.org\",\"@graph\":[{\"@type\":\"WebPage\",\"@id\":\"https:\\\/\\\/theuog.org\\\/teaching\\\/\",\"url\":\"https:\\\/\\\/theuog.org\\\/teaching\\\/\",\"name\":\"ENSEIGNEMENT - The University Of God\",\"isPartOf\":{\"@id\":\"https:\\\/\\\/theuog.org\\\/#website\"},\"primaryImageOfPage\":{\"@id\":\"https:\\\/\\\/theuog.org\\\/teaching\\\/#primaryimage\"},\"image\":{\"@id\":\"https:\\\/\\\/theuog.org\\\/teaching\\\/#primaryimage\"},\"thumbnailUrl\":\"https:\\\/\\\/theuog.org\\\/wp-content\\\/plugins\\\/betterdocs\\\/admin\\\/assets\\\/img\\\/betterdocs-cat-icon.svg\",\"datePublished\":\"2022-06-16T12:23:00+00:00\",\"dateModified\":\"2022-07-19T12:09:16+00:00\",\"breadcrumb\":{\"@id\":\"https:\\\/\\\/theuog.org\\\/teaching\\\/#breadcrumb\"},\"inLanguage\":\"fr-FR\",\"potentialAction\":[{\"@type\":\"ReadAction\",\"target\":[\"https:\\\/\\\/theuog.org\\\/teaching\\\/\"]}]},{\"@type\":\"ImageObject\",\"inLanguage\":\"fr-FR\",\"@id\":\"https:\\\/\\\/theuog.org\\\/teaching\\\/#primaryimage\",\"url\":\"https:\\\/\\\/theuog.org\\\/wp-content\\\/plugins\\\/betterdocs\\\/admin\\\/assets\\\/img\\\/betterdocs-cat-icon.svg\",\"contentUrl\":\"https:\\\/\\\/theuog.org\\\/wp-content\\\/plugins\\\/betterdocs\\\/admin\\\/assets\\\/img\\\/betterdocs-cat-icon.svg\"},{\"@type\":\"BreadcrumbList\",\"@id\":\"https:\\\/\\\/theuog.org\\\/teaching\\\/#breadcrumb\",\"itemListElement\":[{\"@type\":\"ListItem\",\"position\":1,\"name\":\"Home\",\"item\":\"https:\\\/\\\/theuog.org\\\/\"},{\"@type\":\"ListItem\",\"position\":2,\"name\":\"ENSEIGNEMENT\"}]},{\"@type\":\"WebSite\",\"@id\":\"https:\\\/\\\/theuog.org\\\/#website\",\"url\":\"https:\\\/\\\/theuog.org\\\/\",\"name\":\"The University Of God\",\"description\":\"Sense knowledge ceases when revelation comes.\",\"publisher\":{\"@id\":\"https:\\\/\\\/theuog.org\\\/#organization\"},\"potentialAction\":[{\"@type\":\"SearchAction\",\"target\":{\"@type\":\"EntryPoint\",\"urlTemplate\":\"https:\\\/\\\/theuog.org\\\/?s={search_term_string}\"},\"query-input\":{\"@type\":\"PropertyValueSpecification\",\"valueRequired\":true,\"valueName\":\"search_term_string\"}}],\"inLanguage\":\"fr-FR\"},{\"@type\":\"Organization\",\"@id\":\"https:\\\/\\\/theuog.org\\\/#organization\",\"name\":\"The University Of God\",\"url\":\"https:\\\/\\\/theuog.org\\\/\",\"logo\":{\"@type\":\"ImageObject\",\"inLanguage\":\"fr-FR\",\"@id\":\"https:\\\/\\\/theuog.org\\\/#\\\/schema\\\/logo\\\/image\\\/\",\"url\":\"https:\\\/\\\/theuog.org\\\/wp-content\\\/uploads\\\/2022\\\/05\\\/theuog_gold_logo-top.png\",\"contentUrl\":\"https:\\\/\\\/theuog.org\\\/wp-content\\\/uploads\\\/2022\\\/05\\\/theuog_gold_logo-top.png\",\"width\":532,\"height\":170,\"caption\":\"The University Of God\"},\"image\":{\"@id\":\"https:\\\/\\\/theuog.org\\\/#\\\/schema\\\/logo\\\/image\\\/\"}}]}<\/script>\n<!-- \/ Yoast SEO plugin. -->","yoast_head_json":{"title":"ENSEIGNEMENT - The University Of God","robots":{"index":"index","follow":"follow","max-snippet":"max-snippet:-1","max-image-preview":"max-image-preview:large","max-video-preview":"max-video-preview:-1"},"canonical":"https:\/\/theuog.org\/teaching\/","og_locale":"fr_FR","og_type":"article","og_title":"ENSEIGNEMENT - The University Of God","og_description":"L&rsquo;ENSEIGNEMENT DE L&rsquo;UNIVERSIT\u00c9 DE DIEU Foundation Series 1 God Hides Himself Explorer J\u00e9sus a premi\u00e8rement donn\u00e9 \u00e0 l&rsquo;\u00e9glise des ap\u00f4tres qui annoncent la Parole de vie et \u00e9tablissent la saine...","og_url":"https:\/\/theuog.org\/teaching\/","og_site_name":"The University Of God","article_modified_time":"2022-07-19T12:09:16+00:00","og_image":[{"url":"https:\/\/theuog.org\/wp-content\/plugins\/betterdocs\/admin\/assets\/img\/betterdocs-cat-icon.svg","type":"","width":"","height":""}],"twitter_card":"summary_large_image","twitter_misc":{"Dur\u00e9e de lecture estim\u00e9e":"4 minutes"},"schema":{"@context":"https:\/\/schema.org","@graph":[{"@type":"WebPage","@id":"https:\/\/theuog.org\/teaching\/","url":"https:\/\/theuog.org\/teaching\/","name":"ENSEIGNEMENT - The University Of God","isPartOf":{"@id":"https:\/\/theuog.org\/#website"},"primaryImageOfPage":{"@id":"https:\/\/theuog.org\/teaching\/#primaryimage"},"image":{"@id":"https:\/\/theuog.org\/teaching\/#primaryimage"},"thumbnailUrl":"https:\/\/theuog.org\/wp-content\/plugins\/betterdocs\/admin\/assets\/img\/betterdocs-cat-icon.svg","datePublished":"2022-06-16T12:23:00+00:00","dateModified":"2022-07-19T12:09:16+00:00","breadcrumb":{"@id":"https:\/\/theuog.org\/teaching\/#breadcrumb"},"inLanguage":"fr-FR","potentialAction":[{"@type":"ReadAction","target":["https:\/\/theuog.org\/teaching\/"]}]},{"@type":"ImageObject","inLanguage":"fr-FR","@id":"https:\/\/theuog.org\/teaching\/#primaryimage","url":"https:\/\/theuog.org\/wp-content\/plugins\/betterdocs\/admin\/assets\/img\/betterdocs-cat-icon.svg","contentUrl":"https:\/\/theuog.org\/wp-content\/plugins\/betterdocs\/admin\/assets\/img\/betterdocs-cat-icon.svg"},{"@type":"BreadcrumbList","@id":"https:\/\/theuog.org\/teaching\/#breadcrumb","itemListElement":[{"@type":"ListItem","position":1,"name":"Home","item":"https:\/\/theuog.org\/"},{"@type":"ListItem","position":2,"name":"ENSEIGNEMENT"}]},{"@type":"WebSite","@id":"https:\/\/theuog.org\/#website","url":"https:\/\/theuog.org\/","name":"The University Of God","description":"Sense knowledge ceases when revelation comes.","publisher":{"@id":"https:\/\/theuog.org\/#organization"},"potentialAction":[{"@type":"SearchAction","target":{"@type":"EntryPoint","urlTemplate":"https:\/\/theuog.org\/?s={search_term_string}"},"query-input":{"@type":"PropertyValueSpecification","valueRequired":true,"valueName":"search_term_string"}}],"inLanguage":"fr-FR"},{"@type":"Organization","@id":"https:\/\/theuog.org\/#organization","name":"The University Of God","url":"https:\/\/theuog.org\/","logo":{"@type":"ImageObject","inLanguage":"fr-FR","@id":"https:\/\/theuog.org\/#\/schema\/logo\/image\/","url":"https:\/\/theuog.org\/wp-content\/uploads\/2022\/05\/theuog_gold_logo-top.png","contentUrl":"https:\/\/theuog.org\/wp-content\/uploads\/2022\/05\/theuog_gold_logo-top.png","width":532,"height":170,"caption":"The University Of God"},"image":{"@id":"https:\/\/theuog.org\/#\/schema\/logo\/image\/"}}]}},"jetpack_sharing_enabled":true,"_links":{"self":[{"href":"https:\/\/theuog.org\/fr\/wp-json\/wp\/v2\/pages\/990264","targetHints":{"allow":["GET"]}}],"collection":[{"href":"https:\/\/theuog.org\/fr\/wp-json\/wp\/v2\/pages"}],"about":[{"href":"https:\/\/theuog.org\/fr\/wp-json\/wp\/v2\/types\/page"}],"author":[{"embeddable":true,"href":"https:\/\/theuog.org\/fr\/wp-json\/wp\/v2\/users\/1"}],"replies":[{"embeddable":true,"href":"https:\/\/theuog.org\/fr\/wp-json\/wp\/v2\/comments?post=990264"}],"version-history":[{"count":0,"href":"https:\/\/theuog.org\/fr\/wp-json\/wp\/v2\/pages\/990264\/revisions"}],"wp:attachment":[{"href":"https:\/\/theuog.org\/fr\/wp-json\/wp\/v2\/media?parent=990264"}],"curies":[{"name":"wp","href":"https:\/\/api.w.org\/{rel}","templated":true}]}}