{"id":990957,"date":"2021-01-02T11:43:24","date_gmt":"2021-01-02T10:43:24","guid":{"rendered":"https:\/\/theuog.org\/nous-contacter-demande-de-priere\/"},"modified":"2022-07-19T13:18:00","modified_gmt":"2022-07-19T11:18:00","slug":"nous-contacter-demande-de-priere","status":"publish","type":"page","link":"https:\/\/theuog.org\/fr\/nous-contacter-demande-de-priere\/","title":{"rendered":"Nous contacter \/ Demande de pri\u00e8re"},"content":{"rendered":"\t\t<div data-elementor-type=\"wp-page\" data-elementor-id=\"990957\" class=\"elementor elementor-990957 elementor-11102\" data-elementor-post-type=\"page\">\n\t\t\t\t\t\t<section class=\"elementor-section elementor-top-section elementor-element elementor-element-a7db413 elementor-section-height-min-height elementor-section-boxed elementor-section-height-default elementor-section-items-middle\" data-id=\"a7db413\" data-element_type=\"section\" data-e-type=\"section\" data-settings=\"{&quot;background_background&quot;:&quot;classic&quot;}\">\n\t\t\t\t\t\t<div class=\"elementor-container elementor-column-gap-default\">\n\t\t\t\t\t<div class=\"elementor-column elementor-col-100 elementor-top-column elementor-element elementor-element-d71ae72\" data-id=\"d71ae72\" data-element_type=\"column\" data-e-type=\"column\" data-settings=\"{&quot;background_background&quot;:&quot;classic&quot;}\">\n\t\t\t<div class=\"elementor-widget-wrap\">\n\t\t\t\t\t\t\t<\/div>\n\t\t<\/div>\n\t\t\t\t\t<\/div>\n\t\t<\/section>\n\t\t\t\t<section class=\"elementor-section elementor-top-section elementor-element elementor-element-61c7082 elementor-section-boxed elementor-section-height-default elementor-section-height-default\" data-id=\"61c7082\" data-element_type=\"section\" data-e-type=\"section\">\n\t\t\t\t\t\t<div class=\"elementor-container elementor-column-gap-no\">\n\t\t\t\t\t<div class=\"elementor-column elementor-col-100 elementor-top-column elementor-element elementor-element-7f14322\" data-id=\"7f14322\" data-element_type=\"column\" data-e-type=\"column\">\n\t\t\t<div class=\"elementor-widget-wrap elementor-element-populated\">\n\t\t\t\t\t\t<div class=\"elementor-element elementor-element-d8fa178 elementor-widget__width-auto animated-fast elementor-invisible elementor-widget elementor-widget-heading\" data-id=\"d8fa178\" data-element_type=\"widget\" data-e-type=\"widget\" data-settings=\"{&quot;_animation&quot;:&quot;fadeIn&quot;,&quot;_animation_tablet&quot;:&quot;none&quot;,&quot;_animation_mobile&quot;:&quot;none&quot;,&quot;_animation_delay&quot;:100}\" data-widget_type=\"heading.default\">\n\t\t\t\t<div class=\"elementor-widget-container\">\n\t\t\t\t\t<h1 class=\"elementor-heading-title elementor-size-default\">contactez-nous<\/h1>\t\t\t\t<\/div>\n\t\t\t\t<\/div>\n\t\t\t\t\t<\/div>\n\t\t<\/div>\n\t\t\t\t\t<\/div>\n\t\t<\/section>\n\t\t\t\t<section class=\"elementor-section elementor-top-section elementor-element elementor-element-bf87cfc elementor-section-boxed elementor-section-height-default elementor-section-height-default\" data-id=\"bf87cfc\" data-element_type=\"section\" data-e-type=\"section\">\n\t\t\t\t\t\t<div class=\"elementor-container elementor-column-gap-no\">\n\t\t\t\t\t<div class=\"elementor-column elementor-col-100 elementor-top-column elementor-element elementor-element-1703df8\" data-id=\"1703df8\" data-element_type=\"column\" data-e-type=\"column\" data-settings=\"{&quot;animation&quot;:&quot;none&quot;,&quot;animation_tablet&quot;:&quot;none&quot;,&quot;animation_mobile&quot;:&quot;none&quot;,&quot;animation_delay&quot;:200}\">\n\t\t\t<div class=\"elementor-widget-wrap elementor-element-populated\">\n\t\t\t\t\t\t<div class=\"elementor-element elementor-element-4b3f892 elementor-widget elementor-widget-eael-adv-accordion\" data-id=\"4b3f892\" data-element_type=\"widget\" data-e-type=\"widget\" data-widget_type=\"eael-adv-accordion.default\">\n\t\t\t\t<div class=\"elementor-widget-container\">\n\t\t\t\t\t            <div class=\"eael-adv-accordion\" id=\"eael-adv-accordion-4b3f892\" data-scroll-on-click=\"no\" data-scroll-speed=\"300\" data-accordion-id=\"4b3f892\" data-accordion-type=\"accordion\" data-toogle-speed=\"300\">\n            <div class=\"eael-accordion-list\">\n\t\t\t\t\t<div id=\"requte-de-prire\" class=\"elementor-tab-title eael-accordion-header\" tabindex=\"0\" data-tab=\"1\" aria-controls=\"elementor-tab-content-7891\"><span class=\"eael-advanced-accordion-icon-closed\"><i aria-hidden=\"true\" class=\"fa-accordion-icon vamtamtheme- vamtam-theme-arrow-right-short\"><\/i><\/span><span class=\"eael-advanced-accordion-icon-opened\"><i aria-hidden=\"true\" class=\"fa-accordion-icon fas fa-minus\"><\/i><\/span><span class=\"eael-accordion-tab-title\">Requ\u00eate De Pri\u00e8re<\/span><\/div><div id=\"elementor-tab-content-7891\" class=\"eael-accordion-content clearfix\" data-tab=\"1\" aria-labelledby=\"requte-de-prire\"><p>Avez-vous l&rsquo;impression que Dieu est loin de vous ? La pri\u00e8re est le chemin le plus court entre votre c\u0153ur et Dieu. C&rsquo;est la reconnaissance de l&rsquo;existence d&rsquo;un royaume sup\u00e9rieur qui r\u00e9git les mondes visible et invisible. Par la pri\u00e8re, nous nous emparons de Dieu par la foi. Oui, la pri\u00e8re est une r\u00e9alit\u00e9 ; il ne s&rsquo;agit pas seulement de parler dans l&rsquo;espace. <strong><em>Matthieu 7:7<\/em><\/strong> dit que c&rsquo;est la volont\u00e9 de Dieu d&rsquo;exaucer nos pri\u00e8res ! Dieu r\u00e9pond toujours \u00e0 la pri\u00e8re de la foi, mais Il n&rsquo;y r\u00e9pond pas toujours \u00e0 la lettre.<\/p><p>Ainsi, lorsque vous envoyez votre demande de pri\u00e8re \u00e0 l&rsquo;Universit\u00e9 de Dieu, rappelez-vous ce que J\u00e9sus a dit dans <strong><em>Matthieu 15:8 !<\/em><\/strong> Engagez votre c\u0153ur ! Parlez \u00e0 votre c\u0153ur ; c&rsquo;est le temple de Dieu ; c&rsquo;est l&rsquo;autel de Dieu ; c&rsquo;est le communicateur entre le visible et l&rsquo;invisible. Dans la pri\u00e8re, nous parlons \u00e0 Dieu, qui est un Esprit, dans l&rsquo;Esprit. N&rsquo;oubliez pas que Dieu n&rsquo;a pas toujours besoin de nos paroles pour le pousser \u00e0 agir ; Il a ses propres moyens de mettre en \u0153uvre Sa volont\u00e9 dans l&rsquo;univers. Notre communication avec Dieu dans la pri\u00e8re est imparfaite si nous ne sommes pas aid\u00e9s par le Saint-Esprit. Ainsi, l&rsquo;Esprit du P\u00e8re, qui habite dans notre c\u0153ur, nous permet de nous \u00e9crier naturellement \u00ab\u00a0Abba P\u00e8re\u00a0\u00bb !<\/p><p>Apprenez donc \u00e0 engager votre c\u0153ur !<\/p><p>\u00ab\u00a0Mon c\u0153ur, \u00e9coute la voix de l&rsquo;Esprit, \u00e9coute la voix de Dieu !\u00a0\u00bb<\/p><p>Laissez la puissance du Saint-Esprit entrer en contact avec votre esprit pour vous donner la force de prier. Si vous remettez vos probl\u00e8mes entre les mains de J\u00e9sus, notre M\u00e9diateur, en venant \u00e0 Dieu dans la pri\u00e8re, il vous donnera le repos <strong><em>(Matthieu 11:28)<\/em><\/strong>.<\/p><p><strong><em>Matthieu 18:20<\/em><\/strong> est l&rsquo;assurance de la victoire ! Vous et nous, ensemble, au nom de J\u00e9sus, pouvons emp\u00eacher Satan d&rsquo;interf\u00e9rer dans votre vie, votre mariage, votre sant\u00e9, votre esprit et votre avenir !<\/p><p>Envoyez votre demande de pri\u00e8re \u00e0 l&rsquo;Universit\u00e9 de Dieu en remplissant le formulaire ci-dessous.<\/p><\/div>\n\t\t\t\t\t<\/div><div class=\"eael-accordion-list\">\n\t\t\t\t\t<div id=\"tmoignage\" class=\"elementor-tab-title eael-accordion-header\" tabindex=\"0\" data-tab=\"2\" aria-controls=\"elementor-tab-content-7892\"><span class=\"eael-advanced-accordion-icon-closed\"><i aria-hidden=\"true\" class=\"fa-accordion-icon vamtamtheme- vamtam-theme-arrow-right-short\"><\/i><\/span><span class=\"eael-advanced-accordion-icon-opened\"><i aria-hidden=\"true\" class=\"fa-accordion-icon fas fa-minus\"><\/i><\/span><span class=\"eael-accordion-tab-title\">T\u00e9moignage<\/span><\/div><div id=\"elementor-tab-content-7892\" class=\"eael-accordion-content clearfix\" data-tab=\"2\" aria-labelledby=\"tmoignage\"><h5><strong><em> <\/em><\/strong><strong><em>\u00ab\u00a0Je sais une chose. J&rsquo;\u00e9tais aveugle, mais maintenant je vois !\u00a0\u00bb Jean 9:25<\/em><\/strong><\/h5><p>Que le salut soit essentiellement une renaissance spirituelle ne signifie pas qu&rsquo;il n&rsquo;a pas d&rsquo;effet sur ton corps,<\/p><p>l&rsquo;esprit et la vie quotidienne. Il peut, et doit, avoir un grand impact sur chaque partie de votre vie<\/p><p>(mental, physique, spirituel, financier et \u00e9motionnel !)<\/p><p>La preuve de J\u00e9sus-Christ, le plus grand gagneur d&rsquo;\u00e2mes que le monde ait jamais connu, ce sont des vies chang\u00e9es ! Dans la Parole vivante de Dieu, il y a un pouvoir de conversion, un pouvoir de purification, un pouvoir de transformation. Partagez avec nous ce que Dieu a fait dans votre vie gr\u00e2ce \u00e0 l&rsquo;Universit\u00e9 de Dieu en remplissant le formulaire ci-dessous.<\/p><\/div>\n\t\t\t\t\t<\/div><div class=\"eael-accordion-list\">\n\t\t\t\t\t<div id=\"envoyer-votre-message\" class=\"elementor-tab-title eael-accordion-header\" tabindex=\"0\" data-tab=\"3\" aria-controls=\"elementor-tab-content-7893\"><span class=\"eael-advanced-accordion-icon-closed\"><i aria-hidden=\"true\" class=\"fa-accordion-icon vamtamtheme- vamtam-theme-arrow-right-short\"><\/i><\/span><span class=\"eael-advanced-accordion-icon-opened\"><i aria-hidden=\"true\" class=\"fa-accordion-icon fas fa-minus\"><\/i><\/span><span class=\"eael-accordion-tab-title\">Envoyer votre message<\/span><\/div><div id=\"elementor-tab-content-7893\" class=\"eael-accordion-content clearfix\" data-tab=\"3\" aria-labelledby=\"envoyer-votre-message\"><p>Mo\u00efse a \u00e9t\u00e9 envoy\u00e9 aux enfants d&rsquo;Isra\u00ebl et Aaron a \u00e9t\u00e9 envoy\u00e9 \u00e0 Mo\u00efse. Nous sommes chr\u00e9tiens par r\u00e9v\u00e9lation. Si Dieu a mis dans votre c\u0153ur le d\u00e9sir de nous contacter, remplissez le formulaire ci-dessous.<\/p><\/div>\n\t\t\t\t\t<\/div><\/div>\t\t\t\t<\/div>\n\t\t\t\t<\/div>\n\t\t\t\t<div class=\"elementor-element elementor-element-8fa11e2 eael-contact-form-7-button-align-left eael-contact-form-7-button-custom elementor-widget elementor-widget-eael-contact-form-7\" data-id=\"8fa11e2\" data-element_type=\"widget\" data-e-type=\"widget\" data-widget_type=\"eael-contact-form-7.default\">\n\t\t\t\t<div class=\"elementor-widget-container\">\n\t\t\t\t\t<div class=\"eael-contact-form-7-wrapper\">\n                <div class=\"eael-contact-form eael-contact-form-7 eael-contact-form-8fa11e2 placeholder-show eael-contact-form-align-default\"><div class=\"eael-contact-form-7-heading\"><\/div>\n<div class=\"wpcf7 no-js\" id=\"wpcf7-f990982-o1\" lang=\"fr-FR\" dir=\"ltr\" data-wpcf7-id=\"990982\">\n<div class=\"screen-reader-response\"><p role=\"status\" aria-live=\"polite\" aria-atomic=\"true\"><\/p> <ul><\/ul><\/div>\n<form action=\"\/fr\/wp-json\/wp\/v2\/pages\/990957#wpcf7-f990982-o1\" method=\"post\" class=\"wpcf7-form init\" aria-label=\"Formulaire de contact\" enctype=\"multipart\/form-data\" novalidate=\"novalidate\" data-status=\"init\">\n<fieldset class=\"hidden-fields-container\"><input type=\"hidden\" name=\"_wpcf7\" value=\"990982\" \/><input type=\"hidden\" name=\"_wpcf7_version\" value=\"6.1.5\" \/><input type=\"hidden\" name=\"_wpcf7_locale\" value=\"fr_FR\" \/><input type=\"hidden\" name=\"_wpcf7_unit_tag\" value=\"wpcf7-f990982-o1\" \/><input type=\"hidden\" name=\"_wpcf7_container_post\" value=\"0\" \/><input type=\"hidden\" name=\"_wpcf7_posted_data_hash\" value=\"\" \/><input type=\"hidden\" name=\"_wpcf7cf_hidden_group_fields\" value=\"[]\" \/><input type=\"hidden\" name=\"_wpcf7cf_hidden_groups\" value=\"[]\" \/><input type=\"hidden\" name=\"_wpcf7cf_visible_groups\" value=\"[]\" \/><input type=\"hidden\" name=\"_wpcf7cf_repeaters\" value=\"[]\" \/><input type=\"hidden\" name=\"_wpcf7cf_steps\" value=\"{}\" \/><input type=\"hidden\" name=\"_wpcf7cf_options\" value=\"{&quot;form_id&quot;:990982,&quot;conditions&quot;:[],&quot;settings&quot;:{&quot;animation&quot;:&quot;yes&quot;,&quot;animation_intime&quot;:200,&quot;animation_outtime&quot;:200,&quot;conditions_ui&quot;:&quot;normal&quot;,&quot;notice_dismissed&quot;:true,&quot;notice_dismissed_rollback-cf7-5.8.6&quot;:true,&quot;notice_dismissed_rollback-cf7-5.8.7&quot;:true}}\" \/><input type=\"hidden\" name=\"_wpcf7_recaptcha_response\" value=\"\" \/>\n<\/fieldset>\n<div class=\"uagb-cf7_styler-col\">\n\t<p><label class=\"uagb-cf7_styler-col-1\"> Civilit\u00e9<br \/>\n<span class=\"wpcf7-form-control-wrap\" data-name=\"title\"><select class=\"wpcf7-form-control wpcf7-select wpcf7-validates-as-required\" aria-required=\"true\" aria-invalid=\"false\" name=\"title\"><option value=\"\">&#8212;Veuillez choisir une option&#8212;<\/option><option value=\"Mr.\">Mr.<\/option><option value=\"Mrs.\">Mrs.<\/option><option value=\"Ms.\">Ms.<\/option><option value=\"Dr.\">Dr.<\/option><option value=\"Esq.\">Esq.<\/option><option value=\"Hon.\">Hon.<\/option><option value=\"Jr.\">Jr.<\/option><option value=\"Msgr.\">Msgr.<\/option><option value=\"Prof.\">Prof.<\/option><option value=\"Rev.\">Rev.<\/option><option value=\"Rt. Hon.\">Rt. Hon.<\/option><option value=\"Sr.\">Sr.<\/option><\/select><\/span><\/label>\n\t<\/p>\n<\/div>\n<div class=\"uagb-cf7_styler-col\">\n\t<p><label class=\"uagb-cf7_styler-col-1\"> Pr\u00e9nom<br \/>\n<span class=\"wpcf7-form-control-wrap\" data-name=\"first-name\"><input size=\"40\" maxlength=\"400\" class=\"wpcf7-form-control wpcf7-text wpcf7-validates-as-required\" aria-required=\"true\" aria-invalid=\"false\" value=\"\" type=\"text\" name=\"first-name\" \/><\/span> <\/label><br \/>\n<label class=\"uagb-cf7_styler-col-1\"> Pr\u00e9nom<br \/>\n<span class=\"wpcf7-form-control-wrap\" data-name=\"last-name\"><input size=\"40\" maxlength=\"400\" class=\"wpcf7-form-control wpcf7-text wpcf7-validates-as-required\" aria-required=\"true\" aria-invalid=\"false\" value=\"\" type=\"text\" name=\"last-name\" \/><\/span> <\/label>\n\t<\/p>\n<\/div>\n<div class=\"uael-cf7-col\">\n\t<p><label> Email<br \/>\n<span class=\"wpcf7-form-control-wrap\" data-name=\"your-email\"><input size=\"40\" maxlength=\"400\" class=\"wpcf7-form-control wpcf7-email wpcf7-validates-as-required wpcf7-text wpcf7-validates-as-email\" aria-required=\"true\" aria-invalid=\"false\" value=\"\" type=\"email\" name=\"your-email\" \/><\/span> <\/label>\n\t<\/p>\n<\/div>\n<div class=\"uael-cf7-col\">\n\t<p><label> Pays<br \/>\n<span class=\"wpcf7-form-control-wrap\" data-name=\"your-countryl\"><input size=\"40\" class=\"wpcf7-form-control wpcf7-countrytext wpcf7-validates-as-required wpcf7-text wpcf7-validates-as-countrytext\" aria-required=\"true\" aria-invalid=\"false\" value=\"\" type=\"text\" name=\"your-countryl\" \/><\/span> <\/label><br \/>\n<label> Num\u00e9ro de t\u00e9l\u00e9phone<br \/>\n<span class=\"wpcf7-form-control-wrap\" data-name=\"phone\"><input size=\"40\" class=\"wpcf7-form-control wpcf7-phonetext wpcf7-validates-as-required wpcf7-text wpcf7-validates-as-phonetext\" aria-required=\"true\" aria-invalid=\"false\" value=\"\" type=\"text\" name=\"phone\" \/><input type=\"hidden\" name=\"phone-country-code\" class=\"wpcf7-phonetext-country-code\" \/><\/span><\/label>\n\t<\/p>\n\t<div>\n\t\t<div class=\"uael-cf7-col\">\n\t\t\t<p><label> Sujet<br \/>\n<span class=\"wpcf7-form-control-wrap\" data-name=\"subject\"><select class=\"wpcf7-form-control wpcf7-select wpcf7-validates-as-required\" aria-required=\"true\" aria-invalid=\"false\" name=\"subject\"><option value=\"\">&#8212;Veuillez choisir une option&#8212;<\/option><option value=\"Prayer Request\">Prayer Request<\/option><option value=\"Message\">Message<\/option><option value=\"Testimony\">Testimony<\/option><\/select><\/span><\/label>\n\t\t\t<\/p>\n\t\t<\/div>\n\t\t<div class=\"uael-cf7-col\">\n\t\t\t<p><label> Votre message<br \/>\n<span class=\"wpcf7-form-control-wrap\" data-name=\"your-message\"><textarea cols=\"40\" rows=\"10\" maxlength=\"2000\" class=\"wpcf7-form-control wpcf7-textarea wpcf7-validates-as-required\" aria-required=\"true\" aria-invalid=\"false\" name=\"your-message\"><\/textarea><\/span> <\/label>\n\t\t\t<\/p>\n\t\t\t<div>\n\t\t\t\t<div class=\"uael-cf7-col\">\n\t\t\t\t\t<p><label> Pi\u00e8ce Jointe (Optionel)<br \/>\n<span class=\"wpcf7-form-control-wrap\" data-name=\"file-502\"><input size=\"40\" class=\"wpcf7-form-control wpcf7-file\" accept=\"audio\/*,video\/*,image\/*\" aria-invalid=\"false\" type=\"file\" name=\"file-502\" \/><\/span><br \/>\n<\/label>\n\t\t\t\t\t<\/p>\n\t\t\t\t<\/div>\n\t\t\t\t<div data-id=\"prayer-group\" data-orig_data_id=\"prayer-group\"  class=\"\" data-class=\"wpcf7cf_group\">\n\t\t\t\t<\/div>\n\t\t\t\t<div data-id=\"testimony-group\" data-orig_data_id=\"testimony-group\"  class=\"\" data-class=\"wpcf7cf_group\">\n\t\t\t\t<\/div>\n\t\t\t\t<div data-id=\"message-group\" data-orig_data_id=\"message-group\"  class=\"\" data-class=\"wpcf7cf_group\">\n\t\t\t\t<\/div>\n\t\t\t\t<div class=\"uael-cf7-col\">\n\t\t\t\t\t<p><input class=\"wpcf7-form-control wpcf7-submit has-spinner\" type=\"submit\" value=\"Submit\" \/>\n\t\t\t\t\t<\/p>\n\t\t\t\t<\/div>\n\t\t\t<\/div>\n\t\t<\/div>\n\t<\/div>\n<\/div><p style=\"display: none !important;\" class=\"akismet-fields-container\" data-prefix=\"_wpcf7_ak_\"><label>&#916;<textarea name=\"_wpcf7_ak_hp_textarea\" cols=\"45\" rows=\"8\" maxlength=\"100\"><\/textarea><\/label><input type=\"hidden\" id=\"ak_js_1\" name=\"_wpcf7_ak_js\" value=\"88\"\/><script>document.getElementById( \"ak_js_1\" ).setAttribute( \"value\", ( new Date() ).getTime() );<\/script><\/p><div class=\"wpcf7-response-output\" aria-hidden=\"true\"><\/div>\n<\/form>\n<\/div>\n<\/div>\n            <\/div>\t\t\t\t<\/div>\n\t\t\t\t<\/div>\n\t\t\t\t\t<\/div>\n\t\t<\/div>\n\t\t\t\t\t<\/div>\n\t\t<\/section>\n\t\t\t\t<\/div>\n\t\t","protected":false},"excerpt":{"rendered":"<p>contactez-nous Requ\u00eate De Pri\u00e8re Avez-vous l&rsquo;impression que Dieu est loin de vous ? La pri\u00e8re est le chemin le plus court entre votre c\u0153ur et Dieu. C&rsquo;est la reconnaissance de&#8230;<\/p>\n","protected":false},"author":1,"featured_media":0,"parent":0,"menu_order":0,"comment_status":"closed","ping_status":"closed","template":"","meta":{"footnotes":""},"class_list":["post-990957","page","type-page","status-publish","hentry"],"yoast_head":"<!-- This site is optimized with the Yoast SEO plugin v27.3 - https:\/\/yoast.com\/product\/yoast-seo-wordpress\/ -->\n<title>Nous contacter \/ Demande de pri\u00e8re - The University Of God<\/title>\n<meta name=\"robots\" content=\"index, follow, max-snippet:-1, max-image-preview:large, max-video-preview:-1\" \/>\n<link rel=\"canonical\" href=\"https:\/\/theuog.org\/contact\/\" \/>\n<meta property=\"og:locale\" content=\"fr_FR\" \/>\n<meta property=\"og:type\" content=\"article\" \/>\n<meta property=\"og:title\" content=\"Nous contacter \/ Demande de pri\u00e8re - The University Of God\" \/>\n<meta property=\"og:description\" content=\"contactez-nous Requ\u00eate De Pri\u00e8re Avez-vous l&rsquo;impression que Dieu est loin de vous ? La pri\u00e8re est le chemin le plus court entre votre c\u0153ur et Dieu. C&rsquo;est la reconnaissance de...\" \/>\n<meta property=\"og:url\" content=\"https:\/\/theuog.org\/contact\/\" \/>\n<meta property=\"og:site_name\" content=\"The University Of God\" \/>\n<meta property=\"article:modified_time\" content=\"2022-07-19T11:18:00+00:00\" \/>\n<meta name=\"twitter:card\" content=\"summary_large_image\" \/>\n<meta name=\"twitter:label1\" content=\"Dur\u00e9e de lecture estim\u00e9e\" \/>\n\t<meta name=\"twitter:data1\" content=\"3 minutes\" \/>\n<script type=\"application\/ld+json\" class=\"yoast-schema-graph\">{\"@context\":\"https:\\\/\\\/schema.org\",\"@graph\":[{\"@type\":\"WebPage\",\"@id\":\"https:\\\/\\\/theuog.org\\\/contact\\\/\",\"url\":\"https:\\\/\\\/theuog.org\\\/contact\\\/\",\"name\":\"Nous contacter \\\/ Demande de pri\u00e8re - The University Of God\",\"isPartOf\":{\"@id\":\"https:\\\/\\\/theuog.org\\\/#website\"},\"datePublished\":\"2021-01-02T10:43:24+00:00\",\"dateModified\":\"2022-07-19T11:18:00+00:00\",\"breadcrumb\":{\"@id\":\"https:\\\/\\\/theuog.org\\\/contact\\\/#breadcrumb\"},\"inLanguage\":\"fr-FR\",\"potentialAction\":[{\"@type\":\"ReadAction\",\"target\":[\"https:\\\/\\\/theuog.org\\\/contact\\\/\"]}]},{\"@type\":\"BreadcrumbList\",\"@id\":\"https:\\\/\\\/theuog.org\\\/contact\\\/#breadcrumb\",\"itemListElement\":[{\"@type\":\"ListItem\",\"position\":1,\"name\":\"Home\",\"item\":\"https:\\\/\\\/theuog.org\\\/\"},{\"@type\":\"ListItem\",\"position\":2,\"name\":\"Nous contacter \\\/ Demande de pri\u00e8re\"}]},{\"@type\":\"WebSite\",\"@id\":\"https:\\\/\\\/theuog.org\\\/#website\",\"url\":\"https:\\\/\\\/theuog.org\\\/\",\"name\":\"The University Of God\",\"description\":\"Sense knowledge ceases when revelation comes.\",\"publisher\":{\"@id\":\"https:\\\/\\\/theuog.org\\\/#organization\"},\"potentialAction\":[{\"@type\":\"SearchAction\",\"target\":{\"@type\":\"EntryPoint\",\"urlTemplate\":\"https:\\\/\\\/theuog.org\\\/?s={search_term_string}\"},\"query-input\":{\"@type\":\"PropertyValueSpecification\",\"valueRequired\":true,\"valueName\":\"search_term_string\"}}],\"inLanguage\":\"fr-FR\"},{\"@type\":\"Organization\",\"@id\":\"https:\\\/\\\/theuog.org\\\/#organization\",\"name\":\"The University Of God\",\"url\":\"https:\\\/\\\/theuog.org\\\/\",\"logo\":{\"@type\":\"ImageObject\",\"inLanguage\":\"fr-FR\",\"@id\":\"https:\\\/\\\/theuog.org\\\/#\\\/schema\\\/logo\\\/image\\\/\",\"url\":\"https:\\\/\\\/theuog.org\\\/wp-content\\\/uploads\\\/2022\\\/05\\\/theuog_gold_logo-top.png\",\"contentUrl\":\"https:\\\/\\\/theuog.org\\\/wp-content\\\/uploads\\\/2022\\\/05\\\/theuog_gold_logo-top.png\",\"width\":532,\"height\":170,\"caption\":\"The University Of God\"},\"image\":{\"@id\":\"https:\\\/\\\/theuog.org\\\/#\\\/schema\\\/logo\\\/image\\\/\"}}]}<\/script>\n<!-- \/ Yoast SEO plugin. -->","yoast_head_json":{"title":"Nous contacter \/ Demande de pri\u00e8re - The University Of God","robots":{"index":"index","follow":"follow","max-snippet":"max-snippet:-1","max-image-preview":"max-image-preview:large","max-video-preview":"max-video-preview:-1"},"canonical":"https:\/\/theuog.org\/contact\/","og_locale":"fr_FR","og_type":"article","og_title":"Nous contacter \/ Demande de pri\u00e8re - The University Of God","og_description":"contactez-nous Requ\u00eate De Pri\u00e8re Avez-vous l&rsquo;impression que Dieu est loin de vous ? La pri\u00e8re est le chemin le plus court entre votre c\u0153ur et Dieu. C&rsquo;est la reconnaissance de...","og_url":"https:\/\/theuog.org\/contact\/","og_site_name":"The University Of God","article_modified_time":"2022-07-19T11:18:00+00:00","twitter_card":"summary_large_image","twitter_misc":{"Dur\u00e9e de lecture estim\u00e9e":"3 minutes"},"schema":{"@context":"https:\/\/schema.org","@graph":[{"@type":"WebPage","@id":"https:\/\/theuog.org\/contact\/","url":"https:\/\/theuog.org\/contact\/","name":"Nous contacter \/ Demande de pri\u00e8re - The University Of God","isPartOf":{"@id":"https:\/\/theuog.org\/#website"},"datePublished":"2021-01-02T10:43:24+00:00","dateModified":"2022-07-19T11:18:00+00:00","breadcrumb":{"@id":"https:\/\/theuog.org\/contact\/#breadcrumb"},"inLanguage":"fr-FR","potentialAction":[{"@type":"ReadAction","target":["https:\/\/theuog.org\/contact\/"]}]},{"@type":"BreadcrumbList","@id":"https:\/\/theuog.org\/contact\/#breadcrumb","itemListElement":[{"@type":"ListItem","position":1,"name":"Home","item":"https:\/\/theuog.org\/"},{"@type":"ListItem","position":2,"name":"Nous contacter \/ Demande de pri\u00e8re"}]},{"@type":"WebSite","@id":"https:\/\/theuog.org\/#website","url":"https:\/\/theuog.org\/","name":"The University Of God","description":"Sense knowledge ceases when revelation comes.","publisher":{"@id":"https:\/\/theuog.org\/#organization"},"potentialAction":[{"@type":"SearchAction","target":{"@type":"EntryPoint","urlTemplate":"https:\/\/theuog.org\/?s={search_term_string}"},"query-input":{"@type":"PropertyValueSpecification","valueRequired":true,"valueName":"search_term_string"}}],"inLanguage":"fr-FR"},{"@type":"Organization","@id":"https:\/\/theuog.org\/#organization","name":"The University Of God","url":"https:\/\/theuog.org\/","logo":{"@type":"ImageObject","inLanguage":"fr-FR","@id":"https:\/\/theuog.org\/#\/schema\/logo\/image\/","url":"https:\/\/theuog.org\/wp-content\/uploads\/2022\/05\/theuog_gold_logo-top.png","contentUrl":"https:\/\/theuog.org\/wp-content\/uploads\/2022\/05\/theuog_gold_logo-top.png","width":532,"height":170,"caption":"The University Of God"},"image":{"@id":"https:\/\/theuog.org\/#\/schema\/logo\/image\/"}}]}},"jetpack_sharing_enabled":true,"_links":{"self":[{"href":"https:\/\/theuog.org\/fr\/wp-json\/wp\/v2\/pages\/990957","targetHints":{"allow":["GET"]}}],"collection":[{"href":"https:\/\/theuog.org\/fr\/wp-json\/wp\/v2\/pages"}],"about":[{"href":"https:\/\/theuog.org\/fr\/wp-json\/wp\/v2\/types\/page"}],"author":[{"embeddable":true,"href":"https:\/\/theuog.org\/fr\/wp-json\/wp\/v2\/users\/1"}],"replies":[{"embeddable":true,"href":"https:\/\/theuog.org\/fr\/wp-json\/wp\/v2\/comments?post=990957"}],"version-history":[{"count":0,"href":"https:\/\/theuog.org\/fr\/wp-json\/wp\/v2\/pages\/990957\/revisions"}],"wp:attachment":[{"href":"https:\/\/theuog.org\/fr\/wp-json\/wp\/v2\/media?parent=990957"}],"curies":[{"name":"wp","href":"https:\/\/api.w.org\/{rel}","templated":true}]}}