{"id":1048006,"date":"2024-08-30T13:07:12","date_gmt":"2024-08-30T11:07:12","guid":{"rendered":"https:\/\/theuog.org\/envie-seu-testemunho\/"},"modified":"2025-02-26T02:19:20","modified_gmt":"2025-02-26T01:19:20","slug":"envie-seu-testemunho","status":"publish","type":"page","link":"https:\/\/theuog.org\/pt-br\/envie-seu-testemunho\/","title":{"rendered":"Envie seu testemunho"},"content":{"rendered":"\t\t<div data-elementor-type=\"wp-page\" data-elementor-id=\"1048006\" class=\"elementor elementor-1048006 elementor-1040852\" data-elementor-post-type=\"page\">\n\t\t\t\t\t\t<section class=\"elementor-section elementor-top-section elementor-element elementor-element-a7db413 elementor-section-height-min-height elementor-section-boxed elementor-section-height-default elementor-section-items-middle\" data-id=\"a7db413\" data-element_type=\"section\" data-e-type=\"section\" data-settings=\"{&quot;background_background&quot;:&quot;classic&quot;,&quot;background_motion_fx_motion_fx_scrolling&quot;:&quot;yes&quot;,&quot;background_motion_fx_translateY_effect&quot;:&quot;yes&quot;,&quot;background_motion_fx_translateY_speed&quot;:{&quot;unit&quot;:&quot;px&quot;,&quot;size&quot;:5,&quot;sizes&quot;:[]},&quot;background_motion_fx_translateY_affectedRange&quot;:{&quot;unit&quot;:&quot;%&quot;,&quot;size&quot;:&quot;&quot;,&quot;sizes&quot;:{&quot;start&quot;:0,&quot;end&quot;:100}},&quot;background_motion_fx_devices&quot;:[&quot;desktop&quot;,&quot;tablet&quot;,&quot;mobile&quot;]}\">\n\t\t\t\t\t\t<div class=\"elementor-container elementor-column-gap-default\">\n\t\t\t\t\t<div class=\"elementor-column elementor-col-100 elementor-top-column elementor-element elementor-element-d71ae72\" data-id=\"d71ae72\" data-element_type=\"column\" data-e-type=\"column\" data-settings=\"{&quot;background_background&quot;:&quot;classic&quot;}\">\n\t\t\t<div class=\"elementor-widget-wrap\">\n\t\t\t\t\t\t\t<\/div>\n\t\t<\/div>\n\t\t\t\t\t<\/div>\n\t\t<\/section>\n\t\t\t\t<section class=\"elementor-section elementor-top-section elementor-element elementor-element-61c7082 elementor-section-boxed elementor-section-height-default elementor-section-height-default\" data-id=\"61c7082\" data-element_type=\"section\" data-e-type=\"section\">\n\t\t\t\t\t\t<div class=\"elementor-container elementor-column-gap-no\">\n\t\t\t\t\t<div class=\"elementor-column elementor-col-100 elementor-top-column elementor-element elementor-element-7f14322\" data-id=\"7f14322\" data-element_type=\"column\" data-e-type=\"column\">\n\t\t\t<div class=\"elementor-widget-wrap elementor-element-populated\">\n\t\t\t\t\t\t<div class=\"elementor-element elementor-element-d8fa178 elementor-widget__width-auto animated-fast elementor-invisible elementor-widget elementor-widget-heading\" data-id=\"d8fa178\" data-element_type=\"widget\" data-e-type=\"widget\" data-settings=\"{&quot;_animation&quot;:&quot;fadeIn&quot;,&quot;_animation_tablet&quot;:&quot;none&quot;,&quot;_animation_mobile&quot;:&quot;none&quot;,&quot;_animation_delay&quot;:100}\" data-widget_type=\"heading.default\">\n\t\t\t\t<div class=\"elementor-widget-container\">\n\t\t\t\t\t<h1 class=\"elementor-heading-title elementor-size-default\">testemunho<\/h1>\t\t\t\t<\/div>\n\t\t\t\t<\/div>\n\t\t\t\t\t<\/div>\n\t\t<\/div>\n\t\t\t\t\t<\/div>\n\t\t<\/section>\n\t\t\t\t<section class=\"elementor-section elementor-top-section elementor-element elementor-element-bf87cfc elementor-section-boxed elementor-section-height-default elementor-section-height-default\" data-id=\"bf87cfc\" data-element_type=\"section\" data-e-type=\"section\">\n\t\t\t\t\t\t<div class=\"elementor-container elementor-column-gap-no\">\n\t\t\t\t\t<div class=\"elementor-column elementor-col-100 elementor-top-column elementor-element elementor-element-1703df8\" data-id=\"1703df8\" data-element_type=\"column\" data-e-type=\"column\" data-settings=\"{&quot;animation&quot;:&quot;none&quot;,&quot;animation_tablet&quot;:&quot;none&quot;,&quot;animation_mobile&quot;:&quot;none&quot;,&quot;animation_delay&quot;:200}\">\n\t\t\t<div class=\"elementor-widget-wrap elementor-element-populated\">\n\t\t\t\t\t\t<div class=\"elementor-element elementor-element-7ff0be0 elementor-align-center elementor-widget elementor-widget-button\" data-id=\"7ff0be0\" data-element_type=\"widget\" data-e-type=\"widget\" data-widget_type=\"button.default\">\n\t\t\t\t<div class=\"elementor-widget-container\">\n\t\t\t\t\t\t\t\t\t<div class=\"elementor-button-wrapper\">\n\t\t\t\t\t<a class=\"elementor-button elementor-button-link elementor-size-sm\" href=\"https:\/\/theuog.org\/all-testimonies\/\">\n\t\t\t\t\t\t<span class=\"elementor-button-content-wrapper\">\n\t\t\t\t\t\t<span class=\"elementor-button-icon\">\n\t\t\t\t<i aria-hidden=\"true\" class=\"fab fa-readme\"><\/i>\t\t\t<\/span>\n\t\t\t\t\t\t\t\t\t<span class=\"elementor-button-text\">Leia todos os testemunhos<\/span>\n\t\t\t\t\t<\/span>\n\t\t\t\t\t<\/a>\n\t\t\t\t<\/div>\n\t\t\t\t\t\t\t\t<\/div>\n\t\t\t\t<\/div>\n\t\t\t\t<div class=\"elementor-element elementor-element-e63f362 elementor-widget elementor-widget-text-editor\" data-id=\"e63f362\" data-element_type=\"widget\" data-e-type=\"widget\" data-widget_type=\"text-editor.default\">\n\t\t\t\t<div class=\"elementor-widget-container\">\n\t\t\t\t\t\t\t\t\t<h5>\n            <strong><br \/>\n              <em> <\/em><br \/>\n            <\/strong><br \/>\n            <strong><br \/>\n              <em>&#8220;Uma coisa eu sei. Eu era cego, mas agora estou vendo!&#8221; Jo\u00e3o 9:25<\/em><br \/>\n            <\/strong><br \/>\n          <\/h5>\n<p>O fato de a salva\u00e7\u00e3o ser basicamente um renascimento espiritual n\u00e3o significa que ela n\u00e3o tenha efeito sobre seu corpo,  <span style=\"letter-spacing: var(--vamtam-primary-font-letter-spacing-desktop,normal); text-transform: var(--vamtam-primary-font-transform,none);\">mente e a vida cotidiana. Ele pode, e deve, ter um grande impacto em todas as partes de sua vida  <\/span><span style=\"letter-spacing: var(--vamtam-primary-font-letter-spacing-desktop,normal); text-transform: var(--vamtam-primary-font-transform,none);\">(mental, f\u00edsica, espiritual, financeira e emocional)!<\/span><\/p>\n<p>A evid\u00eancia de Jesus Cristo, o maior ganhador de almas que o mundo j\u00e1 conheceu, \u00e9 a transforma\u00e7\u00e3o de vidas! Na Palavra viva de Deus, h\u00e1 poder de convers\u00e3o, poder de purifica\u00e7\u00e3o e poder de transforma\u00e7\u00e3o.  <b>Compartilhe o que Deus tem feito em sua vida por meio da Universidade de Deus preenchendo o formul\u00e1rio abaixo para publicar seu testemunho no site da UOG.  <\/b><\/p>\n\t\t\t\t\t\t\t\t<\/div>\n\t\t\t\t<\/div>\n\t\t\t\t<div class=\"elementor-element elementor-element-ea20ef2 elementor-widget elementor-widget-text-editor\" data-id=\"ea20ef2\" data-element_type=\"widget\" data-e-type=\"widget\" data-widget_type=\"text-editor.default\">\n\t\t\t\t<div class=\"elementor-widget-container\">\n\t\t\t\t\t\t\t\t\t<p><strong><em>Ao enviar este formul\u00e1rio, voc\u00ea consente que seu testemunho e quaisquer anexos que voc\u00ea enviar sejam publicados no site da UOG e nas contas de m\u00eddia social para a gl\u00f3ria de Deus.  <\/em><\/strong> <strong><em>Observe que o texto do seu testemunho pode ser reformulado para atender aos nossos padr\u00f5es de publica\u00e7\u00e3o. Deus aben\u00e7oe voc\u00ea.  <\/em><\/strong><\/p>\n\t\t\t\t\t\t\t\t<\/div>\n\t\t\t\t<\/div>\n\t\t\t\t<div class=\"elementor-element elementor-element-8fa11e2 elementor-widget-mobile__width-inherit eael-contact-form-7-button-align-left eael-contact-form-7-button-custom elementor-widget elementor-widget-eael-contact-form-7\" data-id=\"8fa11e2\" data-element_type=\"widget\" data-e-type=\"widget\" data-widget_type=\"eael-contact-form-7.default\">\n\t\t\t\t<div class=\"elementor-widget-container\">\n\t\t\t\t\t<div class=\"eael-contact-form-7-wrapper\">\n                <div class=\"eael-contact-form eael-contact-form-7 eael-contact-form-8fa11e2 placeholder-show eael-contact-form-align-default\"><div class=\"eael-contact-form-7-heading\"><\/div>\n<div class=\"wpcf7 no-js\" id=\"wpcf7-f1040851-o1\" lang=\"en-US\" dir=\"ltr\" data-wpcf7-id=\"1040851\">\n<div class=\"screen-reader-response\"><p role=\"status\" aria-live=\"polite\" aria-atomic=\"true\"><\/p> <ul><\/ul><\/div>\n<form action=\"\/pt-br\/wp-json\/wp\/v2\/pages\/1048006#wpcf7-f1040851-o1\" method=\"post\" class=\"wpcf7-form init\" aria-label=\"Contact form\" enctype=\"multipart\/form-data\" novalidate=\"novalidate\" data-status=\"init\">\n<fieldset class=\"hidden-fields-container\"><input type=\"hidden\" name=\"_wpcf7\" value=\"1040851\" \/><input type=\"hidden\" name=\"_wpcf7_version\" value=\"6.1.5\" \/><input type=\"hidden\" name=\"_wpcf7_locale\" value=\"en_US\" \/><input type=\"hidden\" name=\"_wpcf7_unit_tag\" value=\"wpcf7-f1040851-o1\" \/><input type=\"hidden\" name=\"_wpcf7_container_post\" value=\"0\" \/><input type=\"hidden\" name=\"_wpcf7_posted_data_hash\" value=\"\" \/><input type=\"hidden\" name=\"_wpcf7cf_hidden_group_fields\" value=\"[]\" \/><input type=\"hidden\" name=\"_wpcf7cf_hidden_groups\" value=\"[]\" \/><input type=\"hidden\" name=\"_wpcf7cf_visible_groups\" value=\"[]\" \/><input type=\"hidden\" name=\"_wpcf7cf_repeaters\" value=\"[]\" \/><input type=\"hidden\" name=\"_wpcf7cf_steps\" value=\"{}\" \/><input type=\"hidden\" name=\"_wpcf7cf_options\" value=\"{&quot;form_id&quot;:1040851,&quot;conditions&quot;:[],&quot;settings&quot;:{&quot;animation&quot;:&quot;yes&quot;,&quot;animation_intime&quot;:200,&quot;animation_outtime&quot;:200,&quot;conditions_ui&quot;:&quot;normal&quot;,&quot;notice_dismissed&quot;:true,&quot;notice_dismissed_rollback-cf7-5.8.6&quot;:true,&quot;notice_dismissed_rollback-cf7-5.8.7&quot;:true}}\" \/><input type=\"hidden\" name=\"_wpcf7_recaptcha_response\" value=\"\" \/>\n<\/fieldset>\n<p><label class=\"uagb-cf7_styler-col-1\"> Title*<br \/>\n<span class=\"wpcf7-form-control-wrap\" data-name=\"title\"><select class=\"wpcf7-form-control wpcf7-select wpcf7-validates-as-required\" aria-required=\"true\" aria-invalid=\"false\" name=\"title\"><option value=\"\">&#8212;Please choose an option&#8212;<\/option><option value=\"Mr.\">Mr.<\/option><option value=\"Mrs.\">Mrs.<\/option><option value=\"Ms.\">Ms.<\/option><option value=\"Dr.\">Dr.<\/option><option value=\"Esq.\">Esq.<\/option><option value=\"Hon.\">Hon.<\/option><option value=\"Jr.\">Jr.<\/option><option value=\"Msgr.\">Msgr.<\/option><option value=\"Prof.\">Prof.<\/option><option value=\"Rev.\">Rev.<\/option><option value=\"Rt. Hon.\">Rt. Hon.<\/option><option value=\"Sr.\">Sr.<\/option><\/select><\/span><\/label><br \/>\n<label class=\"uagb-cf7_styler-col-1\"> First Name*<br \/>\n<span class=\"wpcf7-form-control-wrap\" data-name=\"first-name\"><input size=\"40\" maxlength=\"400\" class=\"wpcf7-form-control wpcf7-text wpcf7-validates-as-required\" aria-required=\"true\" aria-invalid=\"false\" value=\"\" type=\"text\" name=\"first-name\" \/><\/span> <\/label><br \/>\n<label class=\"uagb-cf7_styler-col-1\"> Last name*<br \/>\n<span class=\"wpcf7-form-control-wrap\" data-name=\"last-name\"><input size=\"40\" maxlength=\"400\" class=\"wpcf7-form-control wpcf7-text wpcf7-validates-as-required\" aria-required=\"true\" aria-invalid=\"false\" value=\"\" type=\"text\" name=\"last-name\" \/><\/span> <\/label><br \/>\n<label> Email*<br \/>\n<span class=\"wpcf7-form-control-wrap\" data-name=\"your-email\"><input size=\"40\" maxlength=\"400\" class=\"wpcf7-form-control wpcf7-email wpcf7-validates-as-required wpcf7-text wpcf7-validates-as-email\" aria-required=\"true\" aria-invalid=\"false\" value=\"\" type=\"email\" name=\"your-email\" \/><\/span> <\/label><br \/>\n<label> Confirm your email*<br \/>\n<span class=\"wpcf7-form-control-wrap\" data-name=\"your-email-confirm\"><input size=\"40\" maxlength=\"400\" class=\"wpcf7-form-control wpcf7-email wpcf7-validates-as-required wpcf7-text wpcf7-validates-as-email\" aria-required=\"true\" aria-invalid=\"false\" value=\"\" type=\"email\" name=\"your-email-confirm\" \/><\/span> <\/label><br \/>\n<label> Country<br \/>\n<span class=\"wpcf7-form-control-wrap\" data-name=\"your-countryl\"><input size=\"40\" class=\"wpcf7-form-control wpcf7-countrytext wpcf7-validates-as-required wpcf7-text wpcf7-validates-as-countrytext\" aria-required=\"true\" aria-invalid=\"false\" value=\"\" type=\"text\" name=\"your-countryl\" \/><\/span> <\/label><br \/>\n<label> Whatsapp Phone Number*<br \/>\n<span class=\"wpcf7-form-control-wrap\" data-name=\"phone\"><input size=\"40\" class=\"wpcf7-form-control wpcf7-phonetext wpcf7-validates-as-required wpcf7-text wpcf7-validates-as-phonetext\" aria-required=\"true\" aria-invalid=\"false\" value=\"\" type=\"text\" name=\"phone\" \/><input type=\"hidden\" name=\"phone-country-code\" class=\"wpcf7-phonetext-country-code\" \/><\/span><\/label><br \/>\n<label> What is your testimony?<br \/>\n<span class=\"wpcf7-form-control-wrap\" data-name=\"testimony-content\"><textarea cols=\"40\" rows=\"10\" maxlength=\"2000\" class=\"wpcf7-form-control wpcf7-textarea wpcf7-validates-as-required\" aria-required=\"true\" aria-invalid=\"false\" name=\"testimony-content\"><\/textarea><\/span><\/label><br \/>\n<label><span class=\"wpcf7-form-control-wrap\" data-name=\"testimony-attachments\"><input size=\"40\" class=\"wpcf7-form-control wpcf7-file\" accept=\"audio\/*,video\/*,image\/*\" aria-invalid=\"false\" type=\"file\" name=\"testimony-attachments\" \/><\/span><\/label><br \/>\n<input class=\"wpcf7-form-control wpcf7-submit has-spinner\" type=\"submit\" value=\"Submit\" \/>\n<\/p>\n<p><em>(*) Mandatory fields<\/em>\n<\/p><p style=\"display: none !important;\" class=\"akismet-fields-container\" data-prefix=\"_wpcf7_ak_\"><label>&#916;<textarea name=\"_wpcf7_ak_hp_textarea\" cols=\"45\" rows=\"8\" maxlength=\"100\"><\/textarea><\/label><input type=\"hidden\" id=\"ak_js_1\" name=\"_wpcf7_ak_js\" value=\"128\"\/><script>document.getElementById( \"ak_js_1\" ).setAttribute( \"value\", ( new Date() ).getTime() );<\/script><\/p><div class=\"wpcf7-response-output\" aria-hidden=\"true\"><\/div>\n<\/form>\n<\/div>\n<\/div>\n            <\/div>\t\t\t\t<\/div>\n\t\t\t\t<\/div>\n\t\t\t\t\t<\/div>\n\t\t<\/div>\n\t\t\t\t\t<\/div>\n\t\t<\/section>\n\t\t\t\t<\/div>\n\t\t","protected":false},"excerpt":{"rendered":"<p>testemunho Leia todos os testemunhos &#8220;Uma coisa eu sei. Eu era cego, mas agora estou vendo!&#8221; Jo\u00e3o 9:25 O fato de a salva\u00e7\u00e3o ser basicamente um renascimento espiritual n\u00e3o significa&#8230;<\/p>\n","protected":false},"author":1,"featured_media":0,"parent":0,"menu_order":0,"comment_status":"closed","ping_status":"closed","template":"","meta":{"footnotes":""},"class_list":["post-1048006","page","type-page","status-publish","hentry"],"yoast_head":"<!-- This site is optimized with the Yoast SEO plugin v27.3 - https:\/\/yoast.com\/product\/yoast-seo-wordpress\/ -->\n<title>Envie seu testemunho - The University Of God<\/title>\n<meta name=\"robots\" content=\"index, follow, max-snippet:-1, max-image-preview:large, max-video-preview:-1\" \/>\n<link rel=\"canonical\" href=\"https:\/\/theuog.org\/pt-br\/envie-seu-testemunho\/\" \/>\n<meta property=\"og:locale\" content=\"pt_BR\" \/>\n<meta property=\"og:type\" content=\"article\" \/>\n<meta property=\"og:title\" content=\"Envie seu testemunho - The University Of God\" \/>\n<meta property=\"og:description\" content=\"testemunho Leia todos os testemunhos &#8220;Uma coisa eu sei. Eu era cego, mas agora estou vendo!&#8221; Jo\u00e3o 9:25 O fato de a salva\u00e7\u00e3o ser basicamente um renascimento espiritual n\u00e3o significa...\" \/>\n<meta property=\"og:url\" content=\"https:\/\/theuog.org\/pt-br\/envie-seu-testemunho\/\" \/>\n<meta property=\"og:site_name\" content=\"The University Of God\" \/>\n<meta property=\"article:modified_time\" content=\"2025-02-26T01:19:20+00:00\" \/>\n<meta name=\"twitter:card\" content=\"summary_large_image\" \/>\n<meta name=\"twitter:label1\" content=\"Est. tempo de leitura\" \/>\n\t<meta name=\"twitter:data1\" content=\"1 minuto\" \/>\n<script type=\"application\/ld+json\" class=\"yoast-schema-graph\">{\"@context\":\"https:\\\/\\\/schema.org\",\"@graph\":[{\"@type\":\"WebPage\",\"@id\":\"https:\\\/\\\/theuog.org\\\/pt-br\\\/envie-seu-testemunho\\\/\",\"url\":\"https:\\\/\\\/theuog.org\\\/pt-br\\\/envie-seu-testemunho\\\/\",\"name\":\"Envie seu testemunho - The University Of God\",\"isPartOf\":{\"@id\":\"https:\\\/\\\/theuog.org\\\/#website\"},\"datePublished\":\"2024-08-30T11:07:12+00:00\",\"dateModified\":\"2025-02-26T01:19:20+00:00\",\"breadcrumb\":{\"@id\":\"https:\\\/\\\/theuog.org\\\/pt-br\\\/envie-seu-testemunho\\\/#breadcrumb\"},\"inLanguage\":\"pt-BR\",\"potentialAction\":[{\"@type\":\"ReadAction\",\"target\":[\"https:\\\/\\\/theuog.org\\\/pt-br\\\/envie-seu-testemunho\\\/\"]}]},{\"@type\":\"BreadcrumbList\",\"@id\":\"https:\\\/\\\/theuog.org\\\/pt-br\\\/envie-seu-testemunho\\\/#breadcrumb\",\"itemListElement\":[{\"@type\":\"ListItem\",\"position\":1,\"name\":\"Home\",\"item\":\"https:\\\/\\\/theuog.org\\\/\"},{\"@type\":\"ListItem\",\"position\":2,\"name\":\"Envie seu testemunho\"}]},{\"@type\":\"WebSite\",\"@id\":\"https:\\\/\\\/theuog.org\\\/#website\",\"url\":\"https:\\\/\\\/theuog.org\\\/\",\"name\":\"The University Of God\",\"description\":\"Sense knowledge ceases when revelation comes.\",\"publisher\":{\"@id\":\"https:\\\/\\\/theuog.org\\\/#organization\"},\"potentialAction\":[{\"@type\":\"SearchAction\",\"target\":{\"@type\":\"EntryPoint\",\"urlTemplate\":\"https:\\\/\\\/theuog.org\\\/?s={search_term_string}\"},\"query-input\":{\"@type\":\"PropertyValueSpecification\",\"valueRequired\":true,\"valueName\":\"search_term_string\"}}],\"inLanguage\":\"pt-BR\"},{\"@type\":\"Organization\",\"@id\":\"https:\\\/\\\/theuog.org\\\/#organization\",\"name\":\"The University Of God\",\"url\":\"https:\\\/\\\/theuog.org\\\/\",\"logo\":{\"@type\":\"ImageObject\",\"inLanguage\":\"pt-BR\",\"@id\":\"https:\\\/\\\/theuog.org\\\/#\\\/schema\\\/logo\\\/image\\\/\",\"url\":\"https:\\\/\\\/theuog.org\\\/wp-content\\\/uploads\\\/2022\\\/05\\\/theuog_gold_logo-top.png\",\"contentUrl\":\"https:\\\/\\\/theuog.org\\\/wp-content\\\/uploads\\\/2022\\\/05\\\/theuog_gold_logo-top.png\",\"width\":532,\"height\":170,\"caption\":\"The University Of God\"},\"image\":{\"@id\":\"https:\\\/\\\/theuog.org\\\/#\\\/schema\\\/logo\\\/image\\\/\"}}]}<\/script>\n<!-- \/ Yoast SEO plugin. -->","yoast_head_json":{"title":"Envie seu testemunho - The University Of God","robots":{"index":"index","follow":"follow","max-snippet":"max-snippet:-1","max-image-preview":"max-image-preview:large","max-video-preview":"max-video-preview:-1"},"canonical":"https:\/\/theuog.org\/pt-br\/envie-seu-testemunho\/","og_locale":"pt_BR","og_type":"article","og_title":"Envie seu testemunho - The University Of God","og_description":"testemunho Leia todos os testemunhos &#8220;Uma coisa eu sei. Eu era cego, mas agora estou vendo!&#8221; Jo\u00e3o 9:25 O fato de a salva\u00e7\u00e3o ser basicamente um renascimento espiritual n\u00e3o significa...","og_url":"https:\/\/theuog.org\/pt-br\/envie-seu-testemunho\/","og_site_name":"The University Of God","article_modified_time":"2025-02-26T01:19:20+00:00","twitter_card":"summary_large_image","twitter_misc":{"Est. tempo de leitura":"1 minuto"},"schema":{"@context":"https:\/\/schema.org","@graph":[{"@type":"WebPage","@id":"https:\/\/theuog.org\/pt-br\/envie-seu-testemunho\/","url":"https:\/\/theuog.org\/pt-br\/envie-seu-testemunho\/","name":"Envie seu testemunho - The University Of God","isPartOf":{"@id":"https:\/\/theuog.org\/#website"},"datePublished":"2024-08-30T11:07:12+00:00","dateModified":"2025-02-26T01:19:20+00:00","breadcrumb":{"@id":"https:\/\/theuog.org\/pt-br\/envie-seu-testemunho\/#breadcrumb"},"inLanguage":"pt-BR","potentialAction":[{"@type":"ReadAction","target":["https:\/\/theuog.org\/pt-br\/envie-seu-testemunho\/"]}]},{"@type":"BreadcrumbList","@id":"https:\/\/theuog.org\/pt-br\/envie-seu-testemunho\/#breadcrumb","itemListElement":[{"@type":"ListItem","position":1,"name":"Home","item":"https:\/\/theuog.org\/"},{"@type":"ListItem","position":2,"name":"Envie seu testemunho"}]},{"@type":"WebSite","@id":"https:\/\/theuog.org\/#website","url":"https:\/\/theuog.org\/","name":"The University Of God","description":"Sense knowledge ceases when revelation comes.","publisher":{"@id":"https:\/\/theuog.org\/#organization"},"potentialAction":[{"@type":"SearchAction","target":{"@type":"EntryPoint","urlTemplate":"https:\/\/theuog.org\/?s={search_term_string}"},"query-input":{"@type":"PropertyValueSpecification","valueRequired":true,"valueName":"search_term_string"}}],"inLanguage":"pt-BR"},{"@type":"Organization","@id":"https:\/\/theuog.org\/#organization","name":"The University Of God","url":"https:\/\/theuog.org\/","logo":{"@type":"ImageObject","inLanguage":"pt-BR","@id":"https:\/\/theuog.org\/#\/schema\/logo\/image\/","url":"https:\/\/theuog.org\/wp-content\/uploads\/2022\/05\/theuog_gold_logo-top.png","contentUrl":"https:\/\/theuog.org\/wp-content\/uploads\/2022\/05\/theuog_gold_logo-top.png","width":532,"height":170,"caption":"The University Of God"},"image":{"@id":"https:\/\/theuog.org\/#\/schema\/logo\/image\/"}}]}},"jetpack_sharing_enabled":true,"_links":{"self":[{"href":"https:\/\/theuog.org\/pt-br\/wp-json\/wp\/v2\/pages\/1048006","targetHints":{"allow":["GET"]}}],"collection":[{"href":"https:\/\/theuog.org\/pt-br\/wp-json\/wp\/v2\/pages"}],"about":[{"href":"https:\/\/theuog.org\/pt-br\/wp-json\/wp\/v2\/types\/page"}],"author":[{"embeddable":true,"href":"https:\/\/theuog.org\/pt-br\/wp-json\/wp\/v2\/users\/1"}],"replies":[{"embeddable":true,"href":"https:\/\/theuog.org\/pt-br\/wp-json\/wp\/v2\/comments?post=1048006"}],"version-history":[{"count":2,"href":"https:\/\/theuog.org\/pt-br\/wp-json\/wp\/v2\/pages\/1048006\/revisions"}],"predecessor-version":[{"id":1048012,"href":"https:\/\/theuog.org\/pt-br\/wp-json\/wp\/v2\/pages\/1048006\/revisions\/1048012"}],"wp:attachment":[{"href":"https:\/\/theuog.org\/pt-br\/wp-json\/wp\/v2\/media?parent=1048006"}],"curies":[{"name":"wp","href":"https:\/\/api.w.org\/{rel}","templated":true}]}}