{"id":1048017,"date":"2021-01-02T11:43:24","date_gmt":"2021-01-02T10:43:24","guid":{"rendered":"https:\/\/theuog.org\/entre-em-contato-conosco-pedido-de-oracao\/"},"modified":"2025-02-26T02:21:48","modified_gmt":"2025-02-26T01:21:48","slug":"entre-em-contato-conosco-pedido-de-oracao","status":"publish","type":"page","link":"https:\/\/theuog.org\/pt-br\/entre-em-contato-conosco-pedido-de-oracao\/","title":{"rendered":"Entre em contato conosco \/ Pedido de ora\u00e7\u00e3o"},"content":{"rendered":"\t\t<div data-elementor-type=\"wp-page\" data-elementor-id=\"1048017\" class=\"elementor elementor-1048017 elementor-11102\" data-elementor-post-type=\"page\">\n\t\t\t\t\t\t<section class=\"elementor-section elementor-top-section elementor-element elementor-element-a7db413 elementor-section-height-min-height elementor-section-boxed elementor-section-height-default elementor-section-items-middle\" data-id=\"a7db413\" data-element_type=\"section\" data-e-type=\"section\" data-settings=\"{&quot;background_background&quot;:&quot;classic&quot;}\">\n\t\t\t\t\t\t<div class=\"elementor-container elementor-column-gap-default\">\n\t\t\t\t\t<div class=\"elementor-column elementor-col-100 elementor-top-column elementor-element elementor-element-d71ae72\" data-id=\"d71ae72\" data-element_type=\"column\" data-e-type=\"column\" data-settings=\"{&quot;background_background&quot;:&quot;classic&quot;}\">\n\t\t\t<div class=\"elementor-widget-wrap\">\n\t\t\t\t\t\t\t<\/div>\n\t\t<\/div>\n\t\t\t\t\t<\/div>\n\t\t<\/section>\n\t\t\t\t<section class=\"elementor-section elementor-top-section elementor-element elementor-element-61c7082 elementor-section-boxed elementor-section-height-default elementor-section-height-default\" data-id=\"61c7082\" data-element_type=\"section\" data-e-type=\"section\">\n\t\t\t\t\t\t<div class=\"elementor-container elementor-column-gap-no\">\n\t\t\t\t\t<div class=\"elementor-column elementor-col-100 elementor-top-column elementor-element elementor-element-7f14322\" data-id=\"7f14322\" data-element_type=\"column\" data-e-type=\"column\">\n\t\t\t<div class=\"elementor-widget-wrap elementor-element-populated\">\n\t\t\t\t\t\t<div class=\"elementor-element elementor-element-d8fa178 elementor-widget__width-auto animated-fast elementor-invisible elementor-widget elementor-widget-heading\" data-id=\"d8fa178\" data-element_type=\"widget\" data-e-type=\"widget\" data-settings=\"{&quot;_animation&quot;:&quot;fadeIn&quot;,&quot;_animation_tablet&quot;:&quot;none&quot;,&quot;_animation_mobile&quot;:&quot;none&quot;,&quot;_animation_delay&quot;:100}\" data-widget_type=\"heading.default\">\n\t\t\t\t<div class=\"elementor-widget-container\">\n\t\t\t\t\t<h1 class=\"elementor-heading-title elementor-size-default\">Entre em contato conosco<\/h1>\t\t\t\t<\/div>\n\t\t\t\t<\/div>\n\t\t\t\t\t<\/div>\n\t\t<\/div>\n\t\t\t\t\t<\/div>\n\t\t<\/section>\n\t\t\t\t<section class=\"elementor-section elementor-top-section elementor-element elementor-element-bf87cfc elementor-section-boxed elementor-section-height-default elementor-section-height-default\" data-id=\"bf87cfc\" data-element_type=\"section\" data-e-type=\"section\">\n\t\t\t\t\t\t<div class=\"elementor-container elementor-column-gap-no\">\n\t\t\t\t\t<div class=\"elementor-column elementor-col-100 elementor-top-column elementor-element elementor-element-1703df8\" data-id=\"1703df8\" data-element_type=\"column\" data-e-type=\"column\" data-settings=\"{&quot;animation&quot;:&quot;none&quot;,&quot;animation_tablet&quot;:&quot;none&quot;,&quot;animation_mobile&quot;:&quot;none&quot;,&quot;animation_delay&quot;:200}\">\n\t\t\t<div class=\"elementor-widget-wrap elementor-element-populated\">\n\t\t\t\t\t\t<div class=\"elementor-element elementor-element-4b3f892 elementor-widget elementor-widget-eael-adv-accordion\" data-id=\"4b3f892\" data-element_type=\"widget\" data-e-type=\"widget\" data-widget_type=\"eael-adv-accordion.default\">\n\t\t\t\t<div class=\"elementor-widget-container\">\n\t\t\t\t\t            <div class=\"eael-adv-accordion\" id=\"eael-adv-accordion-4b3f892\" data-scroll-on-click=\"no\" data-scroll-speed=\"300\" data-accordion-id=\"4b3f892\" data-accordion-type=\"accordion\" data-toogle-speed=\"300\">\n            <div class=\"eael-accordion-list\">\n\t\t\t\t\t<div id=\"solicitao-de-orao\" class=\"elementor-tab-title eael-accordion-header\" tabindex=\"0\" data-tab=\"1\" aria-controls=\"elementor-tab-content-7891\"><span class=\"eael-advanced-accordion-icon-closed\"><i aria-hidden=\"true\" class=\"fa-accordion-icon vamtamtheme- vamtam-theme-arrow-right-short\"><\/i><\/span><span class=\"eael-advanced-accordion-icon-opened\"><i aria-hidden=\"true\" class=\"fa-accordion-icon fas fa-minus\"><\/i><\/span><span class=\"eael-accordion-tab-title\">Solicita\u00e7\u00e3o de ora\u00e7\u00e3o<\/span><\/div><div id=\"elementor-tab-content-7891\" class=\"eael-accordion-content clearfix\" data-tab=\"1\" aria-labelledby=\"solicitao-de-orao\"><p>Voc\u00ea sente que Deus est\u00e1 longe de voc\u00ea? A ora\u00e7\u00e3o \u00e9 o caminho mais curto entre seu cora\u00e7\u00e3o e Deus. \u00c9 o reconhecimento de que existe um reino superior que governa os mundos vis\u00edvel e invis\u00edvel. Por meio da ora\u00e7\u00e3o, n\u00f3s nos apossamos de Deus pela f\u00e9. Sim, a ora\u00e7\u00e3o \u00e9 uma realidade; n\u00e3o se trata apenas de falar para o espa\u00e7o. <strong><em>Mateus 7:7<\/em><\/strong> diz que \u00e9 da vontade de Deus responder \u00e0s nossas ora\u00e7\u00f5es! Deus sempre responde \u00e0 ora\u00e7\u00e3o da f\u00e9, mas nem sempre a responde ao p\u00e9 da letra.     <\/p>\n<p>Portanto, quando voc\u00ea enviar seu pedido de ora\u00e7\u00e3o \u00e0 Universidade de Deus, lembre-se do que Jesus disse em <strong><em>Mateus 15:8!<\/em><\/strong> Envolva seu cora\u00e7\u00e3o! Fale com seu cora\u00e7\u00e3o; ele \u00e9 o templo de Deus; \u00e9 o altar de Deus; \u00e9 o comunicador entre o vis\u00edvel e o invis\u00edvel. Na ora\u00e7\u00e3o, estamos falando com Deus, que \u00e9 um Esp\u00edrito, no Esp\u00edrito. Lembre-se de que Deus nem sempre precisa de nossas palavras para lev\u00e1-Lo \u00e0 a\u00e7\u00e3o; Ele tem Suas pr\u00f3prias maneiras de implementar Sua vontade no universo. Nossa comunica\u00e7\u00e3o com Deus em ora\u00e7\u00e3o \u00e9 imperfeita, a menos que tenhamos a ajuda do Esp\u00edrito Santo. Portanto, o Esp\u00edrito do Pai, que habita em nosso cora\u00e7\u00e3o, permite que clamemos naturalmente &#8220;Abba Pai&#8221;!    <\/p>\n<p>Portanto, aprenda a envolver seu cora\u00e7\u00e3o!<\/p>\n<p>&#8220;Meu cora\u00e7\u00e3o, ou\u00e7a a voz do Esp\u00edrito, ou\u00e7a a voz de Deus!&#8221;<\/p>\n<p>Deixe que o poder do Esp\u00edrito Santo entre em contato com o seu esp\u00edrito para dar a voc\u00ea poder para orar. Se voc\u00ea entregar seus problemas nas m\u00e3os de Jesus, nosso Mediador, vindo a Deus em ora\u00e7\u00e3o, Ele lhe dar\u00e1 descanso <strong><em>(Mateus 11:28).<\/em><\/strong> <\/p>\n<p><strong><em>Mateus 18:20<\/em><\/strong> \u00e9 a garantia da vit\u00f3ria! Voc\u00ea e n\u00f3s, juntos, em nome de Jesus, podemos impedir que Satan\u00e1s interfira em sua vida, seu casamento, sua sa\u00fade, sua mente e seu futuro! <\/p>\n<p>Envie seu pedido de ora\u00e7\u00e3o para a Universidade de Deus preenchendo o formul\u00e1rio abaixo.<\/p>\n<\/div>\n\t\t\t\t\t<\/div><div class=\"eael-accordion-list\">\n\t\t\t\t\t<div id=\"testemunho\" class=\"elementor-tab-title eael-accordion-header\" tabindex=\"0\" data-tab=\"2\" aria-controls=\"elementor-tab-content-7892\"><span class=\"eael-advanced-accordion-icon-closed\"><i aria-hidden=\"true\" class=\"fa-accordion-icon vamtamtheme- vamtam-theme-arrow-right-short\"><\/i><\/span><span class=\"eael-advanced-accordion-icon-opened\"><i aria-hidden=\"true\" class=\"fa-accordion-icon fas fa-minus\"><\/i><\/span><span class=\"eael-accordion-tab-title\">Testemunho<\/span><\/div><div id=\"elementor-tab-content-7892\" class=\"eael-accordion-content clearfix\" data-tab=\"2\" aria-labelledby=\"testemunho\"><h5>\n            <strong><br \/>\n              <em> <\/em><br \/>\n            <\/strong><br \/>\n            <strong><br \/>\n              <em>&#8220;Uma coisa eu sei. Eu era cego, mas agora estou vendo!&#8221; Jo\u00e3o 9:25<\/em><br \/>\n            <\/strong><br \/>\n          <\/h5>\n<p>O fato de a salva\u00e7\u00e3o ser basicamente um renascimento espiritual n\u00e3o significa que ela n\u00e3o tenha efeito sobre seu corpo,<\/p>\n<p>mente e a vida cotidiana. Ele pode, e deve, ter um grande impacto em todas as partes de sua vida<\/p>\n<p>(mental, f\u00edsico, espiritual, financeiro e emocional!)<\/p>\n<p>A evid\u00eancia de Jesus Cristo, o maior ganhador de almas que o mundo j\u00e1 conheceu, \u00e9 a transforma\u00e7\u00e3o de vidas! Na Palavra viva de Deus, h\u00e1 poder de convers\u00e3o, poder de purifica\u00e7\u00e3o e poder de transforma\u00e7\u00e3o. Compartilhe conosco o que Deus tem feito em sua vida por meio da Universidade de Deus, preenchendo o formul\u00e1rio abaixo.<\/p>\n<\/div>\n\t\t\t\t\t<\/div><div class=\"eael-accordion-list\">\n\t\t\t\t\t<div id=\"enviar-mensagem\" class=\"elementor-tab-title eael-accordion-header\" tabindex=\"0\" data-tab=\"3\" aria-controls=\"elementor-tab-content-7893\"><span class=\"eael-advanced-accordion-icon-closed\"><i aria-hidden=\"true\" class=\"fa-accordion-icon vamtamtheme- vamtam-theme-arrow-right-short\"><\/i><\/span><span class=\"eael-advanced-accordion-icon-opened\"><i aria-hidden=\"true\" class=\"fa-accordion-icon fas fa-minus\"><\/i><\/span><span class=\"eael-accordion-tab-title\">Enviar mensagem<\/span><\/div><div id=\"elementor-tab-content-7893\" class=\"eael-accordion-content clearfix\" data-tab=\"3\" aria-labelledby=\"enviar-mensagem\"><p>Mois\u00e9s foi enviado aos filhos de Israel e Ar\u00e3o foi enviado a Mois\u00e9s. Somos crist\u00e3os por revela\u00e7\u00e3o. Se Deus colocou em seu cora\u00e7\u00e3o a vontade de entrar em contato conosco, preencha o formul\u00e1rio abaixo.  <\/p>\n<\/div>\n\t\t\t\t\t<\/div><\/div>\t\t\t\t<\/div>\n\t\t\t\t<\/div>\n\t\t\t\t<div class=\"elementor-element elementor-element-8fa11e2 eael-contact-form-7-button-align-left eael-contact-form-7-button-custom elementor-widget elementor-widget-eael-contact-form-7\" data-id=\"8fa11e2\" data-element_type=\"widget\" data-e-type=\"widget\" data-widget_type=\"eael-contact-form-7.default\">\n\t\t\t\t<div class=\"elementor-widget-container\">\n\t\t\t\t\t<div class=\"eael-contact-form-7-wrapper\">\n                <div class=\"eael-contact-form eael-contact-form-7 eael-contact-form-8fa11e2 placeholder-show eael-contact-form-align-default\"><div class=\"eael-contact-form-7-heading\"><\/div>\n<div class=\"wpcf7 no-js\" id=\"wpcf7-f987658-o1\" lang=\"en-US\" dir=\"ltr\" data-wpcf7-id=\"987658\">\n<div class=\"screen-reader-response\"><p role=\"status\" aria-live=\"polite\" aria-atomic=\"true\"><\/p> <ul><\/ul><\/div>\n<form action=\"\/pt-br\/wp-json\/wp\/v2\/pages\/1048017#wpcf7-f987658-o1\" method=\"post\" class=\"wpcf7-form init\" aria-label=\"Contact form\" enctype=\"multipart\/form-data\" novalidate=\"novalidate\" data-status=\"init\">\n<fieldset class=\"hidden-fields-container\"><input type=\"hidden\" name=\"_wpcf7\" value=\"987658\" \/><input type=\"hidden\" name=\"_wpcf7_version\" value=\"6.1.5\" \/><input type=\"hidden\" name=\"_wpcf7_locale\" value=\"en_US\" \/><input type=\"hidden\" name=\"_wpcf7_unit_tag\" value=\"wpcf7-f987658-o1\" \/><input type=\"hidden\" name=\"_wpcf7_container_post\" value=\"0\" \/><input type=\"hidden\" name=\"_wpcf7_posted_data_hash\" value=\"\" \/><input type=\"hidden\" name=\"_wpcf7cf_hidden_group_fields\" value=\"[]\" \/><input type=\"hidden\" name=\"_wpcf7cf_hidden_groups\" value=\"[]\" \/><input type=\"hidden\" name=\"_wpcf7cf_visible_groups\" value=\"[]\" \/><input type=\"hidden\" name=\"_wpcf7cf_repeaters\" value=\"[]\" \/><input type=\"hidden\" name=\"_wpcf7cf_steps\" value=\"{}\" \/><input type=\"hidden\" name=\"_wpcf7cf_options\" value=\"{&quot;form_id&quot;:987658,&quot;conditions&quot;:[{&quot;then_field&quot;:&quot;prayer-group&quot;,&quot;and_rules&quot;:[{&quot;if_field&quot;:&quot;subject&quot;,&quot;operator&quot;:&quot;equals&quot;,&quot;if_value&quot;:&quot;Prayer Request&quot;}]},{&quot;then_field&quot;:&quot;testimony-group&quot;,&quot;and_rules&quot;:[{&quot;if_field&quot;:&quot;subject&quot;,&quot;operator&quot;:&quot;equals&quot;,&quot;if_value&quot;:&quot;Testimony&quot;}]},{&quot;then_field&quot;:&quot;message-group&quot;,&quot;and_rules&quot;:[{&quot;if_field&quot;:&quot;subject&quot;,&quot;operator&quot;:&quot;equals&quot;,&quot;if_value&quot;:&quot;Message&quot;}]}],&quot;settings&quot;:{&quot;animation&quot;:&quot;yes&quot;,&quot;animation_intime&quot;:200,&quot;animation_outtime&quot;:200,&quot;conditions_ui&quot;:&quot;normal&quot;,&quot;notice_dismissed&quot;:true,&quot;notice_dismissed_rollback-cf7-5.8.6&quot;:true,&quot;notice_dismissed_rollback-cf7-5.8.7&quot;:true}}\" \/><input type=\"hidden\" name=\"_wpcf7_recaptcha_response\" value=\"\" \/>\n<\/fieldset>\n<div class=\"uagb-cf7_styler-col\">\n\t<p><label class=\"uagb-cf7_styler-col-1\"> Title<br \/>\n<span class=\"wpcf7-form-control-wrap\" data-name=\"title\"><select class=\"wpcf7-form-control wpcf7-select wpcf7-validates-as-required\" aria-required=\"true\" aria-invalid=\"false\" name=\"title\"><option value=\"\">&#8212;Please choose an option&#8212;<\/option><option value=\"Mr.\">Mr.<\/option><option value=\"Mrs.\">Mrs.<\/option><option value=\"Ms.\">Ms.<\/option><option value=\"Dr.\">Dr.<\/option><option value=\"Esq.\">Esq.<\/option><option value=\"Hon.\">Hon.<\/option><option value=\"Jr.\">Jr.<\/option><option value=\"Msgr.\">Msgr.<\/option><option value=\"Prof.\">Prof.<\/option><option value=\"Rev.\">Rev.<\/option><option value=\"Rt. Hon.\">Rt. Hon.<\/option><option value=\"Sr.\">Sr.<\/option><\/select><\/span><\/label>\n\t<\/p>\n<\/div>\n<div class=\"uagb-cf7_styler-col\">\n\t<p><label class=\"uagb-cf7_styler-col-1\"> First Name<br \/>\n<span class=\"wpcf7-form-control-wrap\" data-name=\"first-name\"><input size=\"40\" maxlength=\"400\" class=\"wpcf7-form-control wpcf7-text wpcf7-validates-as-required\" aria-required=\"true\" aria-invalid=\"false\" value=\"\" type=\"text\" name=\"first-name\" \/><\/span> <\/label><br \/>\n<label class=\"uagb-cf7_styler-col-1\"> Last name<br \/>\n<span class=\"wpcf7-form-control-wrap\" data-name=\"last-name\"><input size=\"40\" maxlength=\"400\" class=\"wpcf7-form-control wpcf7-text wpcf7-validates-as-required\" aria-required=\"true\" aria-invalid=\"false\" value=\"\" type=\"text\" name=\"last-name\" \/><\/span> <\/label>\n\t<\/p>\n<\/div>\n<div class=\"uael-cf7-col\">\n\t<p><label> Email<br \/>\n<span class=\"wpcf7-form-control-wrap\" data-name=\"your-email\"><input size=\"40\" maxlength=\"400\" class=\"wpcf7-form-control wpcf7-email wpcf7-validates-as-required wpcf7-text wpcf7-validates-as-email\" aria-required=\"true\" aria-invalid=\"false\" value=\"\" type=\"email\" name=\"your-email\" \/><\/span> <\/label>\n\t<\/p>\n<\/div>\n<div class=\"uael-cf7-col\">\n\t<p><label> Country<br \/>\n<span class=\"wpcf7-form-control-wrap\" data-name=\"your-countryl\"><input size=\"40\" class=\"wpcf7-form-control wpcf7-countrytext wpcf7-validates-as-required wpcf7-text wpcf7-validates-as-countrytext\" aria-required=\"true\" aria-invalid=\"false\" value=\"\" type=\"text\" name=\"your-countryl\" \/><\/span> <\/label><br \/>\n<label> Phone Number<br \/>\n<span class=\"wpcf7-form-control-wrap\" data-name=\"phone\"><input size=\"40\" class=\"wpcf7-form-control wpcf7-phonetext wpcf7-validates-as-required wpcf7-text wpcf7-validates-as-phonetext\" aria-required=\"true\" aria-invalid=\"false\" value=\"\" type=\"text\" name=\"phone\" \/><input type=\"hidden\" name=\"phone-country-code\" class=\"wpcf7-phonetext-country-code\" \/><\/span><\/label>\n\t<\/p>\n\t<div>\n\t\t<div class=\"uael-cf7-col\">\n\t\t\t<p><label> Subject<br \/>\n<span class=\"wpcf7-form-control-wrap\" data-name=\"subject\"><select class=\"wpcf7-form-control wpcf7-select wpcf7-validates-as-required\" aria-required=\"true\" aria-invalid=\"false\" name=\"subject\"><option value=\"\">&#8212;Please choose an option&#8212;<\/option><option value=\"Prayer Request\">Prayer Request<\/option><\/select><\/span><\/label>\n\t\t\t<\/p>\n\t\t<\/div>\n\t\t<div class=\"uael-cf7-col\">\n\t\t\t<p><label> Your message<br \/>\n<span class=\"wpcf7-form-control-wrap\" data-name=\"your-message\"><textarea cols=\"40\" rows=\"10\" maxlength=\"2000\" class=\"wpcf7-form-control wpcf7-textarea wpcf7-validates-as-required\" aria-required=\"true\" aria-invalid=\"false\" name=\"your-message\"><\/textarea><\/span> <\/label>\n\t\t\t<\/p>\n\t\t\t<div>\n\t\t\t\t<div class=\"uael-cf7-col\">\n\t\t\t\t\t<p><label> Attachment (Optional)<br \/>\n<span class=\"wpcf7-form-control-wrap\" data-name=\"file-502\"><input size=\"40\" class=\"wpcf7-form-control wpcf7-file\" accept=\"audio\/*,video\/*,image\/*\" aria-invalid=\"false\" type=\"file\" name=\"file-502\" \/><\/span><br \/>\n<\/label>\n\t\t\t\t\t<\/p>\n\t\t\t\t<\/div>\n\t\t\t\t<div data-id=\"prayer-group\" data-orig_data_id=\"prayer-group\"  class=\"\" data-class=\"wpcf7cf_group\">\n\t\t\t\t<\/div>\n\t\t\t\t<div data-id=\"testimony-group\" data-orig_data_id=\"testimony-group\"  class=\"\" data-class=\"wpcf7cf_group\">\n\t\t\t\t<\/div>\n\t\t\t\t<div data-id=\"message-group\" data-orig_data_id=\"message-group\"  class=\"\" data-class=\"wpcf7cf_group\">\n\t\t\t\t<\/div>\n\t\t\t\t<div class=\"uael-cf7-col\">\n\t\t\t\t\t<p><input class=\"wpcf7-form-control wpcf7-submit has-spinner\" type=\"submit\" value=\"Submit\" \/>\n\t\t\t\t\t<\/p>\n\t\t\t\t<\/div>\n\t\t\t<\/div>\n\t\t<\/div>\n\t<\/div>\n<\/div><p style=\"display: none !important;\" class=\"akismet-fields-container\" data-prefix=\"_wpcf7_ak_\"><label>&#916;<textarea name=\"_wpcf7_ak_hp_textarea\" cols=\"45\" rows=\"8\" maxlength=\"100\"><\/textarea><\/label><input type=\"hidden\" id=\"ak_js_1\" name=\"_wpcf7_ak_js\" value=\"86\"\/><script>document.getElementById( \"ak_js_1\" ).setAttribute( \"value\", ( new Date() ).getTime() );<\/script><\/p><div class=\"wpcf7-response-output\" aria-hidden=\"true\"><\/div>\n<\/form>\n<\/div>\n<\/div>\n            <\/div>\t\t\t\t<\/div>\n\t\t\t\t<\/div>\n\t\t\t\t\t<\/div>\n\t\t<\/div>\n\t\t\t\t\t<\/div>\n\t\t<\/section>\n\t\t\t\t<\/div>\n\t\t","protected":false},"excerpt":{"rendered":"<p>Entre em contato conosco Solicita\u00e7\u00e3o de ora\u00e7\u00e3o Voc\u00ea sente que Deus est\u00e1 longe de voc\u00ea? A ora\u00e7\u00e3o \u00e9 o caminho mais curto entre seu cora\u00e7\u00e3o e Deus. \u00c9 o reconhecimento&#8230;<\/p>\n","protected":false},"author":1,"featured_media":0,"parent":0,"menu_order":0,"comment_status":"closed","ping_status":"closed","template":"","meta":{"footnotes":""},"class_list":["post-1048017","page","type-page","status-publish","hentry"],"yoast_head":"<!-- This site is optimized with the Yoast SEO plugin v27.3 - https:\/\/yoast.com\/product\/yoast-seo-wordpress\/ -->\n<title>Entre em contato conosco \/ Pedido de ora\u00e7\u00e3o - The University Of God<\/title>\n<meta name=\"robots\" content=\"index, follow, max-snippet:-1, max-image-preview:large, max-video-preview:-1\" \/>\n<link rel=\"canonical\" href=\"https:\/\/theuog.org\/pt-br\/entre-em-contato-conosco-pedido-de-oracao\/\" \/>\n<meta property=\"og:locale\" content=\"pt_BR\" \/>\n<meta property=\"og:type\" content=\"article\" \/>\n<meta property=\"og:title\" content=\"Entre em contato conosco \/ Pedido de ora\u00e7\u00e3o - The University Of God\" \/>\n<meta property=\"og:description\" content=\"Entre em contato conosco Solicita\u00e7\u00e3o de ora\u00e7\u00e3o Voc\u00ea sente que Deus est\u00e1 longe de voc\u00ea? A ora\u00e7\u00e3o \u00e9 o caminho mais curto entre seu cora\u00e7\u00e3o e Deus. \u00c9 o reconhecimento...\" \/>\n<meta property=\"og:url\" content=\"https:\/\/theuog.org\/pt-br\/entre-em-contato-conosco-pedido-de-oracao\/\" \/>\n<meta property=\"og:site_name\" content=\"The University Of God\" \/>\n<meta property=\"article:modified_time\" content=\"2025-02-26T01:21:48+00:00\" \/>\n<meta name=\"twitter:card\" content=\"summary_large_image\" \/>\n<meta name=\"twitter:label1\" content=\"Est. tempo de leitura\" \/>\n\t<meta name=\"twitter:data1\" content=\"3 minutos\" \/>\n<script type=\"application\/ld+json\" class=\"yoast-schema-graph\">{\"@context\":\"https:\\\/\\\/schema.org\",\"@graph\":[{\"@type\":\"WebPage\",\"@id\":\"https:\\\/\\\/theuog.org\\\/pt-br\\\/entre-em-contato-conosco-pedido-de-oracao\\\/\",\"url\":\"https:\\\/\\\/theuog.org\\\/pt-br\\\/entre-em-contato-conosco-pedido-de-oracao\\\/\",\"name\":\"Entre em contato conosco \\\/ Pedido de ora\u00e7\u00e3o - The University Of God\",\"isPartOf\":{\"@id\":\"https:\\\/\\\/theuog.org\\\/#website\"},\"datePublished\":\"2021-01-02T10:43:24+00:00\",\"dateModified\":\"2025-02-26T01:21:48+00:00\",\"breadcrumb\":{\"@id\":\"https:\\\/\\\/theuog.org\\\/pt-br\\\/entre-em-contato-conosco-pedido-de-oracao\\\/#breadcrumb\"},\"inLanguage\":\"pt-BR\",\"potentialAction\":[{\"@type\":\"ReadAction\",\"target\":[\"https:\\\/\\\/theuog.org\\\/pt-br\\\/entre-em-contato-conosco-pedido-de-oracao\\\/\"]}]},{\"@type\":\"BreadcrumbList\",\"@id\":\"https:\\\/\\\/theuog.org\\\/pt-br\\\/entre-em-contato-conosco-pedido-de-oracao\\\/#breadcrumb\",\"itemListElement\":[{\"@type\":\"ListItem\",\"position\":1,\"name\":\"Home\",\"item\":\"https:\\\/\\\/theuog.org\\\/\"},{\"@type\":\"ListItem\",\"position\":2,\"name\":\"Entre em contato conosco \\\/ Pedido de ora\u00e7\u00e3o\"}]},{\"@type\":\"WebSite\",\"@id\":\"https:\\\/\\\/theuog.org\\\/#website\",\"url\":\"https:\\\/\\\/theuog.org\\\/\",\"name\":\"The University Of God\",\"description\":\"Sense knowledge ceases when revelation comes.\",\"publisher\":{\"@id\":\"https:\\\/\\\/theuog.org\\\/#organization\"},\"potentialAction\":[{\"@type\":\"SearchAction\",\"target\":{\"@type\":\"EntryPoint\",\"urlTemplate\":\"https:\\\/\\\/theuog.org\\\/?s={search_term_string}\"},\"query-input\":{\"@type\":\"PropertyValueSpecification\",\"valueRequired\":true,\"valueName\":\"search_term_string\"}}],\"inLanguage\":\"pt-BR\"},{\"@type\":\"Organization\",\"@id\":\"https:\\\/\\\/theuog.org\\\/#organization\",\"name\":\"The University Of God\",\"url\":\"https:\\\/\\\/theuog.org\\\/\",\"logo\":{\"@type\":\"ImageObject\",\"inLanguage\":\"pt-BR\",\"@id\":\"https:\\\/\\\/theuog.org\\\/#\\\/schema\\\/logo\\\/image\\\/\",\"url\":\"https:\\\/\\\/theuog.org\\\/wp-content\\\/uploads\\\/2022\\\/05\\\/theuog_gold_logo-top.png\",\"contentUrl\":\"https:\\\/\\\/theuog.org\\\/wp-content\\\/uploads\\\/2022\\\/05\\\/theuog_gold_logo-top.png\",\"width\":532,\"height\":170,\"caption\":\"The University Of God\"},\"image\":{\"@id\":\"https:\\\/\\\/theuog.org\\\/#\\\/schema\\\/logo\\\/image\\\/\"}}]}<\/script>\n<!-- \/ Yoast SEO plugin. -->","yoast_head_json":{"title":"Entre em contato conosco \/ Pedido de ora\u00e7\u00e3o - The University Of God","robots":{"index":"index","follow":"follow","max-snippet":"max-snippet:-1","max-image-preview":"max-image-preview:large","max-video-preview":"max-video-preview:-1"},"canonical":"https:\/\/theuog.org\/pt-br\/entre-em-contato-conosco-pedido-de-oracao\/","og_locale":"pt_BR","og_type":"article","og_title":"Entre em contato conosco \/ Pedido de ora\u00e7\u00e3o - The University Of God","og_description":"Entre em contato conosco Solicita\u00e7\u00e3o de ora\u00e7\u00e3o Voc\u00ea sente que Deus est\u00e1 longe de voc\u00ea? A ora\u00e7\u00e3o \u00e9 o caminho mais curto entre seu cora\u00e7\u00e3o e Deus. \u00c9 o reconhecimento...","og_url":"https:\/\/theuog.org\/pt-br\/entre-em-contato-conosco-pedido-de-oracao\/","og_site_name":"The University Of God","article_modified_time":"2025-02-26T01:21:48+00:00","twitter_card":"summary_large_image","twitter_misc":{"Est. tempo de leitura":"3 minutos"},"schema":{"@context":"https:\/\/schema.org","@graph":[{"@type":"WebPage","@id":"https:\/\/theuog.org\/pt-br\/entre-em-contato-conosco-pedido-de-oracao\/","url":"https:\/\/theuog.org\/pt-br\/entre-em-contato-conosco-pedido-de-oracao\/","name":"Entre em contato conosco \/ Pedido de ora\u00e7\u00e3o - The University Of God","isPartOf":{"@id":"https:\/\/theuog.org\/#website"},"datePublished":"2021-01-02T10:43:24+00:00","dateModified":"2025-02-26T01:21:48+00:00","breadcrumb":{"@id":"https:\/\/theuog.org\/pt-br\/entre-em-contato-conosco-pedido-de-oracao\/#breadcrumb"},"inLanguage":"pt-BR","potentialAction":[{"@type":"ReadAction","target":["https:\/\/theuog.org\/pt-br\/entre-em-contato-conosco-pedido-de-oracao\/"]}]},{"@type":"BreadcrumbList","@id":"https:\/\/theuog.org\/pt-br\/entre-em-contato-conosco-pedido-de-oracao\/#breadcrumb","itemListElement":[{"@type":"ListItem","position":1,"name":"Home","item":"https:\/\/theuog.org\/"},{"@type":"ListItem","position":2,"name":"Entre em contato conosco \/ Pedido de ora\u00e7\u00e3o"}]},{"@type":"WebSite","@id":"https:\/\/theuog.org\/#website","url":"https:\/\/theuog.org\/","name":"The University Of God","description":"Sense knowledge ceases when revelation comes.","publisher":{"@id":"https:\/\/theuog.org\/#organization"},"potentialAction":[{"@type":"SearchAction","target":{"@type":"EntryPoint","urlTemplate":"https:\/\/theuog.org\/?s={search_term_string}"},"query-input":{"@type":"PropertyValueSpecification","valueRequired":true,"valueName":"search_term_string"}}],"inLanguage":"pt-BR"},{"@type":"Organization","@id":"https:\/\/theuog.org\/#organization","name":"The University Of God","url":"https:\/\/theuog.org\/","logo":{"@type":"ImageObject","inLanguage":"pt-BR","@id":"https:\/\/theuog.org\/#\/schema\/logo\/image\/","url":"https:\/\/theuog.org\/wp-content\/uploads\/2022\/05\/theuog_gold_logo-top.png","contentUrl":"https:\/\/theuog.org\/wp-content\/uploads\/2022\/05\/theuog_gold_logo-top.png","width":532,"height":170,"caption":"The University Of God"},"image":{"@id":"https:\/\/theuog.org\/#\/schema\/logo\/image\/"}}]}},"jetpack_sharing_enabled":true,"_links":{"self":[{"href":"https:\/\/theuog.org\/pt-br\/wp-json\/wp\/v2\/pages\/1048017","targetHints":{"allow":["GET"]}}],"collection":[{"href":"https:\/\/theuog.org\/pt-br\/wp-json\/wp\/v2\/pages"}],"about":[{"href":"https:\/\/theuog.org\/pt-br\/wp-json\/wp\/v2\/types\/page"}],"author":[{"embeddable":true,"href":"https:\/\/theuog.org\/pt-br\/wp-json\/wp\/v2\/users\/1"}],"replies":[{"embeddable":true,"href":"https:\/\/theuog.org\/pt-br\/wp-json\/wp\/v2\/comments?post=1048017"}],"version-history":[{"count":1,"href":"https:\/\/theuog.org\/pt-br\/wp-json\/wp\/v2\/pages\/1048017\/revisions"}],"predecessor-version":[{"id":1048018,"href":"https:\/\/theuog.org\/pt-br\/wp-json\/wp\/v2\/pages\/1048017\/revisions\/1048018"}],"wp:attachment":[{"href":"https:\/\/theuog.org\/pt-br\/wp-json\/wp\/v2\/media?parent=1048017"}],"curies":[{"name":"wp","href":"https:\/\/api.w.org\/{rel}","templated":true}]}}