{"id":1048060,"date":"2022-06-15T00:15:08","date_gmt":"2022-06-14T22:15:08","guid":{"rendered":"https:\/\/theuog.org\/reuniao-de-parceiros-da-uog-na-africa-do-sul-2025\/"},"modified":"2025-02-26T02:22:56","modified_gmt":"2025-02-26T01:22:56","slug":"reuniao-de-parceiros-da-uog-na-africa-do-sul-2025","status":"publish","type":"page","link":"https:\/\/theuog.org\/pt-br\/reuniao-de-parceiros-da-uog-na-africa-do-sul-2025\/","title":{"rendered":"Reuni\u00e3o de parceiros da UOG na \u00c1frica do Sul 2025"},"content":{"rendered":"\t\t<div data-elementor-type=\"wp-page\" data-elementor-id=\"1048060\" class=\"elementor elementor-1048060 elementor-988356\" data-elementor-post-type=\"page\">\n\t\t\t\t\t\t<section class=\"elementor-section elementor-top-section elementor-element elementor-element-a7db413 elementor-section-height-min-height elementor-section-boxed elementor-section-height-default elementor-section-items-middle\" data-id=\"a7db413\" data-element_type=\"section\" data-e-type=\"section\" data-settings=\"{&quot;background_background&quot;:&quot;classic&quot;}\">\n\t\t\t\t\t\t\t<div class=\"elementor-background-overlay\"><\/div>\n\t\t\t\t\t\t\t<div class=\"elementor-container elementor-column-gap-default\">\n\t\t\t\t\t<div class=\"elementor-column elementor-col-100 elementor-top-column elementor-element elementor-element-d71ae72\" data-id=\"d71ae72\" data-element_type=\"column\" data-e-type=\"column\" data-settings=\"{&quot;background_background&quot;:&quot;classic&quot;}\">\n\t\t\t<div class=\"elementor-widget-wrap\">\n\t\t\t\t\t\t\t<\/div>\n\t\t<\/div>\n\t\t\t\t\t<\/div>\n\t\t<\/section>\n\t\t\t\t<section class=\"elementor-section elementor-top-section elementor-element elementor-element-61c7082 elementor-section-boxed elementor-section-height-default elementor-section-height-default\" data-id=\"61c7082\" data-element_type=\"section\" data-e-type=\"section\">\n\t\t\t\t\t\t<div class=\"elementor-container elementor-column-gap-no\">\n\t\t\t\t\t<div class=\"elementor-column elementor-col-100 elementor-top-column elementor-element elementor-element-7f14322\" data-id=\"7f14322\" data-element_type=\"column\" data-e-type=\"column\">\n\t\t\t<div class=\"elementor-widget-wrap elementor-element-populated\">\n\t\t\t\t\t\t<div class=\"elementor-element elementor-element-d8fa178 elementor-widget__width-auto animated-fast elementor-invisible elementor-widget elementor-widget-heading\" data-id=\"d8fa178\" data-element_type=\"widget\" data-e-type=\"widget\" data-settings=\"{&quot;_animation&quot;:&quot;fadeIn&quot;,&quot;_animation_tablet&quot;:&quot;none&quot;,&quot;_animation_mobile&quot;:&quot;none&quot;,&quot;_animation_delay&quot;:100}\" data-widget_type=\"heading.default\">\n\t\t\t\t<div class=\"elementor-widget-container\">\n\t\t\t\t\t<h1 class=\"elementor-heading-title elementor-size-default\">Sul\n\u00c1frica<\/h1>\t\t\t\t<\/div>\n\t\t\t\t<\/div>\n\t\t\t\t\t<\/div>\n\t\t<\/div>\n\t\t\t\t\t<\/div>\n\t\t<\/section>\n\t\t\t\t<section class=\"elementor-section elementor-top-section elementor-element elementor-element-bf87cfc elementor-section-boxed elementor-section-height-default elementor-section-height-default\" data-id=\"bf87cfc\" data-element_type=\"section\" data-e-type=\"section\">\n\t\t\t\t\t\t<div class=\"elementor-container elementor-column-gap-narrow\">\n\t\t\t\t\t<div class=\"elementor-column elementor-col-100 elementor-top-column elementor-element elementor-element-1703df8\" data-id=\"1703df8\" data-element_type=\"column\" data-e-type=\"column\" data-settings=\"{&quot;animation&quot;:&quot;none&quot;,&quot;animation_tablet&quot;:&quot;none&quot;,&quot;animation_mobile&quot;:&quot;none&quot;,&quot;animation_delay&quot;:200}\">\n\t\t\t<div class=\"elementor-widget-wrap elementor-element-populated\">\n\t\t\t\t\t\t<div class=\"elementor-element elementor-element-fc58de7 elementor-widget elementor-widget-text-editor\" data-id=\"fc58de7\" data-element_type=\"widget\" data-e-type=\"widget\" data-widget_type=\"text-editor.default\">\n\t\t\t\t<div class=\"elementor-widget-container\">\n\t\t\t\t\t\t\t\t\t<h2>\n            <b>Reuni\u00e3o de parceiros da UOG na \u00c1frica do Sul 2025<\/b><br \/>\n          <\/h2>\n<p>\n            <span lang=\"EN-GB\" style=\"font-size: 13.5pt; background-image: initial; background-position: initial; background-size: initial; background-repeat: initial; background-attachment: initial; background-origin: initial; background-clip: initial;\">De acordo com a vis\u00e3o da UOG, Deus colocou em nosso cora\u00e7\u00e3o a ideia de reunir os parceiros da Universidade de Deus e os membros da Fam\u00edlia da F\u00e9 na \u00c1frica do Sul, em janeiro de 2025. Se voc\u00ea \u00e9 um parceiro da UOG e planeja participar dessa reuni\u00e3o, preencha o formul\u00e1rio abaixo: <\/span>\n          <\/p>\n\t\t\t\t\t\t\t\t<\/div>\n\t\t\t\t<\/div>\n\t\t\t\t<section class=\"elementor-section elementor-inner-section elementor-element elementor-element-c01fbf2 elementor-section-boxed elementor-section-height-default elementor-section-height-default\" data-id=\"c01fbf2\" data-element_type=\"section\" data-e-type=\"section\">\n\t\t\t\t\t\t<div class=\"elementor-container elementor-column-gap-default\">\n\t\t\t\t\t<div class=\"elementor-column elementor-col-100 elementor-inner-column elementor-element elementor-element-ccf3b75\" data-id=\"ccf3b75\" data-element_type=\"column\" data-e-type=\"column\">\n\t\t\t<div class=\"elementor-widget-wrap elementor-element-populated\">\n\t\t\t\t\t\t<div class=\"elementor-element elementor-element-83ef354 elementor-widget elementor-widget-html\" data-id=\"83ef354\" data-element_type=\"widget\" data-e-type=\"widget\" data-widget_type=\"html.default\">\n\t\t\t\t<div class=\"elementor-widget-container\">\n\t\t\t\t\tO FORMUL\u00c1RIO DE INSCRI\u00c7\u00c3O J\u00c1 EST\u00c1 FECHADO. SE VOC\u00ca PREENCHEU O FORMUL\u00c1RIO, ENTRAREMOS EM CONTATO COM VOC\u00ca EM BREVE. \t\t\t\t<\/div>\n\t\t\t\t<\/div>\n\t\t\t\t\t<\/div>\n\t\t<\/div>\n\t\t\t\t\t<\/div>\n\t\t<\/section>\n\t\t\t\t\t<\/div>\n\t\t<\/div>\n\t\t\t\t\t<\/div>\n\t\t<\/section>\n\t\t\t\t<\/div>\n\t\t","protected":false},"excerpt":{"rendered":"<p>Sul \u00c1frica Reuni\u00e3o de parceiros da UOG na \u00c1frica do Sul 2025 De acordo com a vis\u00e3o da UOG, Deus colocou em nosso cora\u00e7\u00e3o a ideia de reunir os parceiros&#8230;<\/p>\n","protected":false},"author":1,"featured_media":0,"parent":0,"menu_order":0,"comment_status":"closed","ping_status":"closed","template":"","meta":{"footnotes":""},"class_list":["post-1048060","page","type-page","status-publish","hentry"],"yoast_head":"<!-- This site is optimized with the Yoast SEO plugin v27.3 - https:\/\/yoast.com\/product\/yoast-seo-wordpress\/ -->\n<title>Reuni\u00e3o de parceiros da UOG na \u00c1frica do Sul 2025 - The University Of God<\/title>\n<meta name=\"robots\" content=\"index, follow, max-snippet:-1, max-image-preview:large, max-video-preview:-1\" \/>\n<link rel=\"canonical\" href=\"https:\/\/theuog.org\/pt-br\/reuniao-de-parceiros-da-uog-na-africa-do-sul-2025\/\" \/>\n<meta property=\"og:locale\" content=\"pt_BR\" \/>\n<meta property=\"og:type\" content=\"article\" \/>\n<meta property=\"og:title\" content=\"Reuni\u00e3o de parceiros da UOG na \u00c1frica do Sul 2025 - The University Of God\" \/>\n<meta property=\"og:description\" content=\"Sul \u00c1frica Reuni\u00e3o de parceiros da UOG na \u00c1frica do Sul 2025 De acordo com a vis\u00e3o da UOG, Deus colocou em nosso cora\u00e7\u00e3o a ideia de reunir os parceiros...\" \/>\n<meta property=\"og:url\" content=\"https:\/\/theuog.org\/pt-br\/reuniao-de-parceiros-da-uog-na-africa-do-sul-2025\/\" \/>\n<meta property=\"og:site_name\" content=\"The University Of God\" \/>\n<meta property=\"article:modified_time\" content=\"2025-02-26T01:22:56+00:00\" \/>\n<meta name=\"twitter:card\" content=\"summary_large_image\" \/>\n<script type=\"application\/ld+json\" class=\"yoast-schema-graph\">{\"@context\":\"https:\\\/\\\/schema.org\",\"@graph\":[{\"@type\":\"WebPage\",\"@id\":\"https:\\\/\\\/theuog.org\\\/pt-br\\\/reuniao-de-parceiros-da-uog-na-africa-do-sul-2025\\\/\",\"url\":\"https:\\\/\\\/theuog.org\\\/pt-br\\\/reuniao-de-parceiros-da-uog-na-africa-do-sul-2025\\\/\",\"name\":\"Reuni\u00e3o de parceiros da UOG na \u00c1frica do Sul 2025 - The University Of God\",\"isPartOf\":{\"@id\":\"https:\\\/\\\/theuog.org\\\/#website\"},\"datePublished\":\"2022-06-14T22:15:08+00:00\",\"dateModified\":\"2025-02-26T01:22:56+00:00\",\"breadcrumb\":{\"@id\":\"https:\\\/\\\/theuog.org\\\/pt-br\\\/reuniao-de-parceiros-da-uog-na-africa-do-sul-2025\\\/#breadcrumb\"},\"inLanguage\":\"pt-BR\",\"potentialAction\":[{\"@type\":\"ReadAction\",\"target\":[\"https:\\\/\\\/theuog.org\\\/pt-br\\\/reuniao-de-parceiros-da-uog-na-africa-do-sul-2025\\\/\"]}]},{\"@type\":\"BreadcrumbList\",\"@id\":\"https:\\\/\\\/theuog.org\\\/pt-br\\\/reuniao-de-parceiros-da-uog-na-africa-do-sul-2025\\\/#breadcrumb\",\"itemListElement\":[{\"@type\":\"ListItem\",\"position\":1,\"name\":\"Home\",\"item\":\"https:\\\/\\\/theuog.org\\\/\"},{\"@type\":\"ListItem\",\"position\":2,\"name\":\"Reuni\u00e3o de parceiros da UOG na \u00c1frica do Sul 2025\"}]},{\"@type\":\"WebSite\",\"@id\":\"https:\\\/\\\/theuog.org\\\/#website\",\"url\":\"https:\\\/\\\/theuog.org\\\/\",\"name\":\"The University Of God\",\"description\":\"Sense knowledge ceases when revelation comes.\",\"publisher\":{\"@id\":\"https:\\\/\\\/theuog.org\\\/#organization\"},\"potentialAction\":[{\"@type\":\"SearchAction\",\"target\":{\"@type\":\"EntryPoint\",\"urlTemplate\":\"https:\\\/\\\/theuog.org\\\/?s={search_term_string}\"},\"query-input\":{\"@type\":\"PropertyValueSpecification\",\"valueRequired\":true,\"valueName\":\"search_term_string\"}}],\"inLanguage\":\"pt-BR\"},{\"@type\":\"Organization\",\"@id\":\"https:\\\/\\\/theuog.org\\\/#organization\",\"name\":\"The University Of God\",\"url\":\"https:\\\/\\\/theuog.org\\\/\",\"logo\":{\"@type\":\"ImageObject\",\"inLanguage\":\"pt-BR\",\"@id\":\"https:\\\/\\\/theuog.org\\\/#\\\/schema\\\/logo\\\/image\\\/\",\"url\":\"https:\\\/\\\/theuog.org\\\/wp-content\\\/uploads\\\/2022\\\/05\\\/theuog_gold_logo-top.png\",\"contentUrl\":\"https:\\\/\\\/theuog.org\\\/wp-content\\\/uploads\\\/2022\\\/05\\\/theuog_gold_logo-top.png\",\"width\":532,\"height\":170,\"caption\":\"The University Of God\"},\"image\":{\"@id\":\"https:\\\/\\\/theuog.org\\\/#\\\/schema\\\/logo\\\/image\\\/\"}}]}<\/script>\n<!-- \/ Yoast SEO plugin. -->","yoast_head_json":{"title":"Reuni\u00e3o de parceiros da UOG na \u00c1frica do Sul 2025 - The University Of God","robots":{"index":"index","follow":"follow","max-snippet":"max-snippet:-1","max-image-preview":"max-image-preview:large","max-video-preview":"max-video-preview:-1"},"canonical":"https:\/\/theuog.org\/pt-br\/reuniao-de-parceiros-da-uog-na-africa-do-sul-2025\/","og_locale":"pt_BR","og_type":"article","og_title":"Reuni\u00e3o de parceiros da UOG na \u00c1frica do Sul 2025 - The University Of God","og_description":"Sul \u00c1frica Reuni\u00e3o de parceiros da UOG na \u00c1frica do Sul 2025 De acordo com a vis\u00e3o da UOG, Deus colocou em nosso cora\u00e7\u00e3o a ideia de reunir os parceiros...","og_url":"https:\/\/theuog.org\/pt-br\/reuniao-de-parceiros-da-uog-na-africa-do-sul-2025\/","og_site_name":"The University Of God","article_modified_time":"2025-02-26T01:22:56+00:00","twitter_card":"summary_large_image","schema":{"@context":"https:\/\/schema.org","@graph":[{"@type":"WebPage","@id":"https:\/\/theuog.org\/pt-br\/reuniao-de-parceiros-da-uog-na-africa-do-sul-2025\/","url":"https:\/\/theuog.org\/pt-br\/reuniao-de-parceiros-da-uog-na-africa-do-sul-2025\/","name":"Reuni\u00e3o de parceiros da UOG na \u00c1frica do Sul 2025 - The University Of God","isPartOf":{"@id":"https:\/\/theuog.org\/#website"},"datePublished":"2022-06-14T22:15:08+00:00","dateModified":"2025-02-26T01:22:56+00:00","breadcrumb":{"@id":"https:\/\/theuog.org\/pt-br\/reuniao-de-parceiros-da-uog-na-africa-do-sul-2025\/#breadcrumb"},"inLanguage":"pt-BR","potentialAction":[{"@type":"ReadAction","target":["https:\/\/theuog.org\/pt-br\/reuniao-de-parceiros-da-uog-na-africa-do-sul-2025\/"]}]},{"@type":"BreadcrumbList","@id":"https:\/\/theuog.org\/pt-br\/reuniao-de-parceiros-da-uog-na-africa-do-sul-2025\/#breadcrumb","itemListElement":[{"@type":"ListItem","position":1,"name":"Home","item":"https:\/\/theuog.org\/"},{"@type":"ListItem","position":2,"name":"Reuni\u00e3o de parceiros da UOG na \u00c1frica do Sul 2025"}]},{"@type":"WebSite","@id":"https:\/\/theuog.org\/#website","url":"https:\/\/theuog.org\/","name":"The University Of God","description":"Sense knowledge ceases when revelation comes.","publisher":{"@id":"https:\/\/theuog.org\/#organization"},"potentialAction":[{"@type":"SearchAction","target":{"@type":"EntryPoint","urlTemplate":"https:\/\/theuog.org\/?s={search_term_string}"},"query-input":{"@type":"PropertyValueSpecification","valueRequired":true,"valueName":"search_term_string"}}],"inLanguage":"pt-BR"},{"@type":"Organization","@id":"https:\/\/theuog.org\/#organization","name":"The University Of God","url":"https:\/\/theuog.org\/","logo":{"@type":"ImageObject","inLanguage":"pt-BR","@id":"https:\/\/theuog.org\/#\/schema\/logo\/image\/","url":"https:\/\/theuog.org\/wp-content\/uploads\/2022\/05\/theuog_gold_logo-top.png","contentUrl":"https:\/\/theuog.org\/wp-content\/uploads\/2022\/05\/theuog_gold_logo-top.png","width":532,"height":170,"caption":"The University Of God"},"image":{"@id":"https:\/\/theuog.org\/#\/schema\/logo\/image\/"}}]}},"jetpack_sharing_enabled":true,"_links":{"self":[{"href":"https:\/\/theuog.org\/pt-br\/wp-json\/wp\/v2\/pages\/1048060","targetHints":{"allow":["GET"]}}],"collection":[{"href":"https:\/\/theuog.org\/pt-br\/wp-json\/wp\/v2\/pages"}],"about":[{"href":"https:\/\/theuog.org\/pt-br\/wp-json\/wp\/v2\/types\/page"}],"author":[{"embeddable":true,"href":"https:\/\/theuog.org\/pt-br\/wp-json\/wp\/v2\/users\/1"}],"replies":[{"embeddable":true,"href":"https:\/\/theuog.org\/pt-br\/wp-json\/wp\/v2\/comments?post=1048060"}],"version-history":[{"count":1,"href":"https:\/\/theuog.org\/pt-br\/wp-json\/wp\/v2\/pages\/1048060\/revisions"}],"predecessor-version":[{"id":1048074,"href":"https:\/\/theuog.org\/pt-br\/wp-json\/wp\/v2\/pages\/1048060\/revisions\/1048074"}],"wp:attachment":[{"href":"https:\/\/theuog.org\/pt-br\/wp-json\/wp\/v2\/media?parent=1048060"}],"curies":[{"name":"wp","href":"https:\/\/api.w.org\/{rel}","templated":true}]}}