{"id":1048076,"date":"2022-06-16T14:23:00","date_gmt":"2022-06-16T12:23:00","guid":{"rendered":"https:\/\/theuog.org\/ensinamentos\/"},"modified":"2025-02-26T02:22:56","modified_gmt":"2025-02-26T01:22:56","slug":"ensinamentos","status":"publish","type":"page","link":"https:\/\/theuog.org\/pt-br\/ensinamentos\/","title":{"rendered":"Ensinamentos"},"content":{"rendered":"\t\t<div data-elementor-type=\"wp-page\" data-elementor-id=\"1048076\" class=\"elementor elementor-1048076 elementor-988824\" data-elementor-post-type=\"page\">\n\t\t\t\t\t\t<section class=\"elementor-section elementor-top-section elementor-element elementor-element-78567fb7 elementor-section-height-min-height elementor-section-boxed elementor-section-height-default elementor-section-items-middle\" data-id=\"78567fb7\" data-element_type=\"section\" data-e-type=\"section\" data-settings=\"{&quot;background_background&quot;:&quot;classic&quot;}\">\n\t\t\t\t\t\t\t<div class=\"elementor-background-overlay\"><\/div>\n\t\t\t\t\t\t\t<div class=\"elementor-container elementor-column-gap-default\">\n\t\t\t\t\t<div class=\"elementor-column elementor-col-100 elementor-top-column elementor-element elementor-element-38a1af46\" data-id=\"38a1af46\" data-element_type=\"column\" data-e-type=\"column\" data-settings=\"{&quot;background_background&quot;:&quot;classic&quot;}\">\n\t\t\t<div class=\"elementor-widget-wrap\">\n\t\t\t\t\t\t\t<\/div>\n\t\t<\/div>\n\t\t\t\t\t<\/div>\n\t\t<\/section>\n\t\t\t\t<section class=\"elementor-section elementor-top-section elementor-element elementor-element-2806553a elementor-section-boxed elementor-section-height-default elementor-section-height-default\" data-id=\"2806553a\" data-element_type=\"section\" data-e-type=\"section\">\n\t\t\t\t\t\t<div class=\"elementor-container elementor-column-gap-no\">\n\t\t\t\t\t<div class=\"elementor-column elementor-col-50 elementor-top-column elementor-element elementor-element-721aaa9 animated-fast elementor-invisible\" data-id=\"721aaa9\" data-element_type=\"column\" data-e-type=\"column\" data-settings=\"{&quot;background_background&quot;:&quot;classic&quot;,&quot;animation&quot;:&quot;fadeIn&quot;,&quot;animation_tablet&quot;:&quot;none&quot;,&quot;animation_mobile&quot;:&quot;none&quot;,&quot;animation_delay&quot;:100}\">\n\t\t\t<div class=\"elementor-widget-wrap elementor-element-populated\">\n\t\t\t\t\t\t\t<\/div>\n\t\t<\/div>\n\t\t\t\t<div class=\"elementor-column elementor-col-50 elementor-top-column elementor-element elementor-element-6885e13a elementor-hidden-desktop elementor-hidden-tablet elementor-hidden-phone\" data-id=\"6885e13a\" data-element_type=\"column\" data-e-type=\"column\">\n\t\t\t<div class=\"elementor-widget-wrap\">\n\t\t\t\t\t\t\t<\/div>\n\t\t<\/div>\n\t\t\t\t\t<\/div>\n\t\t<\/section>\n\t\t\t\t<section class=\"elementor-section elementor-top-section elementor-element elementor-element-790787ce elementor-section-boxed elementor-section-height-default elementor-section-height-default\" data-id=\"790787ce\" data-element_type=\"section\" data-e-type=\"section\">\n\t\t\t\t\t\t<div class=\"elementor-container elementor-column-gap-no\">\n\t\t\t\t\t<div class=\"elementor-column elementor-col-66 elementor-top-column elementor-element elementor-element-300e2494\" data-id=\"300e2494\" data-element_type=\"column\" data-e-type=\"column\">\n\t\t\t<div class=\"elementor-widget-wrap elementor-element-populated\">\n\t\t\t\t\t\t<div class=\"elementor-element elementor-element-54c6a734 elementor-invisible elementor-widget elementor-widget-heading\" data-id=\"54c6a734\" data-element_type=\"widget\" data-e-type=\"widget\" data-settings=\"{&quot;_animation&quot;:&quot;fadeIn&quot;,&quot;_animation_tablet&quot;:&quot;none&quot;,&quot;_animation_mobile&quot;:&quot;none&quot;,&quot;_animation_delay&quot;:100}\" data-widget_type=\"heading.default\">\n\t\t\t\t<div class=\"elementor-widget-container\">\n\t\t\t\t\t<h3 class=\"elementor-heading-title elementor-size-default\">O ENSINO DA UNIVERSIDADE DE DEUS  <\/h3>\t\t\t\t<\/div>\n\t\t\t\t<\/div>\n\t\t\t\t<div class=\"elementor-element elementor-element-10cbf9d1 elementor-widget elementor-widget-text-editor\" data-id=\"10cbf9d1\" data-element_type=\"widget\" data-e-type=\"widget\" data-widget_type=\"text-editor.default\">\n\t\t\t\t<div class=\"elementor-widget-container\">\n\t\t\t\t\t\t\t\t\t<p>Primeiro, Jesus deu \u00e0 igreja ap\u00f3stolos que falam a Palavra da vida e estabelecem a s\u00e3 doutrina; depois dos ap\u00f3stolos, Ele enviou profetas que falam a mesma Palavra reveladora de revela\u00e7\u00e3o ao cora\u00e7\u00e3o das pessoas. Ele estabeleceu pastores e enviou evangelistas que falam poderosas Palavras de vida. Quando um evangelista prega, ele re\u00fane as pessoas e prega ao cora\u00e7\u00e3o, e \u00e9 por isso que as pessoas entregam suas vidas a Jesus. Depois de falar com essas pessoas, voc\u00ea precisa aliment\u00e1-las e chamar os pastores, que reunir\u00e3o todas as pessoas e as levar\u00e3o para as igrejas vivas. \u00c9 por isso que o evangelista dir\u00e1: &#8220;V\u00e1 para uma igreja viva&#8221;. Ent\u00e3o, os pastores come\u00e7am a aliment\u00e1-los com a Palavra da vida, mas um pastor n\u00e3o \u00e9 um professor. Ele est\u00e1 pregando e cuidando. \u00c9 por isso que o \u00faltimo minist\u00e9rio que Jesus deu foi o ensino. Um professor se sentar\u00e1 e pegar\u00e1 todas essas Palavras e as dividir\u00e1 para que as pessoas entendam o que elas dizem. Voc\u00ea precisa do minist\u00e9rio para fazer isso. Se uma pessoa n\u00e3o tiver recebido o ensino das Escrituras, ela n\u00e3o estar\u00e1 fundamentada na Palavra. Um professor quer que as pessoas sejam fundamentadas na Palavra e se tornem espiritualmente maduras. Quando voc\u00ea fala, guiado por Aquele que est\u00e1 dentro de voc\u00ea, cada Palavra que voc\u00ea disser penetrar\u00e1 no cora\u00e7\u00e3o das pessoas.            <\/p>\n<p>Os fariseus e os saduceus foram professores da lei de Mois\u00e9s por gera\u00e7\u00f5es, mas n\u00e3o tinham o entendimento espiritual dela <i><b>(<\/b><strong>2 Cor\u00edntios 3:13-14)<\/strong><\/i>. Quando Jesus veio, Ele tinha a Palavra em Esp\u00edrito e vida e ensinava com poder e autoridade <strong><em>(Mateus 7:29).<\/em><\/strong> Ele falou uma mensagem que ningu\u00e9m havia ouvido antes &#8211; ignorando o c\u00e9rebro, Ele falou diretamente ao cora\u00e7\u00e3o das pessoas. Ele veio para dar o significado divino das Escrituras, penetrando na consci\u00eancia do homem. Suas palavras nunca s\u00e3o limitadas pelo tempo e, assim como foi, assim \u00e9. A f\u00e9 vem ao ouvir essa Palavra viva: A f\u00e9 vem pelo ouvir essa Palavra viva. Os fariseus tentaram responder com o conhecimento dos sentidos &#8211; palavras vazias, hist\u00f3ria, est\u00f3ria e a letra da lei &#8211; e acabaram deixando de lado os mandamentos de Deus para se apegar \u00e0s tradi\u00e7\u00f5es dos homens <strong><em>(Marcos 7:8).<\/em><\/strong> Essa crise de nossa f\u00e9 continua at\u00e9 hoje. N\u00e3o nos tornamos espirituais pela teoria, hist\u00f3ria ou filosofia da Palavra, mas por vivermos na Palavra e a Palavra viver em n\u00f3s.     <\/p>\n<p style=\"text-align: center;\">\n            <strong><br \/>\n              <em>&#8220;N\u00e3o estava o nosso cora\u00e7\u00e3o ardendo dentro de n\u00f3s quando ele falava conosco na estrada <br \/>e nos abria as Escrituras?&#8221; Lucas 24:32<\/em><br \/>\n            <\/strong>\n          <\/p>\n<p style=\"text-align: left;\">Por quanto tempo tentaremos argumentar com Deus e Sua Palavra em vez de abrir nosso cora\u00e7\u00e3o ao Seu Esp\u00edrito?<\/p>\n<p>Deus n\u00e3o faz nada sem a Sua Palavra. Precisamos ser crus! Em outras palavras, precisamos voltar ao alicerce: A B\u00edblia Sagrada. Ela \u00e9 o guia crist\u00e3o para cren\u00e7a e pr\u00e1tica e cont\u00e9m a verdade de Cristo. Precisamos entender a B\u00edblia de forma mais clara e pr\u00e1tica. A B\u00edblia n\u00e3o \u00e9 um livro comum; ela \u00e9 a letra inspirada pelo Esp\u00edrito Santo. \u00c9 um livro que nos l\u00ea mesmo quando estamos lendo; requer um tipo incomum de leitura. O conhecimento correto da Palavra leva \u00e0 aplica\u00e7\u00e3o correta da Palavra em nossa vida di\u00e1ria e em nossa caminhada com o Senhor. Ningu\u00e9m pode entender ou aplicar corretamente a Palavra em sua vida sem a ajuda do Esp\u00edrito Santo. Sem o poder de gra\u00e7a correspondente do Esp\u00edrito Santo, n\u00e3o podemos entrar no lado pr\u00e1tico do cristianismo.         <\/p>\n<p>Quando seu cora\u00e7\u00e3o est\u00e1 bloqueado, o conhecimento dos sentidos assume o controle e voc\u00ea n\u00e3o pode agir com Deus. \u00c9 somente quando a Palavra entra em nosso cora\u00e7\u00e3o que o Esp\u00edrito age sobre ela. \u00c9 hora de voc\u00ea voltar para a faculdade de Deus e buscar o Esp\u00edrito.  <\/p>\n<p>Junte-se a n\u00f3s na Universidade de Deus.  <br \/>O conhecimento sensorial cessa quando vem a revela\u00e7\u00e3o.<\/p>\n\t\t\t\t\t\t\t\t<\/div>\n\t\t\t\t<\/div>\n\t\t\t\t<div class=\"elementor-element elementor-element-78f14a2 elementor-widget elementor-widget-image\" data-id=\"78f14a2\" data-element_type=\"widget\" data-e-type=\"widget\" data-widget_type=\"image.default\">\n\t\t\t\t<div class=\"elementor-widget-container\">\n\t\t\t\t\t\t\t\t\t<div class=\"elementor-image\">\n\t\t\t\t\t\t\t\t\t\t\t\t\t\t\t\t\t\t\t\t\t<img decoding=\"async\" width=\"150\" height=\"150\" src=\"https:\/\/theuog.org\/wp-content\/uploads\/2022\/04\/theuog_gold_logo-150x150.png\" class=\"attachment-thumbnail size-thumbnail wp-image-407\" alt=\"\" srcset=\"https:\/\/theuog.org\/wp-content\/uploads\/2022\/04\/theuog_gold_logo-150x150.png 150w, https:\/\/theuog.org\/wp-content\/uploads\/2022\/04\/theuog_gold_logo-100x100.png 100w, https:\/\/theuog.org\/wp-content\/uploads\/2022\/04\/theuog_gold_logo-120x120.png 120w, https:\/\/theuog.org\/wp-content\/uploads\/2022\/04\/theuog_gold_logo.png 228w\" sizes=\"(max-width: 150px) 100vw, 150px\" \/>\t\t\t\t\t\t\t\t\t\t\t\t\t\t\t\t\t\t\t\t\t\t\t\t<\/div>\n\t\t\t\t\t\t\t\t<\/div>\n\t\t\t\t<\/div>\n\t\t\t\t<div class=\"elementor-element elementor-element-ac659db elementor-widget elementor-widget-heading\" data-id=\"ac659db\" data-element_type=\"widget\" data-e-type=\"widget\" data-widget_type=\"heading.default\">\n\t\t\t\t<div class=\"elementor-widget-container\">\n\t\t\t\t\t<h3 class=\"elementor-heading-title elementor-size-default\">Junte-se a n\u00f3s na Universidade de Deus.<\/h3>\t\t\t\t<\/div>\n\t\t\t\t<\/div>\n\t\t\t\t<section class=\"elementor-section elementor-inner-section elementor-element elementor-element-21ef29e elementor-section-boxed elementor-section-height-default elementor-section-height-default\" data-id=\"21ef29e\" data-element_type=\"section\" data-e-type=\"section\" data-settings=\"{&quot;background_background&quot;:&quot;classic&quot;}\">\n\t\t\t\t\t\t<div class=\"elementor-container elementor-column-gap-default\">\n\t\t\t\t\t<div class=\"elementor-column elementor-col-50 elementor-inner-column elementor-element elementor-element-8ec9b60\" data-id=\"8ec9b60\" data-element_type=\"column\" data-e-type=\"column\">\n\t\t\t<div class=\"elementor-widget-wrap elementor-element-populated\">\n\t\t\t\t\t\t<div class=\"elementor-element elementor-element-127afb7 elementor-widget elementor-widget-image\" data-id=\"127afb7\" data-element_type=\"widget\" data-e-type=\"widget\" data-widget_type=\"image.default\">\n\t\t\t\t<div class=\"elementor-widget-container\">\n\t\t\t\t\t\t\t\t\t<div class=\"elementor-image\">\n\t\t\t\t\t\t\t\t\t\t\t\t\t\t\t\t\t\t\t\t\t<img fetchpriority=\"high\" decoding=\"async\" width=\"300\" height=\"200\" src=\"https:\/\/theuog.org\/wp-content\/uploads\/2022\/06\/WhatsApp-Image-2022-06-14-at-19.38.20-300x200.png\" class=\"attachment-medium size-medium wp-image-1048056\" alt=\"\" srcset=\"https:\/\/theuog.org\/wp-content\/uploads\/2022\/06\/WhatsApp-Image-2022-06-14-at-19.38.20-300x200.png 300w, https:\/\/theuog.org\/wp-content\/uploads\/2022\/06\/WhatsApp-Image-2022-06-14-at-19.38.20-1024x682.png 1024w, https:\/\/theuog.org\/wp-content\/uploads\/2022\/06\/WhatsApp-Image-2022-06-14-at-19.38.20-768x512.png 768w, https:\/\/theuog.org\/wp-content\/uploads\/2022\/06\/WhatsApp-Image-2022-06-14-at-19.38.20-1536x1023.png 1536w, https:\/\/theuog.org\/wp-content\/uploads\/2022\/06\/WhatsApp-Image-2022-06-14-at-19.38.20-840x560.png 840w, https:\/\/theuog.org\/wp-content\/uploads\/2022\/06\/WhatsApp-Image-2022-06-14-at-19.38.20-1260x839.png 1260w, https:\/\/theuog.org\/wp-content\/uploads\/2022\/06\/WhatsApp-Image-2022-06-14-at-19.38.20-420x280.png 420w, https:\/\/theuog.org\/wp-content\/uploads\/2022\/06\/WhatsApp-Image-2022-06-14-at-19.38.20-630x420.png 630w, https:\/\/theuog.org\/wp-content\/uploads\/2022\/06\/WhatsApp-Image-2022-06-14-at-19.38.20.png 1600w\" sizes=\"(max-width: 300px) 100vw, 300px\" \/>\t\t\t\t\t\t\t\t\t\t\t\t\t\t\t\t\t\t\t\t\t\t\t\t<\/div>\n\t\t\t\t\t\t\t\t<\/div>\n\t\t\t\t<\/div>\n\t\t\t\t\t<\/div>\n\t\t<\/div>\n\t\t\t\t<div class=\"elementor-column elementor-col-50 elementor-inner-column elementor-element elementor-element-2c9b1f6\" data-id=\"2c9b1f6\" data-element_type=\"column\" data-e-type=\"column\">\n\t\t\t<div class=\"elementor-widget-wrap\">\n\t\t\t\t\t\t\t<\/div>\n\t\t<\/div>\n\t\t\t\t\t<\/div>\n\t\t<\/section>\n\t\t\t\t\t<\/div>\n\t\t<\/div>\n\t\t\t\t<div class=\"elementor-column elementor-col-33 elementor-top-column elementor-element elementor-element-60e5cccd\" data-id=\"60e5cccd\" data-element_type=\"column\" data-e-type=\"column\">\n\t\t\t<div class=\"elementor-widget-wrap elementor-element-populated\">\n\t\t\t\t\t\t<section class=\"elementor-section elementor-inner-section elementor-element elementor-element-3eda7a6d elementor-section-full_width elementor-section-height-default elementor-section-height-default\" data-id=\"3eda7a6d\" data-element_type=\"section\" data-e-type=\"section\" data-settings=\"{&quot;background_background&quot;:&quot;classic&quot;,&quot;sticky&quot;:&quot;top&quot;,&quot;sticky_offset&quot;:150,&quot;sticky_parent&quot;:&quot;yes&quot;,&quot;sticky_on&quot;:[&quot;desktop&quot;,&quot;tablet&quot;,&quot;mobile&quot;],&quot;sticky_effects_offset&quot;:0,&quot;sticky_anchor_link_offset&quot;:0}\">\n\t\t\t\t\t\t<div class=\"elementor-container elementor-column-gap-no\">\n\t\t\t\t\t<div class=\"elementor-column elementor-col-100 elementor-inner-column elementor-element elementor-element-52a9205a\" data-id=\"52a9205a\" data-element_type=\"column\" data-e-type=\"column\" data-settings=\"{&quot;background_background&quot;:&quot;classic&quot;}\">\n\t\t\t<div class=\"elementor-widget-wrap elementor-element-populated\">\n\t\t\t\t\t\t<div class=\"elementor-element elementor-element-d9d4d38 elementor-widget elementor-widget-text-editor\" data-id=\"d9d4d38\" data-element_type=\"widget\" data-e-type=\"widget\" data-widget_type=\"text-editor.default\">\n\t\t\t\t<div class=\"elementor-widget-container\">\n\t\t\t\t\t\t\t\t\t<p>\n            <strong>DEUS SE ESCONDE:  <\/strong>\n          <\/p>\n<p>S\u00c9RIE ALICERCE &#8211; ENTRE NO MUNDO ESPIRITUAL<\/p>\n\t\t\t\t\t\t\t\t<\/div>\n\t\t\t\t<\/div>\n\t\t\t\t\t<\/div>\n\t\t<\/div>\n\t\t\t\t\t<\/div>\n\t\t<\/section>\n\t\t\t\t<section class=\"elementor-section elementor-inner-section elementor-element elementor-element-094e430 elementor-section-boxed elementor-section-height-default elementor-section-height-default\" data-id=\"094e430\" data-element_type=\"section\" data-e-type=\"section\" data-settings=\"{&quot;background_background&quot;:&quot;classic&quot;,&quot;sticky&quot;:&quot;top&quot;,&quot;sticky_offset&quot;:325,&quot;sticky_parent&quot;:&quot;yes&quot;,&quot;sticky_on&quot;:[&quot;desktop&quot;,&quot;tablet&quot;,&quot;mobile&quot;],&quot;sticky_effects_offset&quot;:0,&quot;sticky_anchor_link_offset&quot;:0}\">\n\t\t\t\t\t\t<div class=\"elementor-container elementor-column-gap-default\">\n\t\t\t\t\t<div class=\"elementor-column elementor-col-100 elementor-inner-column elementor-element elementor-element-59313bc\" data-id=\"59313bc\" data-element_type=\"column\" data-e-type=\"column\">\n\t\t\t<div class=\"elementor-widget-wrap elementor-element-populated\">\n\t\t\t\t\t\t<div class=\"elementor-element elementor-element-722b084 elementor-view-default elementor-widget elementor-widget-icon\" data-id=\"722b084\" data-element_type=\"widget\" data-e-type=\"widget\" data-widget_type=\"icon.default\">\n\t\t\t\t<div class=\"elementor-widget-container\">\n\t\t\t\t\t\t\t<div class=\"elementor-icon-wrapper\">\n\t\t\t<a class=\"elementor-icon\" href=\"https:\/\/theuog.org\/teachings\/god-hides-himself\/\">\n\t\t\t<i aria-hidden=\"true\" class=\"vamtamtheme- vamtam-theme-play\"><\/i>\t\t\t<\/a>\n\t\t<\/div>\n\t\t\t\t\t\t<\/div>\n\t\t\t\t<\/div>\n\t\t\t\t\t<\/div>\n\t\t<\/div>\n\t\t\t\t\t<\/div>\n\t\t<\/section>\n\t\t\t\t\t<\/div>\n\t\t<\/div>\n\t\t\t\t\t<\/div>\n\t\t<\/section>\n\t\t\t\t<\/div>\n\t\t","protected":false},"excerpt":{"rendered":"<p>O ENSINO DA UNIVERSIDADE DE DEUS Primeiro, Jesus deu \u00e0 igreja ap\u00f3stolos que falam a Palavra da vida e estabelecem a s\u00e3 doutrina; depois dos ap\u00f3stolos, Ele enviou profetas que&#8230;<\/p>\n","protected":false},"author":1,"featured_media":0,"parent":0,"menu_order":0,"comment_status":"closed","ping_status":"closed","template":"elementor_header_footer","meta":{"footnotes":""},"class_list":["post-1048076","page","type-page","status-publish","hentry"],"yoast_head":"<!-- This site is optimized with the Yoast SEO plugin v27.3 - https:\/\/yoast.com\/product\/yoast-seo-wordpress\/ -->\n<title>Ensinamentos - The University Of God<\/title>\n<meta name=\"robots\" content=\"index, follow, max-snippet:-1, max-image-preview:large, max-video-preview:-1\" \/>\n<link rel=\"canonical\" href=\"https:\/\/theuog.org\/pt-br\/ensinamentos\/\" \/>\n<meta property=\"og:locale\" content=\"pt_BR\" \/>\n<meta property=\"og:type\" content=\"article\" \/>\n<meta property=\"og:title\" content=\"Ensinamentos - The University Of God\" \/>\n<meta property=\"og:description\" content=\"O ENSINO DA UNIVERSIDADE DE DEUS Primeiro, Jesus deu \u00e0 igreja ap\u00f3stolos que falam a Palavra da vida e estabelecem a s\u00e3 doutrina; depois dos ap\u00f3stolos, Ele enviou profetas que...\" \/>\n<meta property=\"og:url\" content=\"https:\/\/theuog.org\/pt-br\/ensinamentos\/\" \/>\n<meta property=\"og:site_name\" content=\"The University Of God\" \/>\n<meta property=\"article:modified_time\" content=\"2025-02-26T01:22:56+00:00\" \/>\n<meta property=\"og:image\" content=\"https:\/\/theuog.org\/wp-content\/uploads\/2022\/04\/theuog_gold_logo.png\" \/>\n\t<meta property=\"og:image:width\" content=\"228\" \/>\n\t<meta property=\"og:image:height\" content=\"227\" \/>\n\t<meta property=\"og:image:type\" content=\"image\/png\" \/>\n<meta name=\"twitter:card\" content=\"summary_large_image\" \/>\n<meta name=\"twitter:label1\" content=\"Est. tempo de leitura\" \/>\n\t<meta name=\"twitter:data1\" content=\"4 minutos\" \/>\n<script type=\"application\/ld+json\" class=\"yoast-schema-graph\">{\"@context\":\"https:\\\/\\\/schema.org\",\"@graph\":[{\"@type\":\"WebPage\",\"@id\":\"https:\\\/\\\/theuog.org\\\/pt-br\\\/ensinamentos\\\/\",\"url\":\"https:\\\/\\\/theuog.org\\\/pt-br\\\/ensinamentos\\\/\",\"name\":\"Ensinamentos - The University Of God\",\"isPartOf\":{\"@id\":\"https:\\\/\\\/theuog.org\\\/#website\"},\"primaryImageOfPage\":{\"@id\":\"https:\\\/\\\/theuog.org\\\/pt-br\\\/ensinamentos\\\/#primaryimage\"},\"image\":{\"@id\":\"https:\\\/\\\/theuog.org\\\/pt-br\\\/ensinamentos\\\/#primaryimage\"},\"thumbnailUrl\":\"https:\\\/\\\/theuog.org\\\/wp-content\\\/uploads\\\/2022\\\/04\\\/theuog_gold_logo-150x150.png\",\"datePublished\":\"2022-06-16T12:23:00+00:00\",\"dateModified\":\"2025-02-26T01:22:56+00:00\",\"breadcrumb\":{\"@id\":\"https:\\\/\\\/theuog.org\\\/pt-br\\\/ensinamentos\\\/#breadcrumb\"},\"inLanguage\":\"pt-BR\",\"potentialAction\":[{\"@type\":\"ReadAction\",\"target\":[\"https:\\\/\\\/theuog.org\\\/pt-br\\\/ensinamentos\\\/\"]}]},{\"@type\":\"ImageObject\",\"inLanguage\":\"pt-BR\",\"@id\":\"https:\\\/\\\/theuog.org\\\/pt-br\\\/ensinamentos\\\/#primaryimage\",\"url\":\"https:\\\/\\\/theuog.org\\\/wp-content\\\/uploads\\\/2022\\\/04\\\/theuog_gold_logo-150x150.png\",\"contentUrl\":\"https:\\\/\\\/theuog.org\\\/wp-content\\\/uploads\\\/2022\\\/04\\\/theuog_gold_logo-150x150.png\"},{\"@type\":\"BreadcrumbList\",\"@id\":\"https:\\\/\\\/theuog.org\\\/pt-br\\\/ensinamentos\\\/#breadcrumb\",\"itemListElement\":[{\"@type\":\"ListItem\",\"position\":1,\"name\":\"Home\",\"item\":\"https:\\\/\\\/theuog.org\\\/\"},{\"@type\":\"ListItem\",\"position\":2,\"name\":\"Ensinamentos\"}]},{\"@type\":\"WebSite\",\"@id\":\"https:\\\/\\\/theuog.org\\\/#website\",\"url\":\"https:\\\/\\\/theuog.org\\\/\",\"name\":\"The University Of God\",\"description\":\"Sense knowledge ceases when revelation comes.\",\"publisher\":{\"@id\":\"https:\\\/\\\/theuog.org\\\/#organization\"},\"potentialAction\":[{\"@type\":\"SearchAction\",\"target\":{\"@type\":\"EntryPoint\",\"urlTemplate\":\"https:\\\/\\\/theuog.org\\\/?s={search_term_string}\"},\"query-input\":{\"@type\":\"PropertyValueSpecification\",\"valueRequired\":true,\"valueName\":\"search_term_string\"}}],\"inLanguage\":\"pt-BR\"},{\"@type\":\"Organization\",\"@id\":\"https:\\\/\\\/theuog.org\\\/#organization\",\"name\":\"The University Of God\",\"url\":\"https:\\\/\\\/theuog.org\\\/\",\"logo\":{\"@type\":\"ImageObject\",\"inLanguage\":\"pt-BR\",\"@id\":\"https:\\\/\\\/theuog.org\\\/#\\\/schema\\\/logo\\\/image\\\/\",\"url\":\"https:\\\/\\\/theuog.org\\\/wp-content\\\/uploads\\\/2022\\\/05\\\/theuog_gold_logo-top.png\",\"contentUrl\":\"https:\\\/\\\/theuog.org\\\/wp-content\\\/uploads\\\/2022\\\/05\\\/theuog_gold_logo-top.png\",\"width\":532,\"height\":170,\"caption\":\"The University Of God\"},\"image\":{\"@id\":\"https:\\\/\\\/theuog.org\\\/#\\\/schema\\\/logo\\\/image\\\/\"}}]}<\/script>\n<!-- \/ Yoast SEO plugin. -->","yoast_head_json":{"title":"Ensinamentos - The University Of God","robots":{"index":"index","follow":"follow","max-snippet":"max-snippet:-1","max-image-preview":"max-image-preview:large","max-video-preview":"max-video-preview:-1"},"canonical":"https:\/\/theuog.org\/pt-br\/ensinamentos\/","og_locale":"pt_BR","og_type":"article","og_title":"Ensinamentos - The University Of God","og_description":"O ENSINO DA UNIVERSIDADE DE DEUS Primeiro, Jesus deu \u00e0 igreja ap\u00f3stolos que falam a Palavra da vida e estabelecem a s\u00e3 doutrina; depois dos ap\u00f3stolos, Ele enviou profetas que...","og_url":"https:\/\/theuog.org\/pt-br\/ensinamentos\/","og_site_name":"The University Of God","article_modified_time":"2025-02-26T01:22:56+00:00","og_image":[{"width":228,"height":227,"url":"https:\/\/theuog.org\/wp-content\/uploads\/2022\/04\/theuog_gold_logo.png","type":"image\/png"}],"twitter_card":"summary_large_image","twitter_misc":{"Est. tempo de leitura":"4 minutos"},"schema":{"@context":"https:\/\/schema.org","@graph":[{"@type":"WebPage","@id":"https:\/\/theuog.org\/pt-br\/ensinamentos\/","url":"https:\/\/theuog.org\/pt-br\/ensinamentos\/","name":"Ensinamentos - The University Of God","isPartOf":{"@id":"https:\/\/theuog.org\/#website"},"primaryImageOfPage":{"@id":"https:\/\/theuog.org\/pt-br\/ensinamentos\/#primaryimage"},"image":{"@id":"https:\/\/theuog.org\/pt-br\/ensinamentos\/#primaryimage"},"thumbnailUrl":"https:\/\/theuog.org\/wp-content\/uploads\/2022\/04\/theuog_gold_logo-150x150.png","datePublished":"2022-06-16T12:23:00+00:00","dateModified":"2025-02-26T01:22:56+00:00","breadcrumb":{"@id":"https:\/\/theuog.org\/pt-br\/ensinamentos\/#breadcrumb"},"inLanguage":"pt-BR","potentialAction":[{"@type":"ReadAction","target":["https:\/\/theuog.org\/pt-br\/ensinamentos\/"]}]},{"@type":"ImageObject","inLanguage":"pt-BR","@id":"https:\/\/theuog.org\/pt-br\/ensinamentos\/#primaryimage","url":"https:\/\/theuog.org\/wp-content\/uploads\/2022\/04\/theuog_gold_logo-150x150.png","contentUrl":"https:\/\/theuog.org\/wp-content\/uploads\/2022\/04\/theuog_gold_logo-150x150.png"},{"@type":"BreadcrumbList","@id":"https:\/\/theuog.org\/pt-br\/ensinamentos\/#breadcrumb","itemListElement":[{"@type":"ListItem","position":1,"name":"Home","item":"https:\/\/theuog.org\/"},{"@type":"ListItem","position":2,"name":"Ensinamentos"}]},{"@type":"WebSite","@id":"https:\/\/theuog.org\/#website","url":"https:\/\/theuog.org\/","name":"The University Of God","description":"Sense knowledge ceases when revelation comes.","publisher":{"@id":"https:\/\/theuog.org\/#organization"},"potentialAction":[{"@type":"SearchAction","target":{"@type":"EntryPoint","urlTemplate":"https:\/\/theuog.org\/?s={search_term_string}"},"query-input":{"@type":"PropertyValueSpecification","valueRequired":true,"valueName":"search_term_string"}}],"inLanguage":"pt-BR"},{"@type":"Organization","@id":"https:\/\/theuog.org\/#organization","name":"The University Of God","url":"https:\/\/theuog.org\/","logo":{"@type":"ImageObject","inLanguage":"pt-BR","@id":"https:\/\/theuog.org\/#\/schema\/logo\/image\/","url":"https:\/\/theuog.org\/wp-content\/uploads\/2022\/05\/theuog_gold_logo-top.png","contentUrl":"https:\/\/theuog.org\/wp-content\/uploads\/2022\/05\/theuog_gold_logo-top.png","width":532,"height":170,"caption":"The University Of God"},"image":{"@id":"https:\/\/theuog.org\/#\/schema\/logo\/image\/"}}]}},"jetpack_sharing_enabled":true,"_links":{"self":[{"href":"https:\/\/theuog.org\/pt-br\/wp-json\/wp\/v2\/pages\/1048076","targetHints":{"allow":["GET"]}}],"collection":[{"href":"https:\/\/theuog.org\/pt-br\/wp-json\/wp\/v2\/pages"}],"about":[{"href":"https:\/\/theuog.org\/pt-br\/wp-json\/wp\/v2\/types\/page"}],"author":[{"embeddable":true,"href":"https:\/\/theuog.org\/pt-br\/wp-json\/wp\/v2\/users\/1"}],"replies":[{"embeddable":true,"href":"https:\/\/theuog.org\/pt-br\/wp-json\/wp\/v2\/comments?post=1048076"}],"version-history":[{"count":1,"href":"https:\/\/theuog.org\/pt-br\/wp-json\/wp\/v2\/pages\/1048076\/revisions"}],"predecessor-version":[{"id":1048078,"href":"https:\/\/theuog.org\/pt-br\/wp-json\/wp\/v2\/pages\/1048076\/revisions\/1048078"}],"wp:attachment":[{"href":"https:\/\/theuog.org\/pt-br\/wp-json\/wp\/v2\/media?parent=1048076"}],"curies":[{"name":"wp","href":"https:\/\/api.w.org\/{rel}","templated":true}]}}