{"id":1048083,"date":"2022-07-10T14:01:54","date_gmt":"2022-07-10T12:01:54","guid":{"rendered":"https:\/\/theuog.org\/serie-foundation-entre-na-vida-espiritual\/"},"modified":"2025-02-26T02:22:56","modified_gmt":"2025-02-26T01:22:56","slug":"serie-foundation-entre-na-vida-espiritual","status":"publish","type":"page","link":"https:\/\/theuog.org\/pt-br\/serie-foundation-entre-na-vida-espiritual\/","title":{"rendered":"S\u00e9rie Foundation: Entre na vida espiritual"},"content":{"rendered":"\t\t<div data-elementor-type=\"wp-page\" data-elementor-id=\"1048083\" class=\"elementor elementor-1048083 elementor-990849\" data-elementor-post-type=\"page\">\n\t\t\t\t\t\t<section class=\"elementor-section elementor-top-section elementor-element elementor-element-675908c elementor-section-height-min-height elementor-section-boxed elementor-section-height-default elementor-section-items-middle\" data-id=\"675908c\" data-element_type=\"section\" data-e-type=\"section\" data-settings=\"{&quot;background_background&quot;:&quot;classic&quot;}\">\n\t\t\t\t\t\t\t<div class=\"elementor-background-overlay\"><\/div>\n\t\t\t\t\t\t\t<div class=\"elementor-container elementor-column-gap-default\">\n\t\t\t\t\t<div class=\"elementor-column elementor-col-100 elementor-top-column elementor-element elementor-element-00255d1\" data-id=\"00255d1\" data-element_type=\"column\" data-e-type=\"column\" data-settings=\"{&quot;background_background&quot;:&quot;classic&quot;}\">\n\t\t\t<div class=\"elementor-widget-wrap\">\n\t\t\t\t\t\t\t<\/div>\n\t\t<\/div>\n\t\t\t\t\t<\/div>\n\t\t<\/section>\n\t\t\t\t<section class=\"elementor-section elementor-top-section elementor-element elementor-element-b1d28d5 elementor-section-boxed elementor-section-height-default elementor-section-height-default\" data-id=\"b1d28d5\" data-element_type=\"section\" data-e-type=\"section\">\n\t\t\t\t\t\t<div class=\"elementor-container elementor-column-gap-no\">\n\t\t\t\t\t<div class=\"elementor-column elementor-col-50 elementor-top-column elementor-element elementor-element-614c5f2 animated-fast elementor-invisible\" data-id=\"614c5f2\" data-element_type=\"column\" data-e-type=\"column\" data-settings=\"{&quot;background_background&quot;:&quot;classic&quot;,&quot;animation&quot;:&quot;fadeIn&quot;,&quot;animation_tablet&quot;:&quot;none&quot;,&quot;animation_mobile&quot;:&quot;none&quot;,&quot;animation_delay&quot;:100}\">\n\t\t\t<div class=\"elementor-widget-wrap elementor-element-populated\">\n\t\t\t\t\t\t\t<\/div>\n\t\t<\/div>\n\t\t\t\t<div class=\"elementor-column elementor-col-50 elementor-top-column elementor-element elementor-element-996ba37 elementor-hidden-desktop elementor-hidden-tablet elementor-hidden-phone\" data-id=\"996ba37\" data-element_type=\"column\" data-e-type=\"column\">\n\t\t\t<div class=\"elementor-widget-wrap\">\n\t\t\t\t\t\t\t<\/div>\n\t\t<\/div>\n\t\t\t\t\t<\/div>\n\t\t<\/section>\n\t\t\t\t<section class=\"elementor-section elementor-top-section elementor-element elementor-element-305534c elementor-section-boxed elementor-section-height-default elementor-section-height-default\" data-id=\"305534c\" data-element_type=\"section\" data-e-type=\"section\">\n\t\t\t\t\t\t<div class=\"elementor-container elementor-column-gap-default\">\n\t\t\t\t\t<div class=\"elementor-column elementor-col-100 elementor-top-column elementor-element elementor-element-a97f99f\" data-id=\"a97f99f\" data-element_type=\"column\" data-e-type=\"column\">\n\t\t\t<div class=\"elementor-widget-wrap elementor-element-populated\">\n\t\t\t\t\t\t<div class=\"elementor-element elementor-element-34fbc80 elementor-widget elementor-widget-image\" data-id=\"34fbc80\" data-element_type=\"widget\" data-e-type=\"widget\" data-widget_type=\"image.default\">\n\t\t\t\t<div class=\"elementor-widget-container\">\n\t\t\t\t\t\t\t\t\t<div class=\"elementor-image\">\n\t\t\t\t\t\t\t\t\t\t\t\t\t\t\t\t\t\t\t\t\t<img decoding=\"async\" width=\"300\" height=\"91\" src=\"https:\/\/theuog.org\/wp-content\/uploads\/2022\/07\/aboutsis-300x91.png\" class=\"attachment-medium size-medium wp-image-1048091\" alt=\"\" srcset=\"https:\/\/theuog.org\/wp-content\/uploads\/2022\/07\/aboutsis-300x91.png 300w, https:\/\/theuog.org\/wp-content\/uploads\/2022\/07\/aboutsis.png 593w\" sizes=\"(max-width: 300px) 100vw, 300px\" \/>\t\t\t\t\t\t\t\t\t\t\t\t\t\t\t\t\t\t\t\t\t\t\t\t<\/div>\n\t\t\t\t\t\t\t\t<\/div>\n\t\t\t\t<\/div>\n\t\t\t\t<div class=\"elementor-element elementor-element-f413c3a elementor-widget elementor-widget-text-editor\" data-id=\"f413c3a\" data-element_type=\"widget\" data-e-type=\"widget\" data-widget_type=\"text-editor.default\">\n\t\t\t\t<div class=\"elementor-widget-container\">\n\t\t\t\t\t\t\t\t\t<p>\n            <strong><br \/>\n              <span class=\"style-scope yt-formatted-string\" dir=\"auto\">Sobre voc\u00ea<\/span><br \/>\n            <\/strong>\n          <\/p>\n<p>\n            <em><br \/>\n              <span class=\"style-scope yt-formatted-string\" dir=\"auto\">A s\u00e9rie da Funda\u00e7\u00e3o Universidade de Deus: &#8220;PASSE PARA O ESPIRITUAL!&#8221; \u00e9 uma s\u00e9rie de ensinamentos sob a orienta\u00e7\u00e3o do Esp\u00edrito Santo que estar\u00e1 dispon\u00edvel para todos, revelando o tesouro oculto na Palavra de Deus que leva nosso esp\u00edrito a entrar no espiritual&#8230;. porque \u00e9 l\u00e1 que Deus est\u00e1. \u00c9 uma suposi\u00e7\u00e3o err\u00f4nea que as verdades espirituais podem ser percebidas intelectualmente. Precisamos estar crus, ou seja, precisamos estar no Esp\u00edrito &#8211; o reino do conhecimento da revela\u00e7\u00e3o, entregando nosso cora\u00e7\u00e3o \u00e0 inspira\u00e7\u00e3o do Esp\u00edrito Santo, o pr\u00f3prio Esp\u00edrito de Revela\u00e7\u00e3o (Ef\u00e9sios     <\/span><br \/>\n              <a class=\"yt-simple-endpoint style-scope yt-formatted-string\" dir=\"auto\" spellcheck=\"false\" href=\"https:\/\/www.youtube.com\/watch?v=aRMzFcMvVfg&amp;t=77s\">1:17<\/a><br \/>\n              <span class=\"style-scope yt-formatted-string\" dir=\"auto\">-18). A revela\u00e7\u00e3o traz convic\u00e7\u00e3o e a convic\u00e7\u00e3o traz movimento real em nossa jornada com Jesus, nossa jornada para a eternidade. <\/span><br \/>\n            <\/em>\n          <\/p>\n\t\t\t\t\t\t\t\t<\/div>\n\t\t\t\t<\/div>\n\t\t\t\t\t<\/div>\n\t\t<\/div>\n\t\t\t\t\t<\/div>\n\t\t<\/section>\n\t\t\t\t<\/div>\n\t\t","protected":false},"excerpt":{"rendered":"<p>Sobre voc\u00ea A s\u00e9rie da Funda\u00e7\u00e3o Universidade de Deus: &#8220;PASSE PARA O ESPIRITUAL!&#8221; \u00e9 uma s\u00e9rie de ensinamentos sob a orienta\u00e7\u00e3o do Esp\u00edrito Santo que estar\u00e1 dispon\u00edvel para todos, revelando&#8230;<\/p>\n","protected":false},"author":1,"featured_media":0,"parent":0,"menu_order":0,"comment_status":"closed","ping_status":"closed","template":"elementor_header_footer","meta":{"footnotes":""},"class_list":["post-1048083","page","type-page","status-publish","hentry"],"yoast_head":"<!-- This site is optimized with the Yoast SEO plugin v27.3 - https:\/\/yoast.com\/product\/yoast-seo-wordpress\/ -->\n<title>S\u00e9rie Foundation: Entre na vida espiritual - The University Of God<\/title>\n<meta name=\"robots\" content=\"index, follow, max-snippet:-1, max-image-preview:large, max-video-preview:-1\" \/>\n<link rel=\"canonical\" href=\"https:\/\/theuog.org\/pt-br\/serie-foundation-entre-na-vida-espiritual\/\" \/>\n<meta property=\"og:locale\" content=\"pt_BR\" \/>\n<meta property=\"og:type\" content=\"article\" \/>\n<meta property=\"og:title\" content=\"S\u00e9rie Foundation: Entre na vida espiritual - The University Of God\" \/>\n<meta property=\"og:description\" content=\"Sobre voc\u00ea A s\u00e9rie da Funda\u00e7\u00e3o Universidade de Deus: &#8220;PASSE PARA O ESPIRITUAL!&#8221; \u00e9 uma s\u00e9rie de ensinamentos sob a orienta\u00e7\u00e3o do Esp\u00edrito Santo que estar\u00e1 dispon\u00edvel para todos, revelando...\" \/>\n<meta property=\"og:url\" content=\"https:\/\/theuog.org\/pt-br\/serie-foundation-entre-na-vida-espiritual\/\" \/>\n<meta property=\"og:site_name\" content=\"The University Of God\" \/>\n<meta property=\"article:modified_time\" content=\"2025-02-26T01:22:56+00:00\" \/>\n<meta property=\"og:image\" content=\"https:\/\/theuog.org\/wp-content\/uploads\/2022\/07\/aboutsis.png\" \/>\n\t<meta property=\"og:image:width\" content=\"593\" \/>\n\t<meta property=\"og:image:height\" content=\"180\" \/>\n\t<meta property=\"og:image:type\" content=\"image\/png\" \/>\n<meta name=\"twitter:card\" content=\"summary_large_image\" \/>\n<meta name=\"twitter:label1\" content=\"Est. tempo de leitura\" \/>\n\t<meta name=\"twitter:data1\" content=\"1 minuto\" \/>\n<script type=\"application\/ld+json\" class=\"yoast-schema-graph\">{\"@context\":\"https:\\\/\\\/schema.org\",\"@graph\":[{\"@type\":\"WebPage\",\"@id\":\"https:\\\/\\\/theuog.org\\\/pt-br\\\/serie-foundation-entre-na-vida-espiritual\\\/\",\"url\":\"https:\\\/\\\/theuog.org\\\/pt-br\\\/serie-foundation-entre-na-vida-espiritual\\\/\",\"name\":\"S\u00e9rie Foundation: Entre na vida espiritual - The University Of God\",\"isPartOf\":{\"@id\":\"https:\\\/\\\/theuog.org\\\/#website\"},\"primaryImageOfPage\":{\"@id\":\"https:\\\/\\\/theuog.org\\\/pt-br\\\/serie-foundation-entre-na-vida-espiritual\\\/#primaryimage\"},\"image\":{\"@id\":\"https:\\\/\\\/theuog.org\\\/pt-br\\\/serie-foundation-entre-na-vida-espiritual\\\/#primaryimage\"},\"thumbnailUrl\":\"https:\\\/\\\/theuog.org\\\/wp-content\\\/uploads\\\/2022\\\/07\\\/aboutsis-300x91.png\",\"datePublished\":\"2022-07-10T12:01:54+00:00\",\"dateModified\":\"2025-02-26T01:22:56+00:00\",\"breadcrumb\":{\"@id\":\"https:\\\/\\\/theuog.org\\\/pt-br\\\/serie-foundation-entre-na-vida-espiritual\\\/#breadcrumb\"},\"inLanguage\":\"pt-BR\",\"potentialAction\":[{\"@type\":\"ReadAction\",\"target\":[\"https:\\\/\\\/theuog.org\\\/pt-br\\\/serie-foundation-entre-na-vida-espiritual\\\/\"]}]},{\"@type\":\"ImageObject\",\"inLanguage\":\"pt-BR\",\"@id\":\"https:\\\/\\\/theuog.org\\\/pt-br\\\/serie-foundation-entre-na-vida-espiritual\\\/#primaryimage\",\"url\":\"https:\\\/\\\/theuog.org\\\/wp-content\\\/uploads\\\/2022\\\/07\\\/aboutsis-300x91.png\",\"contentUrl\":\"https:\\\/\\\/theuog.org\\\/wp-content\\\/uploads\\\/2022\\\/07\\\/aboutsis-300x91.png\"},{\"@type\":\"BreadcrumbList\",\"@id\":\"https:\\\/\\\/theuog.org\\\/pt-br\\\/serie-foundation-entre-na-vida-espiritual\\\/#breadcrumb\",\"itemListElement\":[{\"@type\":\"ListItem\",\"position\":1,\"name\":\"Home\",\"item\":\"https:\\\/\\\/theuog.org\\\/\"},{\"@type\":\"ListItem\",\"position\":2,\"name\":\"S\u00e9rie Foundation: Entre na vida espiritual\"}]},{\"@type\":\"WebSite\",\"@id\":\"https:\\\/\\\/theuog.org\\\/#website\",\"url\":\"https:\\\/\\\/theuog.org\\\/\",\"name\":\"The University Of God\",\"description\":\"Sense knowledge ceases when revelation comes.\",\"publisher\":{\"@id\":\"https:\\\/\\\/theuog.org\\\/#organization\"},\"potentialAction\":[{\"@type\":\"SearchAction\",\"target\":{\"@type\":\"EntryPoint\",\"urlTemplate\":\"https:\\\/\\\/theuog.org\\\/?s={search_term_string}\"},\"query-input\":{\"@type\":\"PropertyValueSpecification\",\"valueRequired\":true,\"valueName\":\"search_term_string\"}}],\"inLanguage\":\"pt-BR\"},{\"@type\":\"Organization\",\"@id\":\"https:\\\/\\\/theuog.org\\\/#organization\",\"name\":\"The University Of God\",\"url\":\"https:\\\/\\\/theuog.org\\\/\",\"logo\":{\"@type\":\"ImageObject\",\"inLanguage\":\"pt-BR\",\"@id\":\"https:\\\/\\\/theuog.org\\\/#\\\/schema\\\/logo\\\/image\\\/\",\"url\":\"https:\\\/\\\/theuog.org\\\/wp-content\\\/uploads\\\/2022\\\/05\\\/theuog_gold_logo-top.png\",\"contentUrl\":\"https:\\\/\\\/theuog.org\\\/wp-content\\\/uploads\\\/2022\\\/05\\\/theuog_gold_logo-top.png\",\"width\":532,\"height\":170,\"caption\":\"The University Of God\"},\"image\":{\"@id\":\"https:\\\/\\\/theuog.org\\\/#\\\/schema\\\/logo\\\/image\\\/\"}}]}<\/script>\n<!-- \/ Yoast SEO plugin. -->","yoast_head_json":{"title":"S\u00e9rie Foundation: Entre na vida espiritual - The University Of God","robots":{"index":"index","follow":"follow","max-snippet":"max-snippet:-1","max-image-preview":"max-image-preview:large","max-video-preview":"max-video-preview:-1"},"canonical":"https:\/\/theuog.org\/pt-br\/serie-foundation-entre-na-vida-espiritual\/","og_locale":"pt_BR","og_type":"article","og_title":"S\u00e9rie Foundation: Entre na vida espiritual - The University Of God","og_description":"Sobre voc\u00ea A s\u00e9rie da Funda\u00e7\u00e3o Universidade de Deus: &#8220;PASSE PARA O ESPIRITUAL!&#8221; \u00e9 uma s\u00e9rie de ensinamentos sob a orienta\u00e7\u00e3o do Esp\u00edrito Santo que estar\u00e1 dispon\u00edvel para todos, revelando...","og_url":"https:\/\/theuog.org\/pt-br\/serie-foundation-entre-na-vida-espiritual\/","og_site_name":"The University Of God","article_modified_time":"2025-02-26T01:22:56+00:00","og_image":[{"width":593,"height":180,"url":"https:\/\/theuog.org\/wp-content\/uploads\/2022\/07\/aboutsis.png","type":"image\/png"}],"twitter_card":"summary_large_image","twitter_misc":{"Est. tempo de leitura":"1 minuto"},"schema":{"@context":"https:\/\/schema.org","@graph":[{"@type":"WebPage","@id":"https:\/\/theuog.org\/pt-br\/serie-foundation-entre-na-vida-espiritual\/","url":"https:\/\/theuog.org\/pt-br\/serie-foundation-entre-na-vida-espiritual\/","name":"S\u00e9rie Foundation: Entre na vida espiritual - The University Of God","isPartOf":{"@id":"https:\/\/theuog.org\/#website"},"primaryImageOfPage":{"@id":"https:\/\/theuog.org\/pt-br\/serie-foundation-entre-na-vida-espiritual\/#primaryimage"},"image":{"@id":"https:\/\/theuog.org\/pt-br\/serie-foundation-entre-na-vida-espiritual\/#primaryimage"},"thumbnailUrl":"https:\/\/theuog.org\/wp-content\/uploads\/2022\/07\/aboutsis-300x91.png","datePublished":"2022-07-10T12:01:54+00:00","dateModified":"2025-02-26T01:22:56+00:00","breadcrumb":{"@id":"https:\/\/theuog.org\/pt-br\/serie-foundation-entre-na-vida-espiritual\/#breadcrumb"},"inLanguage":"pt-BR","potentialAction":[{"@type":"ReadAction","target":["https:\/\/theuog.org\/pt-br\/serie-foundation-entre-na-vida-espiritual\/"]}]},{"@type":"ImageObject","inLanguage":"pt-BR","@id":"https:\/\/theuog.org\/pt-br\/serie-foundation-entre-na-vida-espiritual\/#primaryimage","url":"https:\/\/theuog.org\/wp-content\/uploads\/2022\/07\/aboutsis-300x91.png","contentUrl":"https:\/\/theuog.org\/wp-content\/uploads\/2022\/07\/aboutsis-300x91.png"},{"@type":"BreadcrumbList","@id":"https:\/\/theuog.org\/pt-br\/serie-foundation-entre-na-vida-espiritual\/#breadcrumb","itemListElement":[{"@type":"ListItem","position":1,"name":"Home","item":"https:\/\/theuog.org\/"},{"@type":"ListItem","position":2,"name":"S\u00e9rie Foundation: Entre na vida espiritual"}]},{"@type":"WebSite","@id":"https:\/\/theuog.org\/#website","url":"https:\/\/theuog.org\/","name":"The University Of God","description":"Sense knowledge ceases when revelation comes.","publisher":{"@id":"https:\/\/theuog.org\/#organization"},"potentialAction":[{"@type":"SearchAction","target":{"@type":"EntryPoint","urlTemplate":"https:\/\/theuog.org\/?s={search_term_string}"},"query-input":{"@type":"PropertyValueSpecification","valueRequired":true,"valueName":"search_term_string"}}],"inLanguage":"pt-BR"},{"@type":"Organization","@id":"https:\/\/theuog.org\/#organization","name":"The University Of God","url":"https:\/\/theuog.org\/","logo":{"@type":"ImageObject","inLanguage":"pt-BR","@id":"https:\/\/theuog.org\/#\/schema\/logo\/image\/","url":"https:\/\/theuog.org\/wp-content\/uploads\/2022\/05\/theuog_gold_logo-top.png","contentUrl":"https:\/\/theuog.org\/wp-content\/uploads\/2022\/05\/theuog_gold_logo-top.png","width":532,"height":170,"caption":"The University Of God"},"image":{"@id":"https:\/\/theuog.org\/#\/schema\/logo\/image\/"}}]}},"jetpack_sharing_enabled":true,"_links":{"self":[{"href":"https:\/\/theuog.org\/pt-br\/wp-json\/wp\/v2\/pages\/1048083","targetHints":{"allow":["GET"]}}],"collection":[{"href":"https:\/\/theuog.org\/pt-br\/wp-json\/wp\/v2\/pages"}],"about":[{"href":"https:\/\/theuog.org\/pt-br\/wp-json\/wp\/v2\/types\/page"}],"author":[{"embeddable":true,"href":"https:\/\/theuog.org\/pt-br\/wp-json\/wp\/v2\/users\/1"}],"replies":[{"embeddable":true,"href":"https:\/\/theuog.org\/pt-br\/wp-json\/wp\/v2\/comments?post=1048083"}],"version-history":[{"count":1,"href":"https:\/\/theuog.org\/pt-br\/wp-json\/wp\/v2\/pages\/1048083\/revisions"}],"predecessor-version":[{"id":1048098,"href":"https:\/\/theuog.org\/pt-br\/wp-json\/wp\/v2\/pages\/1048083\/revisions\/1048098"}],"wp:attachment":[{"href":"https:\/\/theuog.org\/pt-br\/wp-json\/wp\/v2\/media?parent=1048083"}],"curies":[{"name":"wp","href":"https:\/\/api.w.org\/{rel}","templated":true}]}}