{"id":1048102,"date":"2022-08-19T20:56:22","date_gmt":"2022-08-19T18:56:22","guid":{"rendered":"https:\/\/theuog.org\/politica-de-privacidade\/"},"modified":"2025-02-26T02:22:56","modified_gmt":"2025-02-26T01:22:56","slug":"politica-de-privacidade","status":"publish","type":"page","link":"https:\/\/theuog.org\/pt-br\/politica-de-privacidade\/","title":{"rendered":"Pol\u00edtica de privacidade"},"content":{"rendered":"<div class=\"vgblk-rw-wrapper limit-wrapper\">\n<p><strong>AVISO DE PRIVACIDADE<\/strong><br\/><strong>Em vigor desde 01 de junho de 2022<br\/>\u00daltima atualiza\u00e7\u00e3o em 12 de mar\u00e7o de 2023<\/strong><\/p>\n\n<p>A <strong>COLETA DE DADOS PESSOAIS:<\/strong> A equipe da UOG coleta informa\u00e7\u00f5es pessoais fornecidas por voc\u00ea. Coletamos seus dados em conex\u00e3o com qualquer formul\u00e1rio que voc\u00ea preencha no site (theuog.org) e os usamos apenas para cumprir nossos objetivos de promover a f\u00e9 crist\u00e3. <\/p>\n\n<p><strong>SITE E COOKIES:<\/strong> N\u00e3o coletamos nenhuma informa\u00e7\u00e3o pessoal sobre voc\u00ea a partir de suas visitas passageiras ao site. As \u00fanicas informa\u00e7\u00f5es pessoais que coletamos s\u00e3o fornecidas por voc\u00ea por e-mail, telefone, WhatsApp ou em resposta a um dos formul\u00e1rios do site. <\/p>\n\n<p><strong>CONTE\u00daDO INCORPORADO:<\/strong> algumas p\u00e1ginas deste site podem incluir conte\u00fado incorporado (por exemplo, v\u00eddeos) de outros sites. Isso se comporta exatamente da mesma forma como se o visitante tivesse visitado o outro site. Esses sites podem coletar dados sobre voc\u00ea, usar cookies, incorporar rastreamento adicional de terceiros e monitorar sua intera\u00e7\u00e3o com esse conte\u00fado incorporado, inclusive rastrear sua intera\u00e7\u00e3o com o conte\u00fado incorporado se voc\u00ea tiver uma conta e estiver conectado a esse site.  <\/p>\n\n<p><strong>ARMAZENAMENTO DE SEUS DADOS: <\/strong>Mantemos suas informa\u00e7\u00f5es pessoais somente pelo tempo necess\u00e1rio para a finalidade para a qual voc\u00ea as forneceu. Atendemos a todas as solicita\u00e7\u00f5es dos usu\u00e1rios para excluir seus dados pessoais. <\/p>\n\n<p><strong>TRANSFER\u00caNCIA DE SEUS DADOS PARA TERCEIROS: <\/strong>Com exce\u00e7\u00e3o dos dados necess\u00e1rios para processar doa\u00e7\u00f5es (consulte Informa\u00e7\u00f5es financeiras abaixo), seus dados n\u00e3o s\u00e3o compartilhados com nenhuma outra organiza\u00e7\u00e3o, nem s\u00e3o usados para qualquer finalidade comercial.<\/p>\n\n<p><strong>SEGURAN\u00c7A DOS DADOS:<\/strong> os dados s\u00e3o mantidos em seguran\u00e7a, e aqueles que trabalham com a equipe da UOG s\u00e3o cuidadosamente instru\u00eddos a respeitar a privacidade das informa\u00e7\u00f5es que veem.<\/p>\n\n<p><strong>INFORMA\u00c7\u00d5ES FINANCEIRAS: <\/strong>quando voc\u00ea usar esta plataforma para fazer uma doa\u00e7\u00e3o, coletaremos apenas seu nome e endere\u00e7o de e-mail e a mensagem em qualquer coment\u00e1rio que voc\u00ea incluir. N\u00e3o temos acesso \u00e0s suas informa\u00e7\u00f5es financeiras, que s\u00e3o gerenciadas com seguran\u00e7a por um gateway de pagamento ou ag\u00eancia de cart\u00e3o de cr\u00e9dito. Usamos a Fundraise Up para processar doa\u00e7\u00f5es em nosso site. Os dados s\u00e3o compartilhados com a Fundraise Up apenas para fins de presta\u00e7\u00e3o de servi\u00e7os.   <\/p>\n\n<p><strong>ALTERA\u00c7\u00d5ES A ESTA DECLARA\u00c7\u00c3O DE PRIVACIDADE:<\/strong> Se a UOG alterar sua Declara\u00e7\u00e3o de Privacidade, essas altera\u00e7\u00f5es ser\u00e3o publicadas neste local.<\/p>\n\n<p><strong>MAIS INFORMA\u00c7\u00d5ES: <\/strong>se voc\u00ea tiver outras d\u00favidas sobre nossa Pol\u00edtica de Privacidade, entre em contato com privacy@theuog.org<\/p>\n\n<p><strong>DETALHES COMERCIAIS: <\/strong>A Universidade de Deus \u00e9 uma marca registrada da Ruth Bousso Ltd, uma empresa registrada no Reino Unido com o n\u00famero de empresa 14305189 e endere\u00e7o de escrit\u00f3rio registrado 8 Water Street, Liverpool, L2 8TD.<br\/>Alguns aspectos administrativos das opera\u00e7\u00f5es da UOG s\u00e3o realizados em parceria com a God&#8217;s Heart TV, uma empresa sem fins lucrativos registrada no Reino Unido.<\/p>\n<\/div><!-- .vgblk-rw-wrapper -->","protected":false},"excerpt":{"rendered":"<p>AVISO DE PRIVACIDADEEm vigor desde 01 de junho de 2022\u00daltima atualiza\u00e7\u00e3o em 12 de mar\u00e7o de 2023 A COLETA DE DADOS PESSOAIS: A equipe da UOG coleta informa\u00e7\u00f5es pessoais fornecidas&#8230;<\/p>\n","protected":false},"author":1,"featured_media":0,"parent":0,"menu_order":0,"comment_status":"closed","ping_status":"closed","template":"","meta":{"footnotes":""},"class_list":["post-1048102","page","type-page","status-publish","hentry"],"yoast_head":"<!-- This site is optimized with the Yoast SEO plugin v27.3 - https:\/\/yoast.com\/product\/yoast-seo-wordpress\/ -->\n<title>Pol\u00edtica de privacidade - The University Of God<\/title>\n<meta name=\"robots\" content=\"index, follow, max-snippet:-1, max-image-preview:large, max-video-preview:-1\" \/>\n<link rel=\"canonical\" href=\"https:\/\/theuog.org\/pt-br\/politica-de-privacidade\/\" \/>\n<meta property=\"og:locale\" content=\"pt_BR\" \/>\n<meta property=\"og:type\" content=\"article\" \/>\n<meta property=\"og:title\" content=\"Pol\u00edtica de privacidade - The University Of God\" \/>\n<meta property=\"og:description\" content=\"AVISO DE PRIVACIDADEEm vigor desde 01 de junho de 2022\u00daltima atualiza\u00e7\u00e3o em 12 de mar\u00e7o de 2023 A COLETA DE DADOS PESSOAIS: A equipe da UOG coleta informa\u00e7\u00f5es pessoais fornecidas...\" \/>\n<meta property=\"og:url\" content=\"https:\/\/theuog.org\/pt-br\/politica-de-privacidade\/\" \/>\n<meta property=\"og:site_name\" content=\"The University Of God\" \/>\n<meta property=\"article:modified_time\" content=\"2025-02-26T01:22:56+00:00\" \/>\n<meta name=\"twitter:card\" content=\"summary_large_image\" \/>\n<meta name=\"twitter:label1\" content=\"Est. tempo de leitura\" \/>\n\t<meta name=\"twitter:data1\" content=\"3 minutos\" \/>\n<script type=\"application\/ld+json\" class=\"yoast-schema-graph\">{\"@context\":\"https:\\\/\\\/schema.org\",\"@graph\":[{\"@type\":\"WebPage\",\"@id\":\"https:\\\/\\\/theuog.org\\\/pt-br\\\/politica-de-privacidade\\\/\",\"url\":\"https:\\\/\\\/theuog.org\\\/pt-br\\\/politica-de-privacidade\\\/\",\"name\":\"Pol\u00edtica de privacidade - The University Of God\",\"isPartOf\":{\"@id\":\"https:\\\/\\\/theuog.org\\\/#website\"},\"datePublished\":\"2022-08-19T18:56:22+00:00\",\"dateModified\":\"2025-02-26T01:22:56+00:00\",\"breadcrumb\":{\"@id\":\"https:\\\/\\\/theuog.org\\\/pt-br\\\/politica-de-privacidade\\\/#breadcrumb\"},\"inLanguage\":\"pt-BR\",\"potentialAction\":[{\"@type\":\"ReadAction\",\"target\":[\"https:\\\/\\\/theuog.org\\\/pt-br\\\/politica-de-privacidade\\\/\"]}]},{\"@type\":\"BreadcrumbList\",\"@id\":\"https:\\\/\\\/theuog.org\\\/pt-br\\\/politica-de-privacidade\\\/#breadcrumb\",\"itemListElement\":[{\"@type\":\"ListItem\",\"position\":1,\"name\":\"Home\",\"item\":\"https:\\\/\\\/theuog.org\\\/\"},{\"@type\":\"ListItem\",\"position\":2,\"name\":\"Pol\u00edtica de privacidade\"}]},{\"@type\":\"WebSite\",\"@id\":\"https:\\\/\\\/theuog.org\\\/#website\",\"url\":\"https:\\\/\\\/theuog.org\\\/\",\"name\":\"The University Of God\",\"description\":\"Sense knowledge ceases when revelation comes.\",\"publisher\":{\"@id\":\"https:\\\/\\\/theuog.org\\\/#organization\"},\"potentialAction\":[{\"@type\":\"SearchAction\",\"target\":{\"@type\":\"EntryPoint\",\"urlTemplate\":\"https:\\\/\\\/theuog.org\\\/?s={search_term_string}\"},\"query-input\":{\"@type\":\"PropertyValueSpecification\",\"valueRequired\":true,\"valueName\":\"search_term_string\"}}],\"inLanguage\":\"pt-BR\"},{\"@type\":\"Organization\",\"@id\":\"https:\\\/\\\/theuog.org\\\/#organization\",\"name\":\"The University Of God\",\"url\":\"https:\\\/\\\/theuog.org\\\/\",\"logo\":{\"@type\":\"ImageObject\",\"inLanguage\":\"pt-BR\",\"@id\":\"https:\\\/\\\/theuog.org\\\/#\\\/schema\\\/logo\\\/image\\\/\",\"url\":\"https:\\\/\\\/theuog.org\\\/wp-content\\\/uploads\\\/2022\\\/05\\\/theuog_gold_logo-top.png\",\"contentUrl\":\"https:\\\/\\\/theuog.org\\\/wp-content\\\/uploads\\\/2022\\\/05\\\/theuog_gold_logo-top.png\",\"width\":532,\"height\":170,\"caption\":\"The University Of God\"},\"image\":{\"@id\":\"https:\\\/\\\/theuog.org\\\/#\\\/schema\\\/logo\\\/image\\\/\"}}]}<\/script>\n<!-- \/ Yoast SEO plugin. -->","yoast_head_json":{"title":"Pol\u00edtica de privacidade - The University Of God","robots":{"index":"index","follow":"follow","max-snippet":"max-snippet:-1","max-image-preview":"max-image-preview:large","max-video-preview":"max-video-preview:-1"},"canonical":"https:\/\/theuog.org\/pt-br\/politica-de-privacidade\/","og_locale":"pt_BR","og_type":"article","og_title":"Pol\u00edtica de privacidade - The University Of God","og_description":"AVISO DE PRIVACIDADEEm vigor desde 01 de junho de 2022\u00daltima atualiza\u00e7\u00e3o em 12 de mar\u00e7o de 2023 A COLETA DE DADOS PESSOAIS: A equipe da UOG coleta informa\u00e7\u00f5es pessoais fornecidas...","og_url":"https:\/\/theuog.org\/pt-br\/politica-de-privacidade\/","og_site_name":"The University Of God","article_modified_time":"2025-02-26T01:22:56+00:00","twitter_card":"summary_large_image","twitter_misc":{"Est. tempo de leitura":"3 minutos"},"schema":{"@context":"https:\/\/schema.org","@graph":[{"@type":"WebPage","@id":"https:\/\/theuog.org\/pt-br\/politica-de-privacidade\/","url":"https:\/\/theuog.org\/pt-br\/politica-de-privacidade\/","name":"Pol\u00edtica de privacidade - The University Of God","isPartOf":{"@id":"https:\/\/theuog.org\/#website"},"datePublished":"2022-08-19T18:56:22+00:00","dateModified":"2025-02-26T01:22:56+00:00","breadcrumb":{"@id":"https:\/\/theuog.org\/pt-br\/politica-de-privacidade\/#breadcrumb"},"inLanguage":"pt-BR","potentialAction":[{"@type":"ReadAction","target":["https:\/\/theuog.org\/pt-br\/politica-de-privacidade\/"]}]},{"@type":"BreadcrumbList","@id":"https:\/\/theuog.org\/pt-br\/politica-de-privacidade\/#breadcrumb","itemListElement":[{"@type":"ListItem","position":1,"name":"Home","item":"https:\/\/theuog.org\/"},{"@type":"ListItem","position":2,"name":"Pol\u00edtica de privacidade"}]},{"@type":"WebSite","@id":"https:\/\/theuog.org\/#website","url":"https:\/\/theuog.org\/","name":"The University Of God","description":"Sense knowledge ceases when revelation comes.","publisher":{"@id":"https:\/\/theuog.org\/#organization"},"potentialAction":[{"@type":"SearchAction","target":{"@type":"EntryPoint","urlTemplate":"https:\/\/theuog.org\/?s={search_term_string}"},"query-input":{"@type":"PropertyValueSpecification","valueRequired":true,"valueName":"search_term_string"}}],"inLanguage":"pt-BR"},{"@type":"Organization","@id":"https:\/\/theuog.org\/#organization","name":"The University Of God","url":"https:\/\/theuog.org\/","logo":{"@type":"ImageObject","inLanguage":"pt-BR","@id":"https:\/\/theuog.org\/#\/schema\/logo\/image\/","url":"https:\/\/theuog.org\/wp-content\/uploads\/2022\/05\/theuog_gold_logo-top.png","contentUrl":"https:\/\/theuog.org\/wp-content\/uploads\/2022\/05\/theuog_gold_logo-top.png","width":532,"height":170,"caption":"The University Of God"},"image":{"@id":"https:\/\/theuog.org\/#\/schema\/logo\/image\/"}}]}},"jetpack_sharing_enabled":true,"_links":{"self":[{"href":"https:\/\/theuog.org\/pt-br\/wp-json\/wp\/v2\/pages\/1048102","targetHints":{"allow":["GET"]}}],"collection":[{"href":"https:\/\/theuog.org\/pt-br\/wp-json\/wp\/v2\/pages"}],"about":[{"href":"https:\/\/theuog.org\/pt-br\/wp-json\/wp\/v2\/types\/page"}],"author":[{"embeddable":true,"href":"https:\/\/theuog.org\/pt-br\/wp-json\/wp\/v2\/users\/1"}],"replies":[{"embeddable":true,"href":"https:\/\/theuog.org\/pt-br\/wp-json\/wp\/v2\/comments?post=1048102"}],"version-history":[{"count":1,"href":"https:\/\/theuog.org\/pt-br\/wp-json\/wp\/v2\/pages\/1048102\/revisions"}],"predecessor-version":[{"id":1048104,"href":"https:\/\/theuog.org\/pt-br\/wp-json\/wp\/v2\/pages\/1048102\/revisions\/1048104"}],"wp:attachment":[{"href":"https:\/\/theuog.org\/pt-br\/wp-json\/wp\/v2\/media?parent=1048102"}],"curies":[{"name":"wp","href":"https:\/\/api.w.org\/{rel}","templated":true}]}}