{"id":1048139,"date":"2022-08-19T21:14:50","date_gmt":"2022-08-19T19:14:50","guid":{"rendered":"https:\/\/theuog.org\/cookies\/"},"modified":"2025-02-26T02:23:40","modified_gmt":"2025-02-26T01:23:40","slug":"cookies","status":"publish","type":"page","link":"https:\/\/theuog.org\/pt-br\/cookies\/","title":{"rendered":"Cookies"},"content":{"rendered":"<div class=\"vgblk-rw-wrapper limit-wrapper\">\n<p>Esta Pol\u00edtica de Cookies se aplica aos seguintes Servi\u00e7os: THEUOG.ORG, RACINEANDRUTH.ORG e todos os seus subdom\u00ednios.<br\/>O THEUOG.ORG &amp; RACINEANDRUTH.ORG pode modificar a qualquer momento e sem aviso pr\u00e9vio, mas sujeito a men\u00e7\u00e3o especial, toda ou parte desta pol\u00edtica relativa a cookies em servi\u00e7os publicados pelo THEUOG.ORG &amp; RACINEANDRUTH.ORG.<\/p>\n\n<h2 class=\"wp-block-heading\">DEFINI\u00c7\u00d5ES<\/h2>\n\n<p>I- Geral<br\/>O QUE \u00c9 UM COOKIE?<br\/>QUAIS DADOS DE NAVEGA\u00c7\u00c3O S\u00c3O COLETADOS ATRAV\u00c9S DE COOKIES?<br\/>POR QUE OS COOKIES EST\u00c3O PRESENTES EM NOSSOS SERVI\u00c7OS?<br\/>QUEM DEP\u00d5E COOKIES?<br\/>QUAL \u00c9 O PER\u00cdODO DE CONSERVA\u00c7\u00c3O DOS COOKIES?<\/p>\n\n<p>II- Os v\u00e1rios cookies que s\u00e3o objeto de um dep\u00f3sito<\/p>\n\n<p>III- Gerenciamento de cookies<br\/>A) ACEITA\u00c7\u00c3O DE COOKIES<br\/>B) RETIRADA DE COOKIES<\/p>\n\n<h2 class=\"wp-block-heading\">QUAIS DADOS DE NAVEGA\u00c7\u00c3O S\u00c3O COLETADOS POR MEIO DE COOKIES?<\/h2>\n\n<p>Os cookies podem coletar todos os dados (doravante denominados &#8220;Dados de navega\u00e7\u00e3o&#8221;) relacionados a um terminal em um determinado momento, mesmo que n\u00e3o saibamos diretamente qual terminal voc\u00ea est\u00e1 usando, nem quem voc\u00ea \u00e9, em particular:<br\/>A identifica\u00e7\u00e3o e o conte\u00fado de um arquivo Cookie armazenado pelo THEUOG.ORG &amp; RACINEANDRUTH.ORG, nossos subcontratados ou nossos parceiros em seu terminal;<br\/>O endere\u00e7o IP do terminal conectado ao(s) Servi\u00e7o(s);<br\/>IDFA (ID for Advertising) ou IDFV (ID for Vendor) para Apple e AID (Android ID) ou GAID (Google Advertising ID) para Android (IDs de publicidade m\u00f3vel);<br\/>A data, a hora e a dura\u00e7\u00e3o da conex\u00e3o de um terminal a um elemento de Servi\u00e7o (s);<br\/>O endere\u00e7o de Internet da p\u00e1gina de origem do terminal que est\u00e1 acessando o(s) Servi\u00e7o(s);<br\/>O tipo de sistema operacional do terminal (ex.: Windows, MacOs, Linux, Unix, BeOS, etc.);<br\/>O tipo e a vers\u00e3o do software de navega\u00e7\u00e3o usado pelo terminal (Internet Explorer, Firefox, Safari, Chrome, Opera, etc.);<br\/>Poss\u00edveis erros de download;<br\/>O idioma de uso do software de navega\u00e7\u00e3o usado pelo terminal;<br\/>As caracter\u00edsticas do conte\u00fado consultado (nome do programa, dura\u00e7\u00e3o da visualiza\u00e7\u00e3o&#8230;);<br\/>Informa\u00e7\u00f5es sobre transa\u00e7\u00f5es feitas ou iniciadas (produtos em quest\u00e3o, tipo de transa\u00e7\u00f5es&#8230;).<\/p>\n\n<h2 class=\"wp-block-heading\">POR QUE OS COOKIES EST\u00c3O PRESENTES EM NOSSOS SERVI\u00c7OS?<\/h2>\n\n<p>Os cookies nos permitem, inclusive:<br\/>De forma global, voc\u00ea pode navegar e consultar nossos sites e\/ou aplicativos, adaptar o conte\u00fado ou a exibi\u00e7\u00e3o de nossos servi\u00e7os ao seu terminal para melhorar sua navega\u00e7\u00e3o e otimizar nossos sites e\/ou aplicativos;<br\/>Lembrar informa\u00e7\u00f5es relacionadas a um formul\u00e1rio j\u00e1 preenchido (por exemplo, sua conta de usu\u00e1rio) ou relacionadas a produtos, servi\u00e7os ou informa\u00e7\u00f5es de nossos servi\u00e7os (por exemplo, conte\u00fados consultados etc.);<br\/>Personalizar nosso conte\u00fado e an\u00fancios, de acordo com seus interesses;<br\/>Estabelecer estat\u00edsticas e medi\u00e7\u00f5es de p\u00fablico sobre a frequ\u00eancia de nossos sites e\/ou aplicativos;<br\/>Permitir que voc\u00ea compartilhe em redes sociais;<br\/>Otimizar a distribui\u00e7\u00e3o e avaliar a efic\u00e1cia das mensagens publicit\u00e1rias que enviamos;<br\/>Garantir a seguran\u00e7a de nossos servi\u00e7os, sites e\/ou aplicativos detectando\/rastreando qualquer tentativa maliciosa, invas\u00e3o de computador ou viola\u00e7\u00e3o dos termos de uso (CGU);<br\/>Cumprir nossas obriga\u00e7\u00f5es legais, responder a quaisquer solicita\u00e7\u00f5es de terceiros autorizados por lei a nos pedir para fornecer dados de navega\u00e7\u00e3o e\/ou dados pessoais dos usu\u00e1rios de nossos servi\u00e7os.<\/p>\n\n<h2 class=\"wp-block-heading\">QUEM DEPOSITA COOKIES?<\/h2>\n\n<p>Sujeito ao seu consentimento e \u00e0 escolha da configura\u00e7\u00e3o do seu terminal (computador, tablet, smartphone etc.) e\/ou do seu navegador, quando voc\u00ea acessa nossos Servi\u00e7os, os Cookies podem ser depositados por:<\/p>\n\n<p>O editor do Servi\u00e7o e os outros departamentos da THEUOG.ORG &amp; RACINEANDRUTH.ORG, em particular como parte da conta de usu\u00e1rio exclusiva que d\u00e1 a voc\u00ea acesso aos nossos Servi\u00e7os em quest\u00e3o. O termo &#8220;THEUOG.ORG &amp; RACINEANDRUTH.ORG&#8221; refere-se \u00e0 THEUOG.ORG &amp; RACINEANDRUTH.ORG e a todos os dom\u00ednios e subdom\u00ednios controlados direta ou indiretamente pela THEUOG.ORG &amp; RACINEANDRUTH.ORG. <\/p>\n\n<p>Os subcontratados da THEUOG.ORG &amp; RACINEANDRUTH.ORG, ou seja, os provedores de servi\u00e7os t\u00e9cnicos que processam seus dados de navega\u00e7\u00e3o em nome das entidades THEUOG.ORG &amp; RACINEANDRUTH.ORG, de acordo com o Artigo 28 do GDPR;<\/p>\n\n<p>Parceiros, ou seja, anunciantes, corretores de dados e qualquer outro destinat\u00e1rio, que tenham celebrado um contrato com a entidade THEUOG.ORG &amp; RACINEANDRUTH.ORG para o fornecimento de dados ou um acordo de prote\u00e7\u00e3o de dados. Nesse caso, informamos a voc\u00ea que os Cookies de nossos Parceiros s\u00e3o publicidade direcionada e cria\u00e7\u00e3o de perfil e transmitiremos sua solicita\u00e7\u00e3o para exercer o direito de oposi\u00e7\u00e3o ao dep\u00f3sito de Cookies. <\/p>\n\n<p>Terceiros n\u00e3o autorizados, ou seja, anunciantes, ag\u00eancias de publicidade, corretores de dados, intermedi\u00e1rios program\u00e1ticos e qualquer outra pessoa, que n\u00e3o tenham celebrado com a entidade THEUOG.ORG &amp; RACINEANDRUTH.ORG um contrato que regule o fornecimento de dados ou um acordo relativo \u00e0 prote\u00e7\u00e3o de dados. Informamos a voc\u00ea que proibimos, nos T &amp; Cs do theuog.org, racineandruth.org e todos os seus subdom\u00ednios, o dep\u00f3sito de cookies por terceiros n\u00e3o autorizados. Nesse caso, na medida em que n\u00e3o temos controle sobre o dep\u00f3sito desses cookies, convidamos voc\u00ea a consultar as pol\u00edticas de prote\u00e7\u00e3o de dados pessoais e cookies desses terceiros n\u00e3o autorizados, a fim de conhecer as finalidades do tratamento, incluindo publicidade e categorias de dados coletados, bem como os meios de oposi\u00e7\u00e3o oferecidos por esses Terceiros N\u00e3o Autorizados.  <\/p>\n\n<h2 class=\"wp-block-heading\">QUAL \u00c9 O PER\u00cdODO DE CONSERVA\u00c7\u00c3O DOS COOKIES?<\/h2>\n\n<p>Os Cookies depositados pelo THEUOG.ORG &amp; RACINEANDRUTH.ORG, nossos Subcontratados e nossos Parceiros, bem como os Dados de Navega\u00e7\u00e3o coletados, s\u00e3o mantidos por um per\u00edodo m\u00e1ximo de treze (13) meses a partir do dep\u00f3sito em seu terminal. Ao final desse per\u00edodo, o seu consentimento ser\u00e1 solicitado novamente. <\/p>\n\n<p>II- Os v\u00e1rios cookies que s\u00e3o objeto de um dep\u00f3sito<br\/>Sujeito ao seu consentimento e \u00e0 configura\u00e7\u00e3o do seu navegador, os Cookies podem ser instalados no seu dispositivo quando voc\u00ea acessa nossos Servi\u00e7os, incluindo:<br\/>Cookies estritamente necess\u00e1rios para os Servi\u00e7os:<\/p>\n\n<p>1.1 Cookies de funcionalidade, cookies de prefer\u00eancia e cookies Flash:<\/p>\n\n<p>Esses cookies podem ser arquivados por THEUOG.ORG &amp; RACINEANDRUTH.ORG, nossos subcontratados ou nossos parceiros e permitem:<br\/>acessar informa\u00e7\u00f5es de configura\u00e7\u00e3o do navegador e\/ou terminal, incluindo resolu\u00e7\u00e3o de tela, idioma, configura\u00e7\u00f5es de seguran\u00e7a, etc.;<br\/>melhorar seu conforto de navega\u00e7\u00e3o para garantir o uso ideal;<br\/>desfrutar da reprodu\u00e7\u00e3o de \u00e1udio e v\u00eddeo do conte\u00fado em nossos Servi\u00e7os;<br\/>permitir a personaliza\u00e7\u00e3o de sua navega\u00e7\u00e3o e memorizar suas prefer\u00eancias, a fim de adaptar a apresenta\u00e7\u00e3o de nossos Servi\u00e7os.<\/p>\n\n<p>1.2 Cookies de sess\u00e3o do usu\u00e1rio:<\/p>\n\n<p>Os cookies de sess\u00e3o do usu\u00e1rio registram as informa\u00e7\u00f5es que voc\u00ea preencheu usando nossos formul\u00e1rios quando se registrou em um de nossos Servi\u00e7os. Essas tecnologias nos permitem reconhec\u00ea-lo assim que voc\u00ea se conecta a um de nossos Servi\u00e7os e acessa sua conta de usu\u00e1rio exclusiva, dando-lhe acesso aos nossos Servi\u00e7os. <\/p>\n\n<p>Cookies de publicidade:<br\/>Os cookies de publicidade, que podem estar presentes em nosso espa\u00e7o publicit\u00e1rio, s\u00e3o registrados pelo THEUOG.ORG &amp; RACINEANDRUTH.ORG, nossos subcontratados, nossos parceiros e\/ou terceiros n\u00e3o autorizados. Eles permitem acompanhar sua navega\u00e7\u00e3o\/intera\u00e7\u00e3o em nossos Servi\u00e7os, a fim de criar perfis, com base nos quais adaptamos os an\u00fancios que lhe s\u00e3o propostos em nossos Servi\u00e7os, de acordo com seus centros de interesse, de seu terminal, de sua navega\u00e7\u00e3o (em nossos Servi\u00e7os ou em outros sites que depositam Cookies semelhantes), seus dados de localiza\u00e7\u00e3o (desde que voc\u00ea tenha consentido) ou Dados de Navega\u00e7\u00e3o que voc\u00ea possa ter fornecido. <\/p>\n\n<p>Medi\u00e7\u00e3o de audi\u00eancia e cookies anal\u00edticos:<br\/>THEUOG.ORG &amp; RACINEANDRUTH.ORG, nossos subcontratados e nossos parceiros podem registrar cookies de medi\u00e7\u00e3o de audi\u00eancia, a fim de estabelecer estat\u00edsticas sobre o n\u00famero de visitas e o uso de nossos Servi\u00e7os. \u00c9 poss\u00edvel obter estat\u00edsticas de presen\u00e7a, exibi\u00e7\u00e3o, an\u00fancios em nosso espa\u00e7o publicit\u00e1rio e intera\u00e7\u00e3o do usu\u00e1rio com esses espa\u00e7os. Eles tamb\u00e9m ajudam a rastrear as faturas de nossos Parceiros.  <\/p>\n\n<p>Compartilhamento de cookies via redes sociais:<br\/>Os cookies podem ser colocados em seu terminal (computador, tablet, smartphone etc.) por sites de redes sociais. Eles permitem que os sites de redes sociais rastreiem sua navega\u00e7\u00e3o em nossos Servi\u00e7os, especialmente quando sua conta de rede social est\u00e1 ativada em seu dispositivo (sess\u00e3o aberta) durante sua navega\u00e7\u00e3o. <\/p>\n\n<p>Cookies para personaliza\u00e7\u00e3o de conte\u00fado:<br\/>Web beacons e tecnologias semelhantes podem ser enviados pela THEUOG.ORG &amp; RACINEANDRUTH.ORG ou por nossos Subcontratados para monitorar o uso de nossos Servi\u00e7os, em particular para melhorar sua experi\u00eancia de usu\u00e1rio, fornecer a voc\u00ea conte\u00fado personalizado, de acordo com seus centros e entender se nossos usu\u00e1rios leem e-mails e clicam nos links inseridos em nossas mensagens, para que possamos distribuir conte\u00fado e ofertas relevantes. Eles tamb\u00e9m podem ser enviados por nossos Parceiros para coletar determinadas informa\u00e7\u00f5es, como seu tipo de navegador e a p\u00e1gina da Web que voc\u00ea visitou antes de chegar aos nossos Servi\u00e7os, para fins de auditoria, pesquisa e para declarar informa\u00e7\u00f5es sobre nossos Servi\u00e7os e os an\u00fancios visualizados em nossos Servi\u00e7os. <\/p>\n\n<p>Cookies para coletar dados especificamente relacionados ao seu dispositivo m\u00f3vel:<br\/>Sujeito ao seu consentimento e \u00e0 configura\u00e7\u00e3o do seu dispositivo m\u00f3vel, os Cookies podem ser instalados no seu dispositivo quando voc\u00ea acessa nossos Servi\u00e7os por meio de nossos aplicativos, incluindo cookies para coletar dados especificamente relacionados ao seu dispositivo m\u00f3vel (dispositivo m\u00f3vel, celular, tablet, etc.), como o modelo do seu telefone, a vers\u00e3o do seu sistema operacional, conectividade, nome e vers\u00e3o do aplicativo que voc\u00ea est\u00e1 usando.<\/p>\n\n<p>Esses Cookies provavelmente ser\u00e3o depositados pela THEUOG.ORG &amp; RACINEANDRUTH.ORG e nossos Parceiros e s\u00e3o necess\u00e1rios para o bom funcionamento de nossos aplicativos, para que possamos fornecer a voc\u00ea um Servi\u00e7o e an\u00fancios, adaptados \u00e0s caracter\u00edsticas t\u00e9cnicas do seu dispositivo e para medir o p\u00fablico de nossos aplicativos.<\/p>\n\n<p>Al\u00e9m disso, os cookies podem ser enviados pela THEUOG.ORG &amp; RACINEANDRUTH.ORG ou por nossos parceiros, sujeitos ao seu consentimento, para identificar a localiza\u00e7\u00e3o f\u00edsica do seu dispositivo m\u00f3vel (geolocaliza\u00e7\u00e3o) para inform\u00e1-lo sobre ofertas que possam interess\u00e1-lo e melhorar sua experi\u00eancia de usu\u00e1rio no aplicativo m\u00f3vel visualizado.<\/p>\n\n<p>III- GEST\u00c3O DE COOKIES<br\/>A) ACEITA\u00c7\u00c3O DE COOKIES<br\/>O dep\u00f3sito de um Cookie requer seu consentimento pr\u00e9vio. Informamos que, ao continuar sua navega\u00e7\u00e3o em nossos Servi\u00e7os (em especial por meio de uma a\u00e7\u00e3o positiva (rolagem, clique em um elemento do Servi\u00e7o (imagem, link, bot\u00e3o &#8220;pesquisar&#8221;)), voc\u00ea aceita o dep\u00f3sito de Cookies em seu terminal por n\u00f3s e pelos Parceiros para os fins especificados acima. <\/p>\n\n<p>B) REJEI\u00c7\u00c3O DE COOKIES<br\/>Voc\u00ea tem a op\u00e7\u00e3o de recusar o dep\u00f3sito de Cookies em seu terminal. No entanto, gostar\u00edamos de inform\u00e1-lo de que a rejei\u00e7\u00e3o completa de Cookies pode impedir que voc\u00ea aproveite ao m\u00e1ximo os recursos de nossos Servi\u00e7os. Portanto, n\u00f3s nos isentamos de qualquer responsabilidade pelas consequ\u00eancias de poss\u00edveis problemas de funcionamento de nossos Servi\u00e7os resultantes da impossibilidade de registrarmos ou consultarmos os cookies necess\u00e1rios para a opera\u00e7\u00e3o dos Servi\u00e7os e que voc\u00ea tenha recusado ou exclu\u00eddo.  <\/p>\n\n<p>H\u00e1 v\u00e1rias maneiras de desativar os cookies, incluindo:<\/p>\n\n<p>1) A configura\u00e7\u00e3o de seus terminais e de seu navegador<br\/>A configura\u00e7\u00e3o de seu navegador:<br\/>Voc\u00ea tem a op\u00e7\u00e3o de configurar seu navegador para desativar o dep\u00f3sito de cookies. Para fins de precis\u00e3o, a configura\u00e7\u00e3o de cada navegador \u00e9 diferente. Voc\u00ea deve analisar os termos do seu navegador para determinar como alterar seu consentimento para o dep\u00f3sito de cookies.<br\/>Para ajud\u00e1-lo com a configura\u00e7\u00e3o, voc\u00ea pode visitar a p\u00e1gina de ajuda espec\u00edfica do navegador que est\u00e1 usando:<br\/>Microsoft Internet Explorer: https:\/\/support.microsoft.com\/en-us\/help\/17442\/windows-internet-explorer-delete-manage-cookies<br\/>Microsoft Edge: https:\/\/privacy.microsoft.com\/en-us\/windows-10-microsoft-edge-and-privacy<br\/>Google Chrome: https:\/\/support.google.com\/chrome\/answer\/95647?hl=en&amp;hlrm=en<br\/>Mac Safari: https:\/\/support.apple.com\/kb\/PH21411?locale=en_US&amp;viewlocale=en_US<br\/>Safari iPhone \/ iPad: https:\/\/support.apple.com\/en-us\/HT201265<br\/>Firefox: https:\/\/support.mozilla.org\/en\/kb\/activate-deactivate-cookies-preferences?redirectlocale=en&amp;redirectslug=Activate+and+deactivate+cookies<br\/>Opera: http:\/\/help.opera.com\/Windows\/10.20\/en\/cookies.html<br\/>Alguns navegadores tamb\u00e9m oferecem a op\u00e7\u00e3o &#8220;Do not Track&#8221; (ou Modo Privado).  <\/p>\n\n<p>Configurando suas permiss\u00f5es:<br\/>Voc\u00ea tem a possibilidade de modificar as autoriza\u00e7\u00f5es dadas ao fazer o download do aplicativo THE UNIVERSITY OF GOD (exemplo: microfone, posi\u00e7\u00e3o, etc.) acessando os par\u00e2metros do aplicativo m\u00f3vel THE UNIVERSITY OF GOD, acess\u00edvel a partir das configura\u00e7\u00f5es do seu dispositivo m\u00f3vel<\/p>\n\n<p>2) Desativa\u00e7\u00e3o de cookies<br\/>Para modificar suas configura\u00e7\u00f5es e desativar os cookies, convidamos voc\u00ea a ir diretamente aos seguintes endere\u00e7os:<\/p>\n\n<p>Desativa\u00e7\u00e3o de cookies de publicidade<br\/>Outbrain: http:\/\/www.outbrain.fr\/legal\/privacy-713\/<br\/>Acxiom: http:\/\/www.acxiom.fr\/a-propos-d-acxiom\/information-on-the-depot-de-cookie\/<br\/>Exelate: http:\/\/exelate.com\/privacy\/opt-in-opt-out\/<br\/>1000mercis: http:\/\/mmtro.com\/privacy\/<br\/>Nugg.ad: https:\/\/nugg.ad\/fr\/protection-des-donnees\/informations-generales.html<br\/>Krux: http:\/\/www.krux.com\/privacy\/consumer-choice\/<br\/>FreeWheel: http:\/\/freewheel.tv\/stickyads-cookie-management\/<br\/>Sirdata: https:\/\/www.sirdata.com\/opt-out\/<br\/>Bluekai: http:\/\/www.bluekai.com\/consumers.php#optout<br\/>SlimCutMedia: http:\/\/www.slimcutmedia.com\/privacy-policy\/<br\/>Desativa\u00e7\u00e3o de cookies de personaliza\u00e7\u00e3o<br\/>Adobe: https:\/\/www.adobe.com\/en\/privacy\/opt-out.html<br\/>Desativa\u00e7\u00e3o de cookies e estat\u00edsticas de medi\u00e7\u00e3o de p\u00fablico-alvo<br\/>Xiti: http:\/\/www.atinternet.com\/policy-of-respect-of-private-life\/<br\/>Google Analytics: https:\/\/tools.google.com\/dlpage\/gaoptout?hl=en<br\/>AB Tasty: https:\/\/support.abtasty.com\/hc\/en\/articles\/219239327-AB-Tasty-and-CNIL<br\/>Gigya: http:\/\/www.gigya.com\/cookie-policy\/<br\/>M\u00eddia: http:\/\/www.mediametrie.fr\/pages\/cookies.php?page=194<\/p>\n\n<p>Desativando o compartilhamento de cookies por meio de redes sociais<br\/>Para modificar suas configura\u00e7\u00f5es relacionadas ao compartilhamento de cookies por meio de redes sociais, convidamos voc\u00ea a acessar os seguintes endere\u00e7os:<br\/>Facebook: https:\/\/www.facebook.com\/policies\/cookies\/<br\/>Twitter: https:\/\/support.twitter.com\/articles\/20171379#<br\/>Google+: https:\/\/support.google.com\/accounts\/answer\/61416?hl=en<br\/>Desativando Flash Cookies<\/p>\n\n<p>Para modificar suas configura\u00e7\u00f5es, especialmente em rela\u00e7\u00e3o aos Flash Cookies, convidamos voc\u00ea a acessar o seguinte endere\u00e7o: http:\/\/www.adobe.com\/en\/privacy\/opt-out.html#measure.<\/p>\n\n<p>Desativa\u00e7\u00e3o de cookies de terceiros n\u00e3o autorizados:<br\/>Suas op\u00e7\u00f5es on-line: o site http:\/\/www.youronlinechoices.com, criado pela European Digital Advertising Alliance (EDAA), um grupo de profissionais de publicidade, permite que voc\u00ea aceite ou rejeite cookies usados pelas empresas listadas neste site quando visitar os servi\u00e7os delas.<\/p>\n\n<p>A recusa de cookies n\u00e3o impedir\u00e1 a exibi\u00e7\u00e3o de publicidade em nossos Servi\u00e7os. No entanto, essa recusa pode impedir que voc\u00ea acesse nossos Servi\u00e7os em condi\u00e7\u00f5es ideais e impedir a adapta\u00e7\u00e3o do nosso conte\u00fado aos dados de navega\u00e7\u00e3o do seu terminal. <\/p>\n<\/div><!-- .vgblk-rw-wrapper -->","protected":false},"excerpt":{"rendered":"<p>Esta Pol\u00edtica de Cookies se aplica aos seguintes Servi\u00e7os: THEUOG.ORG, RACINEANDRUTH.ORG e todos os seus subdom\u00ednios.O THEUOG.ORG &amp; RACINEANDRUTH.ORG pode modificar a qualquer momento e sem aviso pr\u00e9vio, mas sujeito&#8230;<\/p>\n","protected":false},"author":1,"featured_media":0,"parent":0,"menu_order":0,"comment_status":"closed","ping_status":"closed","template":"","meta":{"footnotes":""},"class_list":["post-1048139","page","type-page","status-publish","hentry"],"yoast_head":"<!-- This site is optimized with the Yoast SEO plugin v27.3 - https:\/\/yoast.com\/product\/yoast-seo-wordpress\/ -->\n<title>Cookies - The University Of God<\/title>\n<meta name=\"robots\" content=\"index, follow, max-snippet:-1, max-image-preview:large, max-video-preview:-1\" \/>\n<link rel=\"canonical\" href=\"https:\/\/theuog.org\/pt-br\/cookies\/\" \/>\n<meta property=\"og:locale\" content=\"pt_BR\" \/>\n<meta property=\"og:type\" content=\"article\" \/>\n<meta property=\"og:title\" content=\"Cookies - The University Of God\" \/>\n<meta property=\"og:description\" content=\"Esta Pol\u00edtica de Cookies se aplica aos seguintes Servi\u00e7os: THEUOG.ORG, RACINEANDRUTH.ORG e todos os seus subdom\u00ednios.O THEUOG.ORG &amp; RACINEANDRUTH.ORG pode modificar a qualquer momento e sem aviso pr\u00e9vio, mas sujeito...\" \/>\n<meta property=\"og:url\" content=\"https:\/\/theuog.org\/pt-br\/cookies\/\" \/>\n<meta property=\"og:site_name\" content=\"The University Of God\" \/>\n<meta property=\"article:modified_time\" content=\"2025-02-26T01:23:40+00:00\" \/>\n<meta name=\"twitter:card\" content=\"summary_large_image\" \/>\n<meta name=\"twitter:label1\" content=\"Est. tempo de leitura\" \/>\n\t<meta name=\"twitter:data1\" content=\"13 minutos\" \/>\n<script type=\"application\/ld+json\" class=\"yoast-schema-graph\">{\"@context\":\"https:\\\/\\\/schema.org\",\"@graph\":[{\"@type\":\"WebPage\",\"@id\":\"https:\\\/\\\/theuog.org\\\/pt-br\\\/cookies\\\/\",\"url\":\"https:\\\/\\\/theuog.org\\\/pt-br\\\/cookies\\\/\",\"name\":\"Cookies - The University Of God\",\"isPartOf\":{\"@id\":\"https:\\\/\\\/theuog.org\\\/#website\"},\"datePublished\":\"2022-08-19T19:14:50+00:00\",\"dateModified\":\"2025-02-26T01:23:40+00:00\",\"breadcrumb\":{\"@id\":\"https:\\\/\\\/theuog.org\\\/pt-br\\\/cookies\\\/#breadcrumb\"},\"inLanguage\":\"pt-BR\",\"potentialAction\":[{\"@type\":\"ReadAction\",\"target\":[\"https:\\\/\\\/theuog.org\\\/pt-br\\\/cookies\\\/\"]}]},{\"@type\":\"BreadcrumbList\",\"@id\":\"https:\\\/\\\/theuog.org\\\/pt-br\\\/cookies\\\/#breadcrumb\",\"itemListElement\":[{\"@type\":\"ListItem\",\"position\":1,\"name\":\"Home\",\"item\":\"https:\\\/\\\/theuog.org\\\/\"},{\"@type\":\"ListItem\",\"position\":2,\"name\":\"Cookies\"}]},{\"@type\":\"WebSite\",\"@id\":\"https:\\\/\\\/theuog.org\\\/#website\",\"url\":\"https:\\\/\\\/theuog.org\\\/\",\"name\":\"The University Of God\",\"description\":\"Sense knowledge ceases when revelation comes.\",\"publisher\":{\"@id\":\"https:\\\/\\\/theuog.org\\\/#organization\"},\"potentialAction\":[{\"@type\":\"SearchAction\",\"target\":{\"@type\":\"EntryPoint\",\"urlTemplate\":\"https:\\\/\\\/theuog.org\\\/?s={search_term_string}\"},\"query-input\":{\"@type\":\"PropertyValueSpecification\",\"valueRequired\":true,\"valueName\":\"search_term_string\"}}],\"inLanguage\":\"pt-BR\"},{\"@type\":\"Organization\",\"@id\":\"https:\\\/\\\/theuog.org\\\/#organization\",\"name\":\"The University Of God\",\"url\":\"https:\\\/\\\/theuog.org\\\/\",\"logo\":{\"@type\":\"ImageObject\",\"inLanguage\":\"pt-BR\",\"@id\":\"https:\\\/\\\/theuog.org\\\/#\\\/schema\\\/logo\\\/image\\\/\",\"url\":\"https:\\\/\\\/theuog.org\\\/wp-content\\\/uploads\\\/2022\\\/05\\\/theuog_gold_logo-top.png\",\"contentUrl\":\"https:\\\/\\\/theuog.org\\\/wp-content\\\/uploads\\\/2022\\\/05\\\/theuog_gold_logo-top.png\",\"width\":532,\"height\":170,\"caption\":\"The University Of God\"},\"image\":{\"@id\":\"https:\\\/\\\/theuog.org\\\/#\\\/schema\\\/logo\\\/image\\\/\"}}]}<\/script>\n<!-- \/ Yoast SEO plugin. -->","yoast_head_json":{"title":"Cookies - The University Of God","robots":{"index":"index","follow":"follow","max-snippet":"max-snippet:-1","max-image-preview":"max-image-preview:large","max-video-preview":"max-video-preview:-1"},"canonical":"https:\/\/theuog.org\/pt-br\/cookies\/","og_locale":"pt_BR","og_type":"article","og_title":"Cookies - The University Of God","og_description":"Esta Pol\u00edtica de Cookies se aplica aos seguintes Servi\u00e7os: THEUOG.ORG, RACINEANDRUTH.ORG e todos os seus subdom\u00ednios.O THEUOG.ORG &amp; RACINEANDRUTH.ORG pode modificar a qualquer momento e sem aviso pr\u00e9vio, mas sujeito...","og_url":"https:\/\/theuog.org\/pt-br\/cookies\/","og_site_name":"The University Of God","article_modified_time":"2025-02-26T01:23:40+00:00","twitter_card":"summary_large_image","twitter_misc":{"Est. tempo de leitura":"13 minutos"},"schema":{"@context":"https:\/\/schema.org","@graph":[{"@type":"WebPage","@id":"https:\/\/theuog.org\/pt-br\/cookies\/","url":"https:\/\/theuog.org\/pt-br\/cookies\/","name":"Cookies - The University Of God","isPartOf":{"@id":"https:\/\/theuog.org\/#website"},"datePublished":"2022-08-19T19:14:50+00:00","dateModified":"2025-02-26T01:23:40+00:00","breadcrumb":{"@id":"https:\/\/theuog.org\/pt-br\/cookies\/#breadcrumb"},"inLanguage":"pt-BR","potentialAction":[{"@type":"ReadAction","target":["https:\/\/theuog.org\/pt-br\/cookies\/"]}]},{"@type":"BreadcrumbList","@id":"https:\/\/theuog.org\/pt-br\/cookies\/#breadcrumb","itemListElement":[{"@type":"ListItem","position":1,"name":"Home","item":"https:\/\/theuog.org\/"},{"@type":"ListItem","position":2,"name":"Cookies"}]},{"@type":"WebSite","@id":"https:\/\/theuog.org\/#website","url":"https:\/\/theuog.org\/","name":"The University Of God","description":"Sense knowledge ceases when revelation comes.","publisher":{"@id":"https:\/\/theuog.org\/#organization"},"potentialAction":[{"@type":"SearchAction","target":{"@type":"EntryPoint","urlTemplate":"https:\/\/theuog.org\/?s={search_term_string}"},"query-input":{"@type":"PropertyValueSpecification","valueRequired":true,"valueName":"search_term_string"}}],"inLanguage":"pt-BR"},{"@type":"Organization","@id":"https:\/\/theuog.org\/#organization","name":"The University Of God","url":"https:\/\/theuog.org\/","logo":{"@type":"ImageObject","inLanguage":"pt-BR","@id":"https:\/\/theuog.org\/#\/schema\/logo\/image\/","url":"https:\/\/theuog.org\/wp-content\/uploads\/2022\/05\/theuog_gold_logo-top.png","contentUrl":"https:\/\/theuog.org\/wp-content\/uploads\/2022\/05\/theuog_gold_logo-top.png","width":532,"height":170,"caption":"The University Of God"},"image":{"@id":"https:\/\/theuog.org\/#\/schema\/logo\/image\/"}}]}},"jetpack_sharing_enabled":true,"_links":{"self":[{"href":"https:\/\/theuog.org\/pt-br\/wp-json\/wp\/v2\/pages\/1048139","targetHints":{"allow":["GET"]}}],"collection":[{"href":"https:\/\/theuog.org\/pt-br\/wp-json\/wp\/v2\/pages"}],"about":[{"href":"https:\/\/theuog.org\/pt-br\/wp-json\/wp\/v2\/types\/page"}],"author":[{"embeddable":true,"href":"https:\/\/theuog.org\/pt-br\/wp-json\/wp\/v2\/users\/1"}],"replies":[{"embeddable":true,"href":"https:\/\/theuog.org\/pt-br\/wp-json\/wp\/v2\/comments?post=1048139"}],"version-history":[{"count":1,"href":"https:\/\/theuog.org\/pt-br\/wp-json\/wp\/v2\/pages\/1048139\/revisions"}],"predecessor-version":[{"id":1048140,"href":"https:\/\/theuog.org\/pt-br\/wp-json\/wp\/v2\/pages\/1048139\/revisions\/1048140"}],"wp:attachment":[{"href":"https:\/\/theuog.org\/pt-br\/wp-json\/wp\/v2\/media?parent=1048139"}],"curies":[{"name":"wp","href":"https:\/\/api.w.org\/{rel}","templated":true}]}}